{"id":2873,"date":"2024-06-25T15:20:20","date_gmt":"2024-06-25T12:20:20","guid":{"rendered":"http:\/\/kaminameister.ee\/?post_type=product&#038;p=2873"},"modified":"2026-02-12T11:49:21","modified_gmt":"2026-02-12T09:49:21","slug":"glasuurahi-borgholm-gabriel-kakelugnar","status":"publish","type":"product","link":"https:\/\/kaminameister.ee\/en\/tooted\/ahjud-kaminahjud\/glasuurahjud\/glasuurahi-borgholm-gabriel-kakelugnar\/","title":{"rendered":"glasuurahi BORGHOLM (Gabriel Kakelugnar)"},"content":{"rendered":"<p><i>Mudel Borgholm on inspireeritud \u00d6landi saare maastikust ja vanadest majadest. Ahju kroon on klassikaline. Hind sisaldab ahjus\u00fcdamikku messingist uste ja raamiga. Ahju p\u00f5hja m\u00f5\u00f5t: 960 x 600 mm.<\/i><\/p>\n<p><i>Ahju k\u00f5rgus 2350mm (Kohandatav erinevatele laek\u00f5rgustele) , <\/i><i>l\u00f5\u00f5ri\u00fchendus: pealt v\u00f5i tagant\u00fchendus.Suitsutoru d.150 mm.<\/i><\/p>\n<p><i>Soojussalvestusv\u00f5ime<br \/>\n2,9h &#8211; 100%<br \/>\n8 h &#8211; 50%<br \/>\n17,2h &#8211; 25%<\/i><\/p>\n<p><i>Lisadena: alumine k\u00f5rgendus: 542\u20ac, \u00fclak\u00f5rgendus 1 431\u20ac, esiplekk 542\u20ac, messingosade asendus harjatud kroomiga: 617\u20ac.Friisi ja krooni dekoor(standardmotiiv\/rida), hind: 1 328\u20ac ,<\/i><\/p>\n<p><i>s<\/i><i>imsi dekoor(standardmotiiv\/rida), hind: 1 328\u20ac,k<\/i><i>ogu ahju dekoor : tellimisel!\u00a0 <\/i><i>Eritoon ning eridekoor:tellimisel.<\/i><\/p>\n<p><em>Tooteleht: <a href=\"http:\/\/kaminameister.ee\/wp-content\/uploads\/2024\/06\/borgholm-tooteleht.pdf\">Borgholm tooteleht<\/a><\/em><\/p>\n","protected":false},"excerpt":{"rendered":"<p><em>Kaal: 1400 kg, nominaalv\u00f5imsus: 4.5 kW, k\u00f5rgus: 2350 mm, laius: 960 mm, s\u00fcgavus: 600 mm, kasutegur: 92,4%, suitsugaasi temperatuur: 120\/170\u00b0C. CO: 0.1<\/em><\/p>\n<p><strong><em>Hind: 14 680\u20ac<\/em><\/strong><\/p>\n<p><em>Hind paigalduseta.<\/em><\/p>\n","protected":false},"featured_media":2877,"comment_status":"open","ping_status":"closed","template":"","meta":{"_et_pb_use_builder":"","_et_pb_old_content":"","_et_gb_content_width":""},"product_brand":[142],"product_cat":[108,78],"product_tag":[],"class_list":{"0":"post-2873","1":"product","2":"type-product","3":"status-publish","4":"has-post-thumbnail","6":"product_brand-gabriel-kakelugnar","7":"product_cat-ahjud-kaminahjud","8":"product_cat-glasuurahjud","10":"first","11":"instock","12":"shipping-taxable","13":"purchasable","14":"product-type-simple"},"_links":{"self":[{"href":"https:\/\/kaminameister.ee\/en\/wp-json\/wp\/v2\/product\/2873","targetHints":{"allow":["GET"]}}],"collection":[{"href":"https:\/\/kaminameister.ee\/en\/wp-json\/wp\/v2\/product"}],"about":[{"href":"https:\/\/kaminameister.ee\/en\/wp-json\/wp\/v2\/types\/product"}],"replies":[{"embeddable":true,"href":"https:\/\/kaminameister.ee\/en\/wp-json\/wp\/v2\/comments?post=2873"}],"wp:featuredmedia":[{"embeddable":true,"href":"https:\/\/kaminameister.ee\/en\/wp-json\/wp\/v2\/media\/2877"}],"wp:attachment":[{"href":"https:\/\/kaminameister.ee\/en\/wp-json\/wp\/v2\/media?parent=2873"}],"wp:term":[{"taxonomy":"product_brand","embeddable":true,"href":"https:\/\/kaminameister.ee\/en\/wp-json\/wp\/v2\/product_brand?post=2873"},{"taxonomy":"product_cat","embeddable":true,"href":"https:\/\/kaminameister.ee\/en\/wp-json\/wp\/v2\/product_cat?post=2873"},{"taxonomy":"product_tag","embeddable":true,"href":"https:\/\/kaminameister.ee\/en\/wp-json\/wp\/v2\/product_tag?post=2873"}],"curies":[{"name":"wp","href":"https:\/\/api.w.org\/{rel}","templated":true}]}}