{"id":2851,"date":"2024-06-25T13:50:37","date_gmt":"2024-06-25T10:50:37","guid":{"rendered":"http:\/\/kaminameister.ee\/?post_type=product&#038;p=2851"},"modified":"2025-06-18T12:49:43","modified_gmt":"2025-06-18T09:49:43","slug":"grill-teppotiileri","status":"publish","type":"product","link":"https:\/\/kaminameister.ee\/en\/tooted\/valigrillid\/grill-teppotiileri\/","title":{"rendered":"grill TEPPO ja Maxi TEPPO(Tiileri)"},"content":{"rendered":"<p><i>Grillpaketis tellised,valatud kolle, p\u00f5hjaplaat, roostevaba rest, tuhasahtel.Toonid punane ja j\u00e4k\u00e4l\u00e4.Hinna sees punasekirjud tellised.<\/i><\/p>\n<p><i>Mudel MAXI TEPPO on mudel\u00a0 30 cm laiema grillialaga. V\u00f5imalik saada kaheosaline turvakaas, hind: 235\u20ac<\/i><\/p>\n","protected":false},"excerpt":{"rendered":"<p><em>Kaal: 980 kg, k\u00f5rgus: 780 mm, laius: 1375 mm, s\u00fcgavus: 580 mm<\/em><\/p>\n<div>\n<p><em><strong>Teppo punane, hind: 1 412\u20ac,\u00a0 Teppo<\/strong><\/em><em><strong>\u00a0j\u00e4k\u00e4l\u00e4, hind : 1 518\u20ac<\/strong><\/em><\/p>\n<p><em><strong>Maxi &#8211; Teppo punane, hind: 1 722\u20ac, Maxi Teppo j\u00e4k\u00e4l\u00e4, hind: 1 828\u20ac<\/strong><\/em><\/p>\n<p><i>Hinnale lisandub transport objektile ja soovi korral paigaldus.<\/i><\/p>\n<\/div>\n","protected":false},"featured_media":2852,"comment_status":"open","ping_status":"closed","template":"","meta":{"_et_pb_use_builder":"","_et_pb_old_content":"","_et_gb_content_width":""},"product_brand":[154],"product_cat":[75],"product_tag":[],"class_list":{"0":"post-2851","1":"product","2":"type-product","3":"status-publish","4":"has-post-thumbnail","6":"product_brand-tiileri","7":"product_cat-valigrillid","8":"pa_brand-tiileri","10":"first","11":"instock","12":"shipping-taxable","13":"purchasable","14":"product-type-simple"},"_links":{"self":[{"href":"https:\/\/kaminameister.ee\/en\/wp-json\/wp\/v2\/product\/2851","targetHints":{"allow":["GET"]}}],"collection":[{"href":"https:\/\/kaminameister.ee\/en\/wp-json\/wp\/v2\/product"}],"about":[{"href":"https:\/\/kaminameister.ee\/en\/wp-json\/wp\/v2\/types\/product"}],"replies":[{"embeddable":true,"href":"https:\/\/kaminameister.ee\/en\/wp-json\/wp\/v2\/comments?post=2851"}],"wp:featuredmedia":[{"embeddable":true,"href":"https:\/\/kaminameister.ee\/en\/wp-json\/wp\/v2\/media\/2852"}],"wp:attachment":[{"href":"https:\/\/kaminameister.ee\/en\/wp-json\/wp\/v2\/media?parent=2851"}],"wp:term":[{"taxonomy":"product_brand","embeddable":true,"href":"https:\/\/kaminameister.ee\/en\/wp-json\/wp\/v2\/product_brand?post=2851"},{"taxonomy":"product_cat","embeddable":true,"href":"https:\/\/kaminameister.ee\/en\/wp-json\/wp\/v2\/product_cat?post=2851"},{"taxonomy":"product_tag","embeddable":true,"href":"https:\/\/kaminameister.ee\/en\/wp-json\/wp\/v2\/product_tag?post=2851"}],"curies":[{"name":"wp","href":"https:\/\/api.w.org\/{rel}","templated":true}]}}