{"id":2841,"date":"2024-06-25T13:44:50","date_gmt":"2024-06-25T10:44:50","guid":{"rendered":"http:\/\/kaminameister.ee\/?post_type=product&#038;p=2841"},"modified":"2025-06-18T12:44:56","modified_gmt":"2025-06-18T09:44:56","slug":"grill-matti-ja-maxi-mattitiileri","status":"publish","type":"product","link":"https:\/\/kaminameister.ee\/en\/tooted\/valigrillid\/grill-matti-ja-maxi-mattitiileri\/","title":{"rendered":"grill MATTI ja MAXI MATTI(Tiileri)"},"content":{"rendered":"<p><i>Grillpaketis tellised,valatud kolle, p\u00f5hjaplaat, roostevaba rest, tuhasahtel.Toonid punane ja j\u00e4k\u00e4l\u00e4.Hinna sees punasekirjud tellised.<\/i><\/p>\n<p><i>V\u00f5imalik saada kaitsev kaas 1150*670 mm, hind 147\u20ac.(Maxi kaas 185\u20ac)\u00a0 \u00a0<\/i><i>Mudel MAXI Matti on\u00a0 30 cm laiema grillialaga.<\/i><\/p>\n<p>&nbsp;<\/p>\n","protected":false},"excerpt":{"rendered":"<p><em>Kaal: 680 kg, k\u00f5rgus: umbes 700 mm, laius: 1035 mm, s\u00fcgavus: 580 mm<\/em><\/p>\n<p><em><strong>Matti punane, hind: 1 412\u20ac,\u00a0 Matti<\/strong><\/em><em><strong> j\u00e4k\u00e4l\u00e4, hind : 1 518\u20ac<\/strong><\/em><\/p>\n<p><em><strong>Maxi -Matti punane, hind: 1 722\u20ac, Maxi Matti j\u00e4k\u00e4l\u00e4, hind: 1 828\u20ac<\/strong><\/em><\/p>\n<p>&nbsp;<\/p>\n<p><i>Hinnale lisandub transport objektile ja soovi korral paigaldus.<\/i><\/p>\n","protected":false},"featured_media":2842,"comment_status":"open","ping_status":"closed","template":"","meta":{"_et_pb_use_builder":"","_et_pb_old_content":"","_et_gb_content_width":""},"product_brand":[154],"product_cat":[75],"product_tag":[],"class_list":{"0":"post-2841","1":"product","2":"type-product","3":"status-publish","4":"has-post-thumbnail","6":"product_brand-tiileri","7":"product_cat-valigrillid","8":"pa_brand-tiileri","10":"first","11":"instock","12":"shipping-taxable","13":"purchasable","14":"product-type-simple"},"_links":{"self":[{"href":"https:\/\/kaminameister.ee\/en\/wp-json\/wp\/v2\/product\/2841","targetHints":{"allow":["GET"]}}],"collection":[{"href":"https:\/\/kaminameister.ee\/en\/wp-json\/wp\/v2\/product"}],"about":[{"href":"https:\/\/kaminameister.ee\/en\/wp-json\/wp\/v2\/types\/product"}],"replies":[{"embeddable":true,"href":"https:\/\/kaminameister.ee\/en\/wp-json\/wp\/v2\/comments?post=2841"}],"wp:featuredmedia":[{"embeddable":true,"href":"https:\/\/kaminameister.ee\/en\/wp-json\/wp\/v2\/media\/2842"}],"wp:attachment":[{"href":"https:\/\/kaminameister.ee\/en\/wp-json\/wp\/v2\/media?parent=2841"}],"wp:term":[{"taxonomy":"product_brand","embeddable":true,"href":"https:\/\/kaminameister.ee\/en\/wp-json\/wp\/v2\/product_brand?post=2841"},{"taxonomy":"product_cat","embeddable":true,"href":"https:\/\/kaminameister.ee\/en\/wp-json\/wp\/v2\/product_cat?post=2841"},{"taxonomy":"product_tag","embeddable":true,"href":"https:\/\/kaminameister.ee\/en\/wp-json\/wp\/v2\/product_tag?post=2841"}],"curies":[{"name":"wp","href":"https:\/\/api.w.org\/{rel}","templated":true}]}}