{"id":2833,"date":"2024-06-25T13:34:35","date_gmt":"2024-06-25T10:34:35","guid":{"rendered":"http:\/\/kaminameister.ee\/?post_type=product&#038;p=2833"},"modified":"2025-06-18T12:45:24","modified_gmt":"2025-06-18T09:45:24","slug":"grill-turo-ja-maxi-turotiileri","status":"publish","type":"product","link":"https:\/\/kaminameister.ee\/en\/tooted\/valigrillid\/grill-turo-ja-maxi-turotiileri\/","title":{"rendered":"grill TURO ja MAXI TURO(Tiileri)"},"content":{"rendered":"<p><i>Grillpaketis tellised,valatud kolle, p\u00f5hjaplaat, roostevaba rest, tuhasahtel.Toonid punane ja j\u00e4k\u00e4l\u00e4.Hinna sees punasekirjud tellised.<\/i><\/p>\n<p><i>V\u00f5imalik saada kaitsev kaas 670*670 mm,hind 123\u20ac.(Maxi kaas 147\u20ac)\u00a0 \u00a0<\/i><i>Mudel MAXI Turo,on\u00a0 30 cm laiema grillialaga.<\/i><\/p>\n","protected":false},"excerpt":{"rendered":"<p><em>Kaal: 430 kg, k\u00f5rgus: 980 mm, laius: 580 mm, s\u00fcgavus: 580 mm<\/em><\/p>\n<p><em><strong>Turo punane, hind: 731\u20ac,\u00a0\u00a0<\/strong><\/em><em><strong>Turo j\u00e4k\u00e4l\u00e4, hind : 836\u20ac<\/strong><\/em><\/p>\n<p><em><strong>Maxi -Turo punane, hind: 1 041\u20ac, Maxi Turo j\u00e4k\u00e4l\u00e4, hind: 1 146\u20ac<\/strong><\/em><\/p>\n","protected":false},"featured_media":2835,"comment_status":"open","ping_status":"closed","template":"","meta":{"_et_pb_use_builder":"","_et_pb_old_content":"","_et_gb_content_width":""},"product_brand":[154],"product_cat":[75],"product_tag":[],"class_list":{"0":"post-2833","1":"product","2":"type-product","3":"status-publish","4":"has-post-thumbnail","6":"product_brand-tiileri","7":"product_cat-valigrillid","8":"pa_brand-tiileri","10":"first","11":"instock","12":"shipping-taxable","13":"purchasable","14":"product-type-simple"},"_links":{"self":[{"href":"https:\/\/kaminameister.ee\/en\/wp-json\/wp\/v2\/product\/2833","targetHints":{"allow":["GET"]}}],"collection":[{"href":"https:\/\/kaminameister.ee\/en\/wp-json\/wp\/v2\/product"}],"about":[{"href":"https:\/\/kaminameister.ee\/en\/wp-json\/wp\/v2\/types\/product"}],"replies":[{"embeddable":true,"href":"https:\/\/kaminameister.ee\/en\/wp-json\/wp\/v2\/comments?post=2833"}],"wp:featuredmedia":[{"embeddable":true,"href":"https:\/\/kaminameister.ee\/en\/wp-json\/wp\/v2\/media\/2835"}],"wp:attachment":[{"href":"https:\/\/kaminameister.ee\/en\/wp-json\/wp\/v2\/media?parent=2833"}],"wp:term":[{"taxonomy":"product_brand","embeddable":true,"href":"https:\/\/kaminameister.ee\/en\/wp-json\/wp\/v2\/product_brand?post=2833"},{"taxonomy":"product_cat","embeddable":true,"href":"https:\/\/kaminameister.ee\/en\/wp-json\/wp\/v2\/product_cat?post=2833"},{"taxonomy":"product_tag","embeddable":true,"href":"https:\/\/kaminameister.ee\/en\/wp-json\/wp\/v2\/product_tag?post=2833"}],"curies":[{"name":"wp","href":"https:\/\/api.w.org\/{rel}","templated":true}]}}