{"id":2801,"date":"2024-06-25T11:43:45","date_gmt":"2024-06-25T08:43:45","guid":{"rendered":"http:\/\/kaminameister.ee\/?post_type=product&#038;p=2801"},"modified":"2025-06-18T12:50:26","modified_gmt":"2025-06-18T09:50:26","slug":"grill-pizzaahjuga-tennesseetiileri","status":"publish","type":"product","link":"https:\/\/kaminameister.ee\/en\/tooted\/pitsaahjud\/grill-pizzaahjuga-tennesseetiileri\/","title":{"rendered":"grill pizzaahjuga TENNESSEE(Tiileri)"},"content":{"rendered":"<p><i>Grilliala 600*400 mm.Pizzaaahi 430*430 mm.Paketis\u00a0 sisaldub: m\u00f5\u00f5tu l\u00f5igatud salvestavad kivid,segud,malmosad,metallosad ja tuhasahtel.<\/i><\/p>\n","protected":false},"excerpt":{"rendered":"<p><em>Kaal: 830 kg, k\u00f5rgus: 1020 mm, laius: 1145 mm, s\u00fcgavus: 585 mm<\/em><\/p>\n<p><strong><em>Hind: 1 462\u20ac<\/em><\/strong><\/p>\n<p><i>Hinnale lisandub transport objektile ja soovi korral paigaldus.<\/i><\/p>\n","protected":false},"featured_media":2802,"comment_status":"open","ping_status":"closed","template":"","meta":{"_et_pb_use_builder":"","_et_pb_old_content":"","_et_gb_content_width":""},"product_brand":[154],"product_cat":[76,75],"product_tag":[],"class_list":{"0":"post-2801","1":"product","2":"type-product","3":"status-publish","4":"has-post-thumbnail","6":"product_brand-tiileri","7":"product_cat-pitsaahjud","8":"product_cat-valigrillid","9":"pa_brand-tiileri","11":"first","12":"instock","13":"shipping-taxable","14":"purchasable","15":"product-type-simple"},"_links":{"self":[{"href":"https:\/\/kaminameister.ee\/en\/wp-json\/wp\/v2\/product\/2801","targetHints":{"allow":["GET"]}}],"collection":[{"href":"https:\/\/kaminameister.ee\/en\/wp-json\/wp\/v2\/product"}],"about":[{"href":"https:\/\/kaminameister.ee\/en\/wp-json\/wp\/v2\/types\/product"}],"replies":[{"embeddable":true,"href":"https:\/\/kaminameister.ee\/en\/wp-json\/wp\/v2\/comments?post=2801"}],"wp:featuredmedia":[{"embeddable":true,"href":"https:\/\/kaminameister.ee\/en\/wp-json\/wp\/v2\/media\/2802"}],"wp:attachment":[{"href":"https:\/\/kaminameister.ee\/en\/wp-json\/wp\/v2\/media?parent=2801"}],"wp:term":[{"taxonomy":"product_brand","embeddable":true,"href":"https:\/\/kaminameister.ee\/en\/wp-json\/wp\/v2\/product_brand?post=2801"},{"taxonomy":"product_cat","embeddable":true,"href":"https:\/\/kaminameister.ee\/en\/wp-json\/wp\/v2\/product_cat?post=2801"},{"taxonomy":"product_tag","embeddable":true,"href":"https:\/\/kaminameister.ee\/en\/wp-json\/wp\/v2\/product_tag?post=2801"}],"curies":[{"name":"wp","href":"https:\/\/api.w.org\/{rel}","templated":true}]}}