{"id":2774,"date":"2024-06-25T11:32:12","date_gmt":"2024-06-25T08:32:12","guid":{"rendered":"http:\/\/kaminameister.ee\/?post_type=product&#038;p=2774"},"modified":"2025-06-25T12:21:01","modified_gmt":"2025-06-25T09:21:01","slug":"pliit-pikku-hennatiileri-praeahjuga","status":"publish","type":"product","link":"https:\/\/kaminameister.ee\/en\/tooted\/pliidid\/puukuttepliidid\/pliit-pikku-hennatiileri-praeahjuga\/","title":{"rendered":"pliit PIKKU-HENNA(Tiileri) praeahjuga"},"content":{"rendered":"<p><i>Pliidil on l\u00f5\u00f5ris\u00fcsteem alaosani v\u00e4lja. Seet\u00f5ttu salvestab pliit sooja sarnaselt ahjule.<\/i><\/p>\n<p><i>praeahi 270 x 470mm<\/i><\/p>\n<p><i>NB ! Mudelid on m\u00f5eldud ehitatavaks tulem\u00fc\u00fcri vastu ! Tagaseinas ei ole viimistluskatet,kate 328\u20ac<\/i><\/p>\n","protected":false},"excerpt":{"rendered":"<p><em>Kaal: 750 kg, nominaalv\u00f5imsus: 8.2 kW, k\u00f5rgus: 920 mm, laius: 875 mm, s\u00fcgavus: 580 mm, kasutegur: 70%, suitsugaasi temperatuur: 209\u00b0C, CO: 0.09%.<\/em><\/p>\n<p><b><i>Pliit Pikku &#8211; Henna Funkkis,krohvitud , mudel tagant\u00fchendusega, hind: 3 147\u20ac<\/i><\/b><\/p>\n<p><b><i>Pliit Pikku &#8211; Henna Original,tellistest , mudel tagant\u00fchendusega, hind: 3 308\u20ac<\/i><\/b><\/p>\n<p><b><i>Pliit Pikku &#8211; Henna Trendi, keraamilise plaadiga , mudel tagant\u00fchendusega, hind: 3 395\u20ac<\/i><\/b><\/p>\n<p><b><i>mustast graniidist serv, hind: 210 \u20ac<\/i><\/b><\/p>\n<p><i>Kivist serv on soovituslik heledatest tellistest mudelite puhastamise h\u00f5lbustamiseks.<\/i><\/p>\n<p><i>Hinnale lisandub transport paigalduskohale ning soovi korral paigaldus.<\/i><\/p>\n<p><em>P\u00f5hjajoonis: <a href=\"https:\/\/kaminameister.ee\/wp-content\/uploads\/2024\/06\/pikkuhenna-pohjajoonis-1.pdf\">PikkuHenna p\u00f5hjajoonis<\/a><\/em><\/p>\n","protected":false},"featured_media":2775,"comment_status":"open","ping_status":"closed","template":"","meta":{"_et_pb_use_builder":"","_et_pb_old_content":"","_et_gb_content_width":""},"product_brand":[154],"product_cat":[28,56],"product_tag":[],"class_list":{"0":"post-2774","1":"product","2":"type-product","3":"status-publish","4":"has-post-thumbnail","6":"product_brand-tiileri","7":"product_cat-pliidid","8":"product_cat-puukuttepliidid","9":"pa_brand-tiileri","11":"first","12":"instock","13":"shipping-taxable","14":"purchasable","15":"product-type-simple"},"_links":{"self":[{"href":"https:\/\/kaminameister.ee\/en\/wp-json\/wp\/v2\/product\/2774","targetHints":{"allow":["GET"]}}],"collection":[{"href":"https:\/\/kaminameister.ee\/en\/wp-json\/wp\/v2\/product"}],"about":[{"href":"https:\/\/kaminameister.ee\/en\/wp-json\/wp\/v2\/types\/product"}],"replies":[{"embeddable":true,"href":"https:\/\/kaminameister.ee\/en\/wp-json\/wp\/v2\/comments?post=2774"}],"wp:featuredmedia":[{"embeddable":true,"href":"https:\/\/kaminameister.ee\/en\/wp-json\/wp\/v2\/media\/2775"}],"wp:attachment":[{"href":"https:\/\/kaminameister.ee\/en\/wp-json\/wp\/v2\/media?parent=2774"}],"wp:term":[{"taxonomy":"product_brand","embeddable":true,"href":"https:\/\/kaminameister.ee\/en\/wp-json\/wp\/v2\/product_brand?post=2774"},{"taxonomy":"product_cat","embeddable":true,"href":"https:\/\/kaminameister.ee\/en\/wp-json\/wp\/v2\/product_cat?post=2774"},{"taxonomy":"product_tag","embeddable":true,"href":"https:\/\/kaminameister.ee\/en\/wp-json\/wp\/v2\/product_tag?post=2774"}],"curies":[{"name":"wp","href":"https:\/\/api.w.org\/{rel}","templated":true}]}}