{"id":2764,"date":"2024-06-25T11:27:32","date_gmt":"2024-06-25T08:27:32","guid":{"rendered":"http:\/\/kaminameister.ee\/?post_type=product&#038;p=2764"},"modified":"2025-06-18T12:26:55","modified_gmt":"2025-06-18T09:26:55","slug":"pliit-hillatiileri","status":"publish","type":"product","link":"https:\/\/kaminameister.ee\/en\/tooted\/pliidid\/puukuttepliidid\/pliit-hillatiileri\/","title":{"rendered":"pliit HILLA(Tiileri)"},"content":{"rendered":"<p><i>Pliidil on l\u00f5\u00f5ris\u00fcsteem alaosani v\u00e4lja. Seet\u00f5ttu salvestab pliit sooja sarnaselt ahjule.Kolle 450*180 mm. Praeahjuta !<\/i><\/p>\n<p><i>NB ! Mudel on m\u00f5eldud ehitatavaks tulem\u00fc\u00fcri vastu ! Tagaseinas ei ole viimistluskatet,kate alates 335\u20ac<\/i><\/p>\n","protected":false},"excerpt":{"rendered":"<p><em>Kaal: 480 kg, k\u00f5rgus: 900 mm, laius: 710 mm, s\u00fcgavus: 535 mm.<\/em><\/p>\n<p><em><b>Pliit Hilla Funkkis, krohvitud, hind: 2 775\u20ac<\/b><\/em><\/p>\n<p><b><i>Pliit Hilla Original, tellistest , hind: 2 936\u20ac<\/i><\/b><\/p>\n<p><b><i>Pliit Hilla Trendi, keraamiliste plaatidega , hind: 3 023\u20ac<\/i><\/b><\/p>\n<p><b><i>Keraamiline pliidiplaat : 105 \u20ac<\/i><\/b><\/p>\n<p><i>Hinnale lisandub transport paigalduskohale ning soovi korral paigaldus.<\/i><\/p>\n","protected":false},"featured_media":2765,"comment_status":"open","ping_status":"closed","template":"","meta":{"_et_pb_use_builder":"","_et_pb_old_content":"","_et_gb_content_width":""},"product_brand":[154],"product_cat":[28,56,77],"product_tag":[],"class_list":{"0":"post-2764","1":"product","2":"type-product","3":"status-publish","4":"has-post-thumbnail","6":"product_brand-tiileri","7":"product_cat-pliidid","8":"product_cat-puukuttepliidid","9":"product_cat-uudistooted","10":"pa_brand-tiileri","12":"first","13":"instock","14":"shipping-taxable","15":"purchasable","16":"product-type-simple"},"_links":{"self":[{"href":"https:\/\/kaminameister.ee\/en\/wp-json\/wp\/v2\/product\/2764","targetHints":{"allow":["GET"]}}],"collection":[{"href":"https:\/\/kaminameister.ee\/en\/wp-json\/wp\/v2\/product"}],"about":[{"href":"https:\/\/kaminameister.ee\/en\/wp-json\/wp\/v2\/types\/product"}],"replies":[{"embeddable":true,"href":"https:\/\/kaminameister.ee\/en\/wp-json\/wp\/v2\/comments?post=2764"}],"wp:featuredmedia":[{"embeddable":true,"href":"https:\/\/kaminameister.ee\/en\/wp-json\/wp\/v2\/media\/2765"}],"wp:attachment":[{"href":"https:\/\/kaminameister.ee\/en\/wp-json\/wp\/v2\/media?parent=2764"}],"wp:term":[{"taxonomy":"product_brand","embeddable":true,"href":"https:\/\/kaminameister.ee\/en\/wp-json\/wp\/v2\/product_brand?post=2764"},{"taxonomy":"product_cat","embeddable":true,"href":"https:\/\/kaminameister.ee\/en\/wp-json\/wp\/v2\/product_cat?post=2764"},{"taxonomy":"product_tag","embeddable":true,"href":"https:\/\/kaminameister.ee\/en\/wp-json\/wp\/v2\/product_tag?post=2764"}],"curies":[{"name":"wp","href":"https:\/\/api.w.org\/{rel}","templated":true}]}}