{"id":2757,"date":"2024-06-25T11:19:58","date_gmt":"2024-06-25T08:19:58","guid":{"rendered":"http:\/\/kaminameister.ee\/?post_type=product&#038;p=2757"},"modified":"2025-06-18T12:27:57","modified_gmt":"2025-06-18T09:27:57","slug":"pliit-helmitiileri","status":"publish","type":"product","link":"https:\/\/kaminameister.ee\/en\/tooted\/pliidid\/puukuttepliidid\/pliit-helmitiileri\/","title":{"rendered":"pliit HELMI(Tiileri)"},"content":{"rendered":"<p><i>Pliidil on l\u00f5\u00f5ris\u00fcsteem alaosani v\u00e4lja. Seet\u00f5ttu salvestab pliit sooja sarnaselt ahjule.<\/i><\/p>\n<p><i>NB ! Mudel on m\u00f5eldud ehitatavaks tulem\u00fc\u00fcri vastu ! Tagaseinas ei ole viimistluskatet,kate 330\u20ac<\/i><\/p>\n","protected":false},"excerpt":{"rendered":"<p><em>Kaal: 850 kg, nominaalv\u00f5imsus: 8.2 kW, k\u00f5rgus: 920 mm, laius: 980 mm, s\u00fcgavus: 680 mm, kasutegur: 70%, suitsugaasi temperatuur: 209\u00b0C<\/em><\/p>\n<p><i><b>Pliit Helmi Funkkis<\/b>, krohviviimistlus,\u00a0<b>hind: 3 395\u20ac<\/b><\/i><\/p>\n<p><i><b>Pliit Helmi Original,\u00a0<\/b>tellisviimistlus,<b> hind: 3 556\u20ac<\/b><\/i><\/p>\n<p><b><i>Pliit Helmi Trendi<\/i><\/b><i>, keraamiliste plaatidega,<b> hind: 3 643\u20ac<\/b><\/i><\/p>\n<p><b><i>Keraamiline pliidiplaat\u00a0 : 105\u20ac<\/i><\/b><\/p>\n<p><i>Hinnale lisandub transport paigalduskohale ning soovi korral paigaldus.<\/i><\/p>\n","protected":false},"featured_media":2758,"comment_status":"open","ping_status":"closed","template":"","meta":{"_et_pb_use_builder":"","_et_pb_old_content":"","_et_gb_content_width":""},"product_brand":[154],"product_cat":[28,56],"product_tag":[],"class_list":{"0":"post-2757","1":"product","2":"type-product","3":"status-publish","4":"has-post-thumbnail","6":"product_brand-tiileri","7":"product_cat-pliidid","8":"product_cat-puukuttepliidid","9":"pa_brand-tiileri","11":"first","12":"instock","13":"shipping-taxable","14":"purchasable","15":"product-type-simple"},"_links":{"self":[{"href":"https:\/\/kaminameister.ee\/en\/wp-json\/wp\/v2\/product\/2757","targetHints":{"allow":["GET"]}}],"collection":[{"href":"https:\/\/kaminameister.ee\/en\/wp-json\/wp\/v2\/product"}],"about":[{"href":"https:\/\/kaminameister.ee\/en\/wp-json\/wp\/v2\/types\/product"}],"replies":[{"embeddable":true,"href":"https:\/\/kaminameister.ee\/en\/wp-json\/wp\/v2\/comments?post=2757"}],"wp:featuredmedia":[{"embeddable":true,"href":"https:\/\/kaminameister.ee\/en\/wp-json\/wp\/v2\/media\/2758"}],"wp:attachment":[{"href":"https:\/\/kaminameister.ee\/en\/wp-json\/wp\/v2\/media?parent=2757"}],"wp:term":[{"taxonomy":"product_brand","embeddable":true,"href":"https:\/\/kaminameister.ee\/en\/wp-json\/wp\/v2\/product_brand?post=2757"},{"taxonomy":"product_cat","embeddable":true,"href":"https:\/\/kaminameister.ee\/en\/wp-json\/wp\/v2\/product_cat?post=2757"},{"taxonomy":"product_tag","embeddable":true,"href":"https:\/\/kaminameister.ee\/en\/wp-json\/wp\/v2\/product_tag?post=2757"}],"curies":[{"name":"wp","href":"https:\/\/api.w.org\/{rel}","templated":true}]}}