{"id":2750,"date":"2024-06-25T11:15:08","date_gmt":"2024-06-25T08:15:08","guid":{"rendered":"http:\/\/kaminameister.ee\/?post_type=product&#038;p=2750"},"modified":"2025-06-18T12:25:42","modified_gmt":"2025-06-18T09:25:42","slug":"pliitkamin-heiditiileri","status":"publish","type":"product","link":"https:\/\/kaminameister.ee\/en\/tooted\/pliidid\/puukuttepliidid\/pliitkamin-heiditiileri\/","title":{"rendered":"pliitkamin HEIDI(Tiileri)"},"content":{"rendered":"<p><i>\u00a0 Heidil on l\u00f5\u00f5ris\u00fcsteem alaosani v\u00e4lja. Seet\u00f5ttu salvestab pliitkamin sooja sarnaselt ahjule.<\/i><\/p>\n<p><i>kolle 368 x 210 mm<\/i><\/p>\n<p><i>keraamiline pliidiplaat, hind: 105\u20ac<\/i><\/p>\n<p><i>NB ! Mudel on m\u00f5eldud ehitatavaks tulem\u00fc\u00fcri vastu ! Tagaseinas ei ole viimistluskatet,kate 335\u20ac<\/i><\/p>\n","protected":false},"excerpt":{"rendered":"<p><em>Kaal: 480 kg, k\u00f5rgus: 900 mm, laius: 710 mm, s\u00fcgavus: 535 mm<\/em><\/p>\n<p><b><i>Heidi Funkkis, krohvitud , hind: 3 023\u20ac<\/i><\/b><\/p>\n<p><b><i>Heidi Original, tellistest , hind: 3 184\u20ac<\/i><\/b><\/p>\n<p><b><i>Heidi Trendi, plaaditud, hind: 3 271\u20ac<\/i><\/b><\/p>\n<p><i>Hinnale lisandub transport paigalduskohale ning soovi korral paigaldus.<\/i><\/p>\n","protected":false},"featured_media":2751,"comment_status":"open","ping_status":"closed","template":"","meta":{"_et_pb_use_builder":"","_et_pb_old_content":"","_et_gb_content_width":""},"product_brand":[154],"product_cat":[28,56],"product_tag":[],"class_list":{"0":"post-2750","1":"product","2":"type-product","3":"status-publish","4":"has-post-thumbnail","6":"product_brand-tiileri","7":"product_cat-pliidid","8":"product_cat-puukuttepliidid","9":"pa_brand-tiileri","11":"first","12":"instock","13":"shipping-taxable","14":"purchasable","15":"product-type-simple"},"_links":{"self":[{"href":"https:\/\/kaminameister.ee\/en\/wp-json\/wp\/v2\/product\/2750","targetHints":{"allow":["GET"]}}],"collection":[{"href":"https:\/\/kaminameister.ee\/en\/wp-json\/wp\/v2\/product"}],"about":[{"href":"https:\/\/kaminameister.ee\/en\/wp-json\/wp\/v2\/types\/product"}],"replies":[{"embeddable":true,"href":"https:\/\/kaminameister.ee\/en\/wp-json\/wp\/v2\/comments?post=2750"}],"wp:featuredmedia":[{"embeddable":true,"href":"https:\/\/kaminameister.ee\/en\/wp-json\/wp\/v2\/media\/2751"}],"wp:attachment":[{"href":"https:\/\/kaminameister.ee\/en\/wp-json\/wp\/v2\/media?parent=2750"}],"wp:term":[{"taxonomy":"product_brand","embeddable":true,"href":"https:\/\/kaminameister.ee\/en\/wp-json\/wp\/v2\/product_brand?post=2750"},{"taxonomy":"product_cat","embeddable":true,"href":"https:\/\/kaminameister.ee\/en\/wp-json\/wp\/v2\/product_cat?post=2750"},{"taxonomy":"product_tag","embeddable":true,"href":"https:\/\/kaminameister.ee\/en\/wp-json\/wp\/v2\/product_tag?post=2750"}],"curies":[{"name":"wp","href":"https:\/\/api.w.org\/{rel}","templated":true}]}}