{"id":2699,"date":"2024-06-21T12:58:40","date_gmt":"2024-06-21T09:58:40","guid":{"rendered":"http:\/\/kaminameister.ee\/?post_type=product&#038;p=2699"},"modified":"2025-12-10T10:04:13","modified_gmt":"2025-12-10T08:04:13","slug":"leivaahi-pikku-lyydiatiileri","status":"publish","type":"product","link":"https:\/\/kaminameister.ee\/en\/tooted\/ahjud-kaminahjud\/leivaahjud\/leivaahi-pikku-lyydiatiileri\/","title":{"rendered":"leivaahi PIKKU-LYYDIA(Tiileri)"},"content":{"rendered":"<p><i>Leivaahju m\u00f5\u00f5t: 445 x 570mm<\/i><\/p>\n<p><i>NB ! Mudel on m\u00f5eldud ehitatavaks tulem\u00fc\u00fcri vastu ! Tagaseinas ei ole viimistluskatet, kate\u00a0 310\u20ac<\/i><\/p>\n<p>&nbsp;<\/p>\n<p>&nbsp;<\/p>\n","protected":false},"excerpt":{"rendered":"<p><em>Kaal: 2500 kg, k\u00f5rgus: 1620 mm, laius: 1175 mm, s\u00fcgavus: 885 mm<\/em><\/p>\n<p><b><i>Pikku Lyydia Funkkis<\/i><\/b><i>,\u00a0<b>krohvitud ,<\/b>\u00a0alt\u00fchendusega,\u00a0<b>hind: 4 262\u20ac<\/b><\/i><\/p>\n<p><i><b>Pikku Lyydia Original, tellistest ,\u00a0<\/b>alt\u00fchendusega,<b> hind: 4 423\u20ac<\/b><br \/>\n<b>Pikku Lyydia Trendi<\/b>,\u00a0<b>keraamiliste plaatidega<\/b>\u00a0, alt\u00fchendusega,\u00a0<b>hind: 4 758\u20ac<\/b><\/i><\/p>\n<p><i><b>Pikku Lyydia Classic, tellistest karniisidega,<\/b>\u00a0alt\u00fchendusega,\u00a0<b>hind: 4 671\u20ac<\/b><\/i><\/p>\n<p><i>Hinnale lisandub \u00a0transport objektile ja soovi korral paigaldus.<\/i><\/p>\n<p><a href=\"http:\/\/kaminameister.ee\/wp-content\/uploads\/2024\/06\/pikkulyydia-pohjajoonis.pdf\">PikkuLyydia p\u00f5hjajoonis<\/a><\/p>\n","protected":false},"featured_media":2700,"comment_status":"open","ping_status":"closed","template":"","meta":{"_et_pb_use_builder":"","_et_pb_old_content":"","_et_gb_content_width":""},"product_brand":[154],"product_cat":[108,83],"product_tag":[],"class_list":{"0":"post-2699","1":"product","2":"type-product","3":"status-publish","4":"has-post-thumbnail","6":"product_brand-tiileri","7":"product_cat-ahjud-kaminahjud","8":"product_cat-leivaahjud","9":"pa_brand-tiileri","11":"first","12":"instock","13":"shipping-taxable","14":"purchasable","15":"product-type-simple"},"_links":{"self":[{"href":"https:\/\/kaminameister.ee\/en\/wp-json\/wp\/v2\/product\/2699","targetHints":{"allow":["GET"]}}],"collection":[{"href":"https:\/\/kaminameister.ee\/en\/wp-json\/wp\/v2\/product"}],"about":[{"href":"https:\/\/kaminameister.ee\/en\/wp-json\/wp\/v2\/types\/product"}],"replies":[{"embeddable":true,"href":"https:\/\/kaminameister.ee\/en\/wp-json\/wp\/v2\/comments?post=2699"}],"wp:featuredmedia":[{"embeddable":true,"href":"https:\/\/kaminameister.ee\/en\/wp-json\/wp\/v2\/media\/2700"}],"wp:attachment":[{"href":"https:\/\/kaminameister.ee\/en\/wp-json\/wp\/v2\/media?parent=2699"}],"wp:term":[{"taxonomy":"product_brand","embeddable":true,"href":"https:\/\/kaminameister.ee\/en\/wp-json\/wp\/v2\/product_brand?post=2699"},{"taxonomy":"product_cat","embeddable":true,"href":"https:\/\/kaminameister.ee\/en\/wp-json\/wp\/v2\/product_cat?post=2699"},{"taxonomy":"product_tag","embeddable":true,"href":"https:\/\/kaminameister.ee\/en\/wp-json\/wp\/v2\/product_tag?post=2699"}],"curies":[{"name":"wp","href":"https:\/\/api.w.org\/{rel}","templated":true}]}}