{"id":2689,"date":"2024-06-21T12:52:56","date_gmt":"2024-06-21T09:52:56","guid":{"rendered":"http:\/\/kaminameister.ee\/?post_type=product&#038;p=2689"},"modified":"2025-12-10T10:03:49","modified_gmt":"2025-12-10T08:03:49","slug":"leivaahi-lyydiatiileri","status":"publish","type":"product","link":"https:\/\/kaminameister.ee\/en\/tooted\/ahjud-kaminahjud\/leivaahjud\/leivaahi-lyydiatiileri\/","title":{"rendered":"leivaahi LYYDIA(Tiileri)"},"content":{"rendered":"<p><i>Leivaahju m\u00f5\u00f5t: 445 x 860mm<\/i><\/p>\n<p><i>NB ! Mudelid on m\u00f5eldud ehitatavaks tulem\u00fc\u00fcri vastu ! Tagaseinas ei ole viimistluskatet, kate 310\u20ac<\/i><\/p>\n","protected":false},"excerpt":{"rendered":"<p><em>Kaal: 3500 kg, k\u00f5rgus: 1620 mm, laius: 1175 mm, s\u00fcgavus: 1180 mm.<\/em><\/p>\n<p><b><i>Lyydia Funkkis<\/i><\/b><i>,\u00a0<b>krohvitud mudel,<\/b>\u00a0alt\u00fchendusega<b>, hind: 4 510\u20ac<br \/>\n<\/b><\/i><\/p>\n<p><b><i>Lyydia Original<\/i><\/b><i>,\u00a0<b>tellistest<\/b>, alt\u00fchendusega<b>, hind: 4 671\u20ac<\/b><\/i><\/p>\n<p><i>\u00a0<b>Lyydia Trendi,<\/b>\u00a0<b>keraamiliste plaatidega<\/b>\u00a0, alt\u00fchendusega,\u00a0<b>hind: 5 006\u20ac<\/b><\/i><\/p>\n<p><i><b>Lyydia Classic, tellistest,karniisidega,\u00a0<\/b>alt\u00fchendusega,\u00a0<b>hind: 4 919\u20ac<\/b><\/i><\/p>\n<p><i>Hinnale lisandub transport objektile ja soovi korral paigaldus.<\/i><\/p>\n<p><a href=\"http:\/\/kaminameister.ee\/wp-content\/uploads\/2024\/06\/lyydia-pohjajoonis.pdf\">Lyydia p\u00f5hjajoonis<\/a><\/p>\n","protected":false},"featured_media":2693,"comment_status":"open","ping_status":"closed","template":"","meta":{"_et_pb_use_builder":"","_et_pb_old_content":"","_et_gb_content_width":""},"product_brand":[154],"product_cat":[108,83],"product_tag":[],"class_list":{"0":"post-2689","1":"product","2":"type-product","3":"status-publish","4":"has-post-thumbnail","6":"product_brand-tiileri","7":"product_cat-ahjud-kaminahjud","8":"product_cat-leivaahjud","9":"pa_brand-tiileri","11":"first","12":"instock","13":"shipping-taxable","14":"purchasable","15":"product-type-simple"},"_links":{"self":[{"href":"https:\/\/kaminameister.ee\/en\/wp-json\/wp\/v2\/product\/2689","targetHints":{"allow":["GET"]}}],"collection":[{"href":"https:\/\/kaminameister.ee\/en\/wp-json\/wp\/v2\/product"}],"about":[{"href":"https:\/\/kaminameister.ee\/en\/wp-json\/wp\/v2\/types\/product"}],"replies":[{"embeddable":true,"href":"https:\/\/kaminameister.ee\/en\/wp-json\/wp\/v2\/comments?post=2689"}],"wp:featuredmedia":[{"embeddable":true,"href":"https:\/\/kaminameister.ee\/en\/wp-json\/wp\/v2\/media\/2693"}],"wp:attachment":[{"href":"https:\/\/kaminameister.ee\/en\/wp-json\/wp\/v2\/media?parent=2689"}],"wp:term":[{"taxonomy":"product_brand","embeddable":true,"href":"https:\/\/kaminameister.ee\/en\/wp-json\/wp\/v2\/product_brand?post=2689"},{"taxonomy":"product_cat","embeddable":true,"href":"https:\/\/kaminameister.ee\/en\/wp-json\/wp\/v2\/product_cat?post=2689"},{"taxonomy":"product_tag","embeddable":true,"href":"https:\/\/kaminameister.ee\/en\/wp-json\/wp\/v2\/product_tag?post=2689"}],"curies":[{"name":"wp","href":"https:\/\/api.w.org\/{rel}","templated":true}]}}