{"id":2655,"date":"2024-06-21T11:55:10","date_gmt":"2024-06-21T08:55:10","guid":{"rendered":"http:\/\/kaminameister.ee\/?post_type=product&#038;p=2655"},"modified":"2025-12-10T10:01:42","modified_gmt":"2025-12-10T08:01:42","slug":"kamin-leivaahisolomatildatiileri","status":"publish","type":"product","link":"https:\/\/kaminameister.ee\/en\/tooted\/ahjud-kaminahjud\/leivaahjud\/kamin-leivaahisolomatildatiileri\/","title":{"rendered":"kamin-leivaahi(solo)MATILDA(Tiileri)"},"content":{"rendered":"<p><i>Salvestav ahi.Matilda 90: leivaahju kolle\u00a0 vasakul v\u00f5i paremal k\u00fcljel;Matilda 360 : leivaahi ja ahi samal k\u00fcljel;Matilda 180 : leivaahi ja ahi erinevatel k\u00fclgedel.<\/i><\/p>\n<p><i>Tuld tehakse \u00a0vaid ahju koldes.nn.SOLO ahi.<\/i><\/p>\n<p><i>Ahju uks 410&#215;410 mm v\u00f5i 550&#215;410 mm ,ahju kolle 410&#215;460 mm.Leivaahju uks 410&#215;230 mm,leivaahju kolle 400&#215;600 mm<\/i><\/p>\n<p><i>Soojussalvestusv\u00f5ime<br \/>\n11,3h &#8211; 100%<br \/>\n35,3h &#8211; 50%<br \/>\n53,7h &#8211; 25%<\/i><\/p>\n<p><i>Maksimaalne k\u00fcttepuude kogus \/ k\u00fctmiskord: 12,7 kg<\/i><\/p>\n<p><i>Mosaiiikplaadid Funkkis mudeli kolde \u00fcmber standardis.S\u00f6eplaadi lisahind +65\u20ac\/+105\u20ac,lisandub plaadisegu.<\/i><\/p>\n<p><em>550\u00d7410 ukse puhul lisahind 250\u20ac, tasapinnalise ukse raamiga 410*410, lisahind 210\u20ac,\u00a0<\/em><em>Tasapinnalise ukse raamiga satiinkroom 410*410,lisahind \u00a0422\u20ac. Uksega 550*410 hinnalisa 250\u20ac.<\/em><\/p>\n<p><i>Trendi mudelite pealmine osa keraamilise plaadiga: hinnalisa 95 \u20ac.<\/i><\/p>\n<p>&nbsp;<\/p>\n","protected":false},"excerpt":{"rendered":"<p><em>Kaal: 2100\/2040 kg, k\u00f5rgus: 1830 alt\u00fchendusega \/1980 pealt\u00fchendusega mm, laius: 1070 mm, s\u00fcgavus: 775 mm, kasutegur: 88%, suitsugaasi temperatuur: 127\u00b0C, soojusenergia: 56 kWh<\/em><\/p>\n<p><b><i>MATILDA\u00a0 Funkkis<\/i><\/b><i>, krohvitud, alt\u00fchendusega, <\/i><b><i>hind 4 820\u20ac, <\/i><\/b><i>pealt\u00fchendusega <strong>5<\/strong><\/i><b><i> 055\u20ac<\/i><\/b><\/p>\n<p><b><i>MATILDA\u00a0 Original\u00a0<\/i><\/b><i>, tellistest, alt\u00fchendusega, <\/i><b><i>hind 4 981\u20ac, <\/i><\/b><i>pealt\u00fchendusega\u00a0<\/i><b><i> 5 216\u20ac<\/i><\/b><\/p>\n<p><b><i>MATILDA\u00a0 Trendi<\/i><\/b><i>, keraamiliste plaatidega, alt\u00fchendusega, <\/i><b><i>hind 5 315\u20ac, <\/i><\/b><i>pealt\u00fchendusega\u00a0<b>5<\/b><b> 551\u20ac<\/b><\/i><\/p>\n<p><i>Hinnale lisandub transport objektile ja soovi korral paigaldus.<\/i><\/p>\n<p><a href=\"http:\/\/kaminameister.ee\/wp-content\/uploads\/2024\/06\/matildamatilda-90matilda-180-pohjajoonised.pdf\">Matilda,Matilda 90,Matilda 180 p\u00f5hjajoonised<\/a><\/p>\n","protected":false},"featured_media":2656,"comment_status":"open","ping_status":"closed","template":"","meta":{"_et_pb_use_builder":"","_et_pb_old_content":"","_et_gb_content_width":""},"product_brand":[154],"product_cat":[108,83],"product_tag":[],"class_list":{"0":"post-2655","1":"product","2":"type-product","3":"status-publish","4":"has-post-thumbnail","6":"product_brand-tiileri","7":"product_cat-ahjud-kaminahjud","8":"product_cat-leivaahjud","9":"pa_brand-tiileri","11":"first","12":"instock","13":"shipping-taxable","14":"purchasable","15":"product-type-simple"},"_links":{"self":[{"href":"https:\/\/kaminameister.ee\/en\/wp-json\/wp\/v2\/product\/2655","targetHints":{"allow":["GET"]}}],"collection":[{"href":"https:\/\/kaminameister.ee\/en\/wp-json\/wp\/v2\/product"}],"about":[{"href":"https:\/\/kaminameister.ee\/en\/wp-json\/wp\/v2\/types\/product"}],"replies":[{"embeddable":true,"href":"https:\/\/kaminameister.ee\/en\/wp-json\/wp\/v2\/comments?post=2655"}],"wp:featuredmedia":[{"embeddable":true,"href":"https:\/\/kaminameister.ee\/en\/wp-json\/wp\/v2\/media\/2656"}],"wp:attachment":[{"href":"https:\/\/kaminameister.ee\/en\/wp-json\/wp\/v2\/media?parent=2655"}],"wp:term":[{"taxonomy":"product_brand","embeddable":true,"href":"https:\/\/kaminameister.ee\/en\/wp-json\/wp\/v2\/product_brand?post=2655"},{"taxonomy":"product_cat","embeddable":true,"href":"https:\/\/kaminameister.ee\/en\/wp-json\/wp\/v2\/product_cat?post=2655"},{"taxonomy":"product_tag","embeddable":true,"href":"https:\/\/kaminameister.ee\/en\/wp-json\/wp\/v2\/product_tag?post=2655"}],"curies":[{"name":"wp","href":"https:\/\/api.w.org\/{rel}","templated":true}]}}