{"id":2622,"date":"2024-06-21T10:49:46","date_gmt":"2024-06-21T07:49:46","guid":{"rendered":"http:\/\/kaminameister.ee\/?post_type=product&#038;p=2622"},"modified":"2025-10-23T11:22:26","modified_gmt":"2025-10-23T08:22:26","slug":"kamin-leivaahi-duotittatiileri","status":"publish","type":"product","link":"https:\/\/kaminameister.ee\/en\/tooted\/ahjud-kaminahjud\/leivaahjud\/kamin-leivaahi-duotittatiileri\/","title":{"rendered":"kamin-leivaahi (duo)TITTA(Tiileri)"},"content":{"rendered":"<p><i>Tuld tehakse ahju koldes ja leivaahjus!\u00a0<\/i><\/p>\n<p><i>kolle 390 x 580mm, k\u00f5rgus 550 mm. leivaahi 400 x 380mm, k\u00f5rgus 270 mm.<\/i><\/p>\n<p><i>Soojussalvestusv\u00f5ime<br \/>\n13,6h &#8211; 100%<br \/>\n34,1h &#8211; 50%<br \/>\n54,8h &#8211; 25%<\/i><\/p>\n<p><i>Maksimaalne k\u00fcttepuude kogus \/ k\u00fctmiskord: 16 kg<\/i><\/p>\n<p><i>Trendi mudelite pealmine osa keraamilise plaadiga: hinnalisa 95 \u20ac.Funkkis mudel,lisana keraamilised plaadid.Hinnalisa +130\u20ac<\/i><\/p>\n<p><i>Uputatud raamiga v\u00f5i v\u00e4rviline :lisahind + 105\u20ac.Musta krohvi hinnalisa\u00a0 +195\u20ac<\/i><\/p>\n<p><i>NB ! Mudelid on m\u00f5eldud ehitatavaks tulem\u00fc\u00fcri vastu ! Tagaseinas ei ole viimistluskatet,kate 310\u20ac<\/i><\/p>\n<p><a href=\"http:\/\/kaminameister.ee\/wp-content\/uploads\/2024\/06\/titta-pohjajoonised.pdf\">Titta p\u00f5hjajoonised<\/a><\/p>\n","protected":false},"excerpt":{"rendered":"<p><em>Kaal: 2200 kg, k\u00f5rgus: 1975 mm, laius: 910 mm, s\u00fcgavus: 910 mm, kasutegur: 85%, suitsugaasi temperatuur: 161\u00b0C, CO: 0.08%, soojusenergia: 58 kWh<\/em><\/p>\n<p><i>Kamin-leivaahi\u00a0<b>Titta Funkkis , krohvitud mudel<\/b>, alt\u00fchendusega,\u00a0<b>hind: 4 944\u20ac<\/b><\/i><\/p>\n<p><i>Kamin-leivaahi\u00a0<b>Titta Original, tellistest ,\u00a0<\/b>alt\u00fchendusega<b>, hind: 5 105\u20ac<\/b><br \/>\nKamin-leivaahi\u00a0<b>Titta Trendi , keraamiliste plaatidega mudel<\/b>, alt\u00fchendusega,\u00a0<b>hind: 5 439\u20ac<\/b><\/i><\/p>\n<p><i>Kamin-leivaahi\u00a0<b>Titta Classic tellistest , karniisidega,\u00a0<\/b>alt\u00fchendusega<b>, hind: 5 352\u20ac<\/b><\/i><\/p>\n<p><i>Hinnale lisandub \u00a0transport objektile ja soovi korral paigaldus.<\/i><\/p>\n","protected":false},"featured_media":2623,"comment_status":"open","ping_status":"closed","template":"","meta":{"_et_pb_use_builder":"","_et_pb_old_content":"","_et_gb_content_width":""},"product_brand":[154],"product_cat":[108,83],"product_tag":[],"class_list":{"0":"post-2622","1":"product","2":"type-product","3":"status-publish","4":"has-post-thumbnail","6":"product_brand-tiileri","7":"product_cat-ahjud-kaminahjud","8":"product_cat-leivaahjud","9":"pa_brand-tiileri","11":"first","12":"instock","13":"shipping-taxable","14":"purchasable","15":"product-type-simple"},"_links":{"self":[{"href":"https:\/\/kaminameister.ee\/en\/wp-json\/wp\/v2\/product\/2622","targetHints":{"allow":["GET"]}}],"collection":[{"href":"https:\/\/kaminameister.ee\/en\/wp-json\/wp\/v2\/product"}],"about":[{"href":"https:\/\/kaminameister.ee\/en\/wp-json\/wp\/v2\/types\/product"}],"replies":[{"embeddable":true,"href":"https:\/\/kaminameister.ee\/en\/wp-json\/wp\/v2\/comments?post=2622"}],"wp:featuredmedia":[{"embeddable":true,"href":"https:\/\/kaminameister.ee\/en\/wp-json\/wp\/v2\/media\/2623"}],"wp:attachment":[{"href":"https:\/\/kaminameister.ee\/en\/wp-json\/wp\/v2\/media?parent=2622"}],"wp:term":[{"taxonomy":"product_brand","embeddable":true,"href":"https:\/\/kaminameister.ee\/en\/wp-json\/wp\/v2\/product_brand?post=2622"},{"taxonomy":"product_cat","embeddable":true,"href":"https:\/\/kaminameister.ee\/en\/wp-json\/wp\/v2\/product_cat?post=2622"},{"taxonomy":"product_tag","embeddable":true,"href":"https:\/\/kaminameister.ee\/en\/wp-json\/wp\/v2\/product_tag?post=2622"}],"curies":[{"name":"wp","href":"https:\/\/api.w.org\/{rel}","templated":true}]}}