{"id":2609,"date":"2024-06-21T10:34:49","date_gmt":"2024-06-21T07:34:49","guid":{"rendered":"http:\/\/kaminameister.ee\/?post_type=product&#038;p=2609"},"modified":"2025-12-10T09:59:08","modified_gmt":"2025-12-10T07:59:08","slug":"kamin-leivaahiduo-tuuliatiileri","status":"publish","type":"product","link":"https:\/\/kaminameister.ee\/en\/tooted\/ahjud-kaminahjud\/leivaahjud\/kamin-leivaahiduo-tuuliatiileri\/","title":{"rendered":"kamin-leivaahi(duo) TUULIA(Tiileri)"},"content":{"rendered":"<p><i>Tuld tehakse ahju koldes ja leivaahjus, leivaahju saab tellida mudeli vasakule v\u00f5i paremale k\u00fcljele.<\/i><\/p>\n<p><i>K\u00fcttekolde m\u00f5\u00f5t: 310 x 580mm<br \/>\nLeivaahju m\u00f5\u00f5t: 470 x 570mm. \u00a0<\/i><\/p>\n<p><i>Soojussalvestusv\u00f5ime<br \/>\n13,1h &#8211; 100%<br \/>\n42,8h &#8211; 50%<br \/>\n68,4h &#8211; 25%<\/i><\/p>\n<p><i>Maksimaalne k\u00fcttepuude kogus \/ k\u00fctmiskord: 20 kg<\/i><\/p>\n<p><i>Mosaiiikplaadid Funnkis mudelite kolde \u00fcmber standardis.S\u00f6eplaadi lisahind kolde \u00fcmber +65\u20ac\/+105\u20ac,lisandub plaadisegu.<\/i><\/p>\n<p><i>Trendi mudelite pealmine osa keraamilise plaadiga: hinnalisa 95 \u20ac<\/i><\/p>\n<p><i>Standarduksed on tasapinnalised mustad v\u00f5i malmuksed.Uputatud raamiga v\u00f5i v\u00e4rviline :lisahind + 105\u20ac. Musta krohvi hinnalisa\u00a0 +195\u20ac<\/i><\/p>\n<p><i>NB ! Mudelid on m\u00f5eldud ehitatavaks tulem\u00fc\u00fcri vastu ! Tagaseinas ei ole viimistluskatet,kate 310\u20ac<\/i><\/p>\n<p><a href=\"http:\/\/kaminameister.ee\/wp-content\/uploads\/2024\/06\/tuulia-pohjajoonis.pdf\">Tuulia p\u00f5hjajoonis<\/a><\/p>\n","protected":false},"excerpt":{"rendered":"<p><em>Kaal: 3100 kg, k\u00f5rgus: 2050 mm, laius: 975 mm, s\u00fcgavus: 1075 mm, kasutegur: 87%, suitsugaasi temperatuur: 134\u00b0C, CO: 0.10%, soojusenergia: 76 kWh<\/em><\/p>\n<p><i>Kamin-leivaahi\u00a0<b>TUULIA Funkkis<\/b>\u00a0, krohvitud ,alt\u00fchendusega,\u00a0<b>hind: 5 563\u20ac<\/b><\/i><\/p>\n<p><i>Kamin-leivaahi\u00a0<b>TUULIA Original, tellistest ,\u00a0<\/b>alt\u00fchendusega<b>, hind: 5 724\u20ac<\/b><br \/>\nKamin-leivaahi\u00a0<b>TUULIA keraamiliste plaatidega<\/b>,\u00a0 alt\u00fchendusega,<b> hind: 6 059\u20ac<\/b><\/i><\/p>\n<p><i>Kamin-leivaahi\u00a0<b>TUULIA Classic, tellistest karniisidega , <\/b>alt\u00fchendusega<b>, hind:\u00a0 5 972\u20ac<\/b><\/i><\/p>\n<p><i>Hinnale lisandub \u00a0transport objektile ja soovi korral paigaldus.<\/i><\/p>\n","protected":false},"featured_media":2610,"comment_status":"open","ping_status":"closed","template":"","meta":{"_et_pb_use_builder":"","_et_pb_old_content":"","_et_gb_content_width":""},"product_brand":[154],"product_cat":[108,83],"product_tag":[],"class_list":{"0":"post-2609","1":"product","2":"type-product","3":"status-publish","4":"has-post-thumbnail","6":"product_brand-tiileri","7":"product_cat-ahjud-kaminahjud","8":"product_cat-leivaahjud","9":"pa_brand-tiileri","11":"first","12":"instock","13":"shipping-taxable","14":"purchasable","15":"product-type-simple"},"_links":{"self":[{"href":"https:\/\/kaminameister.ee\/en\/wp-json\/wp\/v2\/product\/2609","targetHints":{"allow":["GET"]}}],"collection":[{"href":"https:\/\/kaminameister.ee\/en\/wp-json\/wp\/v2\/product"}],"about":[{"href":"https:\/\/kaminameister.ee\/en\/wp-json\/wp\/v2\/types\/product"}],"replies":[{"embeddable":true,"href":"https:\/\/kaminameister.ee\/en\/wp-json\/wp\/v2\/comments?post=2609"}],"wp:featuredmedia":[{"embeddable":true,"href":"https:\/\/kaminameister.ee\/en\/wp-json\/wp\/v2\/media\/2610"}],"wp:attachment":[{"href":"https:\/\/kaminameister.ee\/en\/wp-json\/wp\/v2\/media?parent=2609"}],"wp:term":[{"taxonomy":"product_brand","embeddable":true,"href":"https:\/\/kaminameister.ee\/en\/wp-json\/wp\/v2\/product_brand?post=2609"},{"taxonomy":"product_cat","embeddable":true,"href":"https:\/\/kaminameister.ee\/en\/wp-json\/wp\/v2\/product_cat?post=2609"},{"taxonomy":"product_tag","embeddable":true,"href":"https:\/\/kaminameister.ee\/en\/wp-json\/wp\/v2\/product_tag?post=2609"}],"curies":[{"name":"wp","href":"https:\/\/api.w.org\/{rel}","templated":true}]}}