{"id":2551,"date":"2024-06-20T16:18:51","date_gmt":"2024-06-20T13:18:51","guid":{"rendered":"http:\/\/kaminameister.ee\/?post_type=product&#038;p=2551"},"modified":"2025-12-10T09:57:31","modified_gmt":"2025-12-10T07:57:31","slug":"kamin-leivaduoahi-amandatiileri","status":"publish","type":"product","link":"https:\/\/kaminameister.ee\/en\/tooted\/ahjud-kaminahjud\/leivaahjud\/kamin-leivaduoahi-amandatiileri\/","title":{"rendered":"kamin-leivaahi(duo) AMANDA(TIILERI)"},"content":{"rendered":"<p><i>Salvestav ahi.<\/i>\u00a0<i>Tuld tehakse ahju koldes ja leivaahju koldes, nn.DUO ahi.<\/i><\/p>\n<p><i>Soojussalvestusv\u00f5ime<br \/>\n11,3h &#8211; 100%<br \/>\n35,3h &#8211; 50%<br \/>\n53,7h &#8211; 25%<\/i><\/p>\n<p><i>Uks 410&#215;410 mm,leivaahjuuks teras 400&#215;535 mm ja malm 400x 435 mm.\u00a0<\/i><i>Kolle 410&#215;460 mm<\/i><\/p>\n<p><i>Puude maksimumkogus 15 kg \u00a0s.o 4x 3,75 kg.<\/i><\/p>\n<p><i> Mosaiiikplaadid Funkkis mudeli kolde \u00fcmber standardis.Keraamilise plaadi lisahind +63\u20ac\/+103,lisandub plaadisegu.<\/i><\/p>\n<p><i>\u00a0<\/i><em>550&#215;410 ukse puhul lisahind 250\u20ac, tasapinnalise ukse raamiga 410*410, lisahind 210\u20ac, t<\/em><em>asapinnalise ukse raamiga satiinkroom 410*410,lisahind \u00a0422\u20ac <\/em><\/p>\n<p><i><\/i><i>Trendi mudelite pealmine osa keraamilise plaadiga: hinnalisa 95 \u20ac.<\/i><\/p>\n<p><a href=\"http:\/\/kaminameister.ee\/wp-content\/uploads\/2024\/06\/amanda-pohjajoonis.pdf\">Amanda p\u00f5hjajoonis<\/a><\/p>\n<p>&nbsp;<\/p>\n","protected":false},"excerpt":{"rendered":"<p><em>Kaal: 2110\/2240 kg, nominaalv\u00f5imsus: 53 kW, k\u00f5rgus: 1900 alt\u00fchendusega \/2050 pealt\u00fchendusega mm, laius: 1070 mm, s\u00fcgavus: 775 mm, kasutegur: 91%, suitsugaasi temperatuur: 248\u00b0C, CO: 0.15, soojusenergia: 56 kWh<\/em><\/p>\n<p><b><i>AMANDA\u00a0 Funkkis\u00a0<\/i><\/b><i>, krohvitud,alt\u00fchendusega, <b>hind<\/b>\u00a0<\/i><b><i>5 377\u20ac<\/i><\/b><\/p>\n<p><b><i>AMANDA Original, <\/i><\/b><i>tellistest,alt\u00fchendusega<\/i><b><i>, hind 5 538\u20ac<\/i><\/b><\/p>\n<p><b><i>AMANDA\u00a0 Trendi<\/i><\/b><i>, keraamiliste plaatidega, alt<\/i><i>\u00fchendusega, <b>hind<\/b>\u00a0<b>5 873\u20ac<\/b><\/i><\/p>\n<p><b><i>AMANDA\u00a0 Funkkis\u00a0<\/i><\/b><i>,krohvitud,pealt\u00fchendusega,\u00a0<\/i><b><i>hind 5 613\u20ac<\/i><\/b><\/p>\n<p><b><i>AMANDA Original, <\/i><\/b><i>tellistest<\/i><b><i>, <\/i><\/b><i>pealt\u00fchendusega<\/i><b><i>, hind 5 774\u20ac<\/i><\/b><\/p>\n<p><b><i>AMANDA\u00a0 Trendi<\/i><\/b><i>, keraamiliste plaatidega<b>, <\/b>pealt\u00fchendusega, <\/i><b><i>hind 6 108\u20ac<\/i><\/b><\/p>\n<p><i>Hinnale lisandub transport objektile ja soovi korral paigaldus.<\/i><\/p>\n","protected":false},"featured_media":2552,"comment_status":"open","ping_status":"closed","template":"","meta":{"_et_pb_use_builder":"","_et_pb_old_content":"","_et_gb_content_width":""},"product_brand":[154],"product_cat":[108,83],"product_tag":[],"class_list":{"0":"post-2551","1":"product","2":"type-product","3":"status-publish","4":"has-post-thumbnail","6":"product_brand-tiileri","7":"product_cat-ahjud-kaminahjud","8":"product_cat-leivaahjud","9":"pa_brand-tiileri","11":"first","12":"instock","13":"shipping-taxable","14":"purchasable","15":"product-type-simple"},"_links":{"self":[{"href":"https:\/\/kaminameister.ee\/en\/wp-json\/wp\/v2\/product\/2551","targetHints":{"allow":["GET"]}}],"collection":[{"href":"https:\/\/kaminameister.ee\/en\/wp-json\/wp\/v2\/product"}],"about":[{"href":"https:\/\/kaminameister.ee\/en\/wp-json\/wp\/v2\/types\/product"}],"replies":[{"embeddable":true,"href":"https:\/\/kaminameister.ee\/en\/wp-json\/wp\/v2\/comments?post=2551"}],"wp:featuredmedia":[{"embeddable":true,"href":"https:\/\/kaminameister.ee\/en\/wp-json\/wp\/v2\/media\/2552"}],"wp:attachment":[{"href":"https:\/\/kaminameister.ee\/en\/wp-json\/wp\/v2\/media?parent=2551"}],"wp:term":[{"taxonomy":"product_brand","embeddable":true,"href":"https:\/\/kaminameister.ee\/en\/wp-json\/wp\/v2\/product_brand?post=2551"},{"taxonomy":"product_cat","embeddable":true,"href":"https:\/\/kaminameister.ee\/en\/wp-json\/wp\/v2\/product_cat?post=2551"},{"taxonomy":"product_tag","embeddable":true,"href":"https:\/\/kaminameister.ee\/en\/wp-json\/wp\/v2\/product_tag?post=2551"}],"curies":[{"name":"wp","href":"https:\/\/api.w.org\/{rel}","templated":true}]}}