{"id":2544,"date":"2024-06-20T15:27:32","date_gmt":"2024-06-20T12:27:32","guid":{"rendered":"http:\/\/kaminameister.ee\/?post_type=product&#038;p=2544"},"modified":"2025-10-23T11:26:25","modified_gmt":"2025-10-23T08:26:25","slug":"original-ja-classic-jussitiileri","status":"publish","type":"product","link":"https:\/\/kaminameister.ee\/en\/tooted\/ahjud-kaminahjud\/tellistest-ahjud\/original-ja-classic-jussitiileri\/","title":{"rendered":"Original ja Classic JUSSI(Tiileri)"},"content":{"rendered":"<p><i>Kolde m\u00f5\u00f5t alt\u00fchendusega mudelil 390x 580mm,pealt\u00fchendusega mudelil 390*535 mm<\/i><\/p>\n<p><b><i>Soojussalvestusv\u00f5ime<\/i><\/b><i><br \/>\n13,6h &#8211; 100%<br \/>\n34,1h &#8211; 50%<br \/>\n54,8h &#8211; 25%<\/i><\/p>\n<p><i>Maksimaalne k\u00fcttepuude kogus \/ k\u00fctmiskord: 16 kg<\/i><\/p>\n<p><i>Original-mudelid: sile tellispind. Classic-mudelid: kaared,klombitud karniisid ja riiulid.<\/i><\/p>\n<p><i>Standarduksed on tasapinnalised mustad v\u00f5i malmuksed.Uputatud raamiga v\u00f5i v\u00e4rviline :lisahind + 105\u20ac.<\/i><\/p>\n<p><i>NB ! Mudel on m\u00f5eldud ehitatavaks tulem\u00fc\u00fcri vastu ! Tagaseinas ei ole viimistluskatet,1 k\u00fclg 275\u20ac,2 k\u00fclge 435\u20ac.<\/i><\/p>\n","protected":false},"excerpt":{"rendered":"<p><em>Kaal: 2100\/2200 kg, k\u00f5rgus: 1900 alt\u00fchendusega \/ 2050 pealt\u00fchendusega mm, laius: 910 mm, s\u00fcgavus: 910 mm, kasutegur: 85%, suitsugaasi temperatuur: 161\u00b0C,CO: 0.08%, soojusenergia: 58 kWh<\/em><\/p>\n<p><b><i>JUSSI Original<\/i><\/b><i>, alt\u00fchendusega,\u00a0<b>hind: 4 175\u20ac<\/b><\/i><\/p>\n<p><b><i>JUSSI Original<\/i><\/b><i>, pealt\u00fchendusega,\u00a0<b>hind: 4 411\u20ac<\/b><br \/>\n<\/i><\/p>\n<p><b><i>JUSSI Classic<\/i><\/b><i>, karniiside ja ni\u0161iga,alt\u00fchendusega,\u00a0<b>hind: 4 423\u20ac<\/b><br \/>\n<\/i><\/p>\n<p><b><i>JUSSI Classic,<\/i><\/b><i>\u00a0karniiside ja ni\u0161iga, pealt\u00fchendusega,\u00a0<b>hind: 4 659\u20ac<\/b><\/i><\/p>\n<p><i>Hinnale lisandub transport objektile ja soovi korral paigaldus.<\/i><\/p>\n<p><a href=\"http:\/\/kaminameister.ee\/wp-content\/uploads\/2024\/06\/jussi-pohjajoonised.pdf\">Jussi p\u00f5hjajoonised<\/a><\/p>\n","protected":false},"featured_media":2545,"comment_status":"open","ping_status":"closed","template":"","meta":{"_et_pb_use_builder":"","_et_pb_old_content":"","_et_gb_content_width":""},"product_brand":[154],"product_cat":[108,82],"product_tag":[],"class_list":{"0":"post-2544","1":"product","2":"type-product","3":"status-publish","4":"has-post-thumbnail","6":"product_brand-tiileri","7":"product_cat-ahjud-kaminahjud","8":"product_cat-tellistest-ahjud","9":"pa_brand-tiileri","11":"first","12":"instock","13":"shipping-taxable","14":"purchasable","15":"product-type-simple"},"_links":{"self":[{"href":"https:\/\/kaminameister.ee\/en\/wp-json\/wp\/v2\/product\/2544","targetHints":{"allow":["GET"]}}],"collection":[{"href":"https:\/\/kaminameister.ee\/en\/wp-json\/wp\/v2\/product"}],"about":[{"href":"https:\/\/kaminameister.ee\/en\/wp-json\/wp\/v2\/types\/product"}],"replies":[{"embeddable":true,"href":"https:\/\/kaminameister.ee\/en\/wp-json\/wp\/v2\/comments?post=2544"}],"wp:featuredmedia":[{"embeddable":true,"href":"https:\/\/kaminameister.ee\/en\/wp-json\/wp\/v2\/media\/2545"}],"wp:attachment":[{"href":"https:\/\/kaminameister.ee\/en\/wp-json\/wp\/v2\/media?parent=2544"}],"wp:term":[{"taxonomy":"product_brand","embeddable":true,"href":"https:\/\/kaminameister.ee\/en\/wp-json\/wp\/v2\/product_brand?post=2544"},{"taxonomy":"product_cat","embeddable":true,"href":"https:\/\/kaminameister.ee\/en\/wp-json\/wp\/v2\/product_cat?post=2544"},{"taxonomy":"product_tag","embeddable":true,"href":"https:\/\/kaminameister.ee\/en\/wp-json\/wp\/v2\/product_tag?post=2544"}],"curies":[{"name":"wp","href":"https:\/\/api.w.org\/{rel}","templated":true}]}}