{"id":2534,"date":"2024-06-20T15:20:48","date_gmt":"2024-06-20T12:20:48","guid":{"rendered":"http:\/\/kaminameister.ee\/?post_type=product&#038;p=2534"},"modified":"2025-10-23T11:33:04","modified_gmt":"2025-10-23T08:33:04","slug":"original-ja-classic-pikku-jussitiileri","status":"publish","type":"product","link":"https:\/\/kaminameister.ee\/en\/tooted\/ahjud-kaminahjud\/tellistest-ahjud\/original-ja-classic-pikku-jussitiileri\/","title":{"rendered":"Original ja Classic PIKKU-JUSSI(Tiileri)"},"content":{"rendered":"<p><i>kolle alt\u00fchendusega mudelil 310*460 mm, pealt\u00fchendusega mudelil 310*390 mm<\/i><\/p>\n<p><b><i>Soojussalvestusv\u00f5ime<\/i><\/b><i><br \/>\n11,2h &#8211; 100%<br \/>\n32,1h &#8211; 50%<br \/>\n55,5h &#8211; 25%<\/i><\/p>\n<p><i>Maksimaalne k\u00fcttepuude kogus \/ k\u00fctmiskord: 12,5 kg<\/i><\/p>\n<p><i>Original-mudelid: sile tellispind. Classic-mudelid: kaared,klombitud karniisid ja riiulid.<\/i><\/p>\n<p><i>Standarduksed on tasapinnalised mustad v\u00f5i malmuksed.Uputatud raamiga v\u00f5i v\u00e4rviline :lisahind + 105\u20ac.<\/i><\/p>\n<p><i>NB ! Mudel on m\u00f5eldud ehitatavaks tulem\u00fc\u00fcri vastu ! Tagaseinas ei ole viimistluskatet,1 k\u00fclg 275\u20ac,2 k\u00fclge 435\u20ac.<\/i><\/p>\n","protected":false},"excerpt":{"rendered":"<p><em>Kaal: 1600 kg, k\u00f5rgus: 1620 alt\u00fchendusega \/1900 pealt\u00fchendusega mm, laius 805 mm, s\u00fcgavus 805 mm, kasutegur: 85%, suitsugaasi temperatuur: 166\u00b0C, CO: 0.09%, soojusenergia: 47 kWh<\/em><\/p>\n<p><b><i>PIKKU-JUSSI Original<\/i><\/b><i>, mudel alt\u00fchendusega<b>, hind: 3 494\u20ac<\/b><\/i><\/p>\n<p><b><i>PIKKU-JUSSI Original<\/i><\/b><i>, mudel pealt\u00fchendusega<b>, hind: 3 729\u20ac<\/b><\/i><\/p>\n<p><b><i>PIKKU-JUSSI Class<\/i><i>ic<\/i><\/b><i>,karniiside ja ni\u0161iga,mudel alt\u00fchendusega<b>, hind: 3 742\u20ac<\/b><\/i><\/p>\n<p><b><i>PIKKU-JUSSI Classic<\/i><\/b><i>, karniiside ja ni\u0161iga,mudel pealt\u00fchendusega<b>, hind: 3 977\u20ac<\/b><\/i><\/p>\n<p><i>Hinnale lisandub transport objektile ja soovi korral paigaldus.<\/i><\/p>\n<p><a href=\"http:\/\/kaminameister.ee\/wp-content\/uploads\/2024\/06\/pikkujussi-pohjajoonised.pdf\">PikkuJussi p\u00f5hjajoonised<\/a><\/p>\n","protected":false},"featured_media":2535,"comment_status":"open","ping_status":"closed","template":"","meta":{"_et_pb_use_builder":"","_et_pb_old_content":"","_et_gb_content_width":""},"product_brand":[154],"product_cat":[108,82],"product_tag":[],"class_list":{"0":"post-2534","1":"product","2":"type-product","3":"status-publish","4":"has-post-thumbnail","6":"product_brand-tiileri","7":"product_cat-ahjud-kaminahjud","8":"product_cat-tellistest-ahjud","9":"pa_brand-tiileri","11":"first","12":"instock","13":"shipping-taxable","14":"purchasable","15":"product-type-simple"},"_links":{"self":[{"href":"https:\/\/kaminameister.ee\/en\/wp-json\/wp\/v2\/product\/2534","targetHints":{"allow":["GET"]}}],"collection":[{"href":"https:\/\/kaminameister.ee\/en\/wp-json\/wp\/v2\/product"}],"about":[{"href":"https:\/\/kaminameister.ee\/en\/wp-json\/wp\/v2\/types\/product"}],"replies":[{"embeddable":true,"href":"https:\/\/kaminameister.ee\/en\/wp-json\/wp\/v2\/comments?post=2534"}],"wp:featuredmedia":[{"embeddable":true,"href":"https:\/\/kaminameister.ee\/en\/wp-json\/wp\/v2\/media\/2535"}],"wp:attachment":[{"href":"https:\/\/kaminameister.ee\/en\/wp-json\/wp\/v2\/media?parent=2534"}],"wp:term":[{"taxonomy":"product_brand","embeddable":true,"href":"https:\/\/kaminameister.ee\/en\/wp-json\/wp\/v2\/product_brand?post=2534"},{"taxonomy":"product_cat","embeddable":true,"href":"https:\/\/kaminameister.ee\/en\/wp-json\/wp\/v2\/product_cat?post=2534"},{"taxonomy":"product_tag","embeddable":true,"href":"https:\/\/kaminameister.ee\/en\/wp-json\/wp\/v2\/product_tag?post=2534"}],"curies":[{"name":"wp","href":"https:\/\/api.w.org\/{rel}","templated":true}]}}