{"id":2523,"date":"2024-06-20T15:06:12","date_gmt":"2024-06-20T12:06:12","guid":{"rendered":"http:\/\/kaminameister.ee\/?post_type=product&#038;p=2523"},"modified":"2025-10-23T11:34:36","modified_gmt":"2025-10-23T08:34:36","slug":"original-sofia-tunnelitiileri","status":"publish","type":"product","link":"https:\/\/kaminameister.ee\/en\/tooted\/ahjud-kaminahjud\/tellistest-ahjud\/original-sofia-tunnelitiileri\/","title":{"rendered":"Original SOFIA Tunneli(Tiileri)"},"content":{"rendered":"<p><i>Kolde m\u00f5\u00f5t: 410 x 770mm<\/i><\/p>\n<p><i><b>Soojussalvestusv\u00f5ime<\/b><br \/>\n11,3h &#8211; 100%<br \/>\n35,3 h &#8211; 50%<br \/>\n53,7h &#8211; 25%<\/i><\/p>\n<p><i>Maksimaalne k\u00fcttepuude kogus \/ k\u00fctmiskord: 15 kg<\/i><\/p>\n<p><i>Mudelil \u00a0viimistluskate.<\/i><\/p>\n<p><i>Standarduksed on tasapinnalised mustad v\u00f5i malmuksed.Uputatud raamiga v\u00f5i v\u00e4rviline :lisahind + 105\u20acX2.\u00a0<\/i><\/p>\n","protected":false},"excerpt":{"rendered":"<p><em>Kaal: 1880 kg, k\u00f5rgus: 1900 mm, laius: 1070 mm, s\u00fcgavus: 775 mm, kasutegur: 91%, suitsugaasi temperatuur: 113\u00b0C, CO: 0.15%, soojusenergia: 56 kWh<\/em><\/p>\n<p><b><i>SOFIA TUNNELI Original,<\/i><\/b>\u00a0<i>mudel alt\u00fchendusega,\u00a0<b>hind: 4 981\u20ac<\/b><br \/>\n<\/i><b><i>SOFIA TUNNELI Original,\u00a0<\/i><\/b><i>mudel pealt\u00fchendusega,\u00a0<b>hind: 5 216\u20ac<\/b><\/i><\/p>\n<p><strong><i>Lisahind mudelile pikliku uksega 550&#215;410 mm,2 tk.,hind 500\u20ac<\/i><\/strong><\/p>\n<p><a href=\"http:\/\/kaminameister.ee\/wp-content\/uploads\/2024\/06\/sofia-tunneli-pohjajoonised.pdf\">Sofia Tunneli p\u00f5hjajoonised<\/a><\/p>\n<p><i>Hinnale lisandub transport objektile ja soovi korral paigaldus.<\/i><\/p>\n","protected":false},"featured_media":2527,"comment_status":"open","ping_status":"closed","template":"","meta":{"_et_pb_use_builder":"","_et_pb_old_content":"","_et_gb_content_width":""},"product_brand":[154],"product_cat":[108,82],"product_tag":[],"class_list":{"0":"post-2523","1":"product","2":"type-product","3":"status-publish","4":"has-post-thumbnail","6":"product_brand-tiileri","7":"product_cat-ahjud-kaminahjud","8":"product_cat-tellistest-ahjud","9":"pa_brand-tiileri","11":"first","12":"instock","13":"shipping-taxable","14":"purchasable","15":"product-type-simple"},"_links":{"self":[{"href":"https:\/\/kaminameister.ee\/en\/wp-json\/wp\/v2\/product\/2523","targetHints":{"allow":["GET"]}}],"collection":[{"href":"https:\/\/kaminameister.ee\/en\/wp-json\/wp\/v2\/product"}],"about":[{"href":"https:\/\/kaminameister.ee\/en\/wp-json\/wp\/v2\/types\/product"}],"replies":[{"embeddable":true,"href":"https:\/\/kaminameister.ee\/en\/wp-json\/wp\/v2\/comments?post=2523"}],"wp:featuredmedia":[{"embeddable":true,"href":"https:\/\/kaminameister.ee\/en\/wp-json\/wp\/v2\/media\/2527"}],"wp:attachment":[{"href":"https:\/\/kaminameister.ee\/en\/wp-json\/wp\/v2\/media?parent=2523"}],"wp:term":[{"taxonomy":"product_brand","embeddable":true,"href":"https:\/\/kaminameister.ee\/en\/wp-json\/wp\/v2\/product_brand?post=2523"},{"taxonomy":"product_cat","embeddable":true,"href":"https:\/\/kaminameister.ee\/en\/wp-json\/wp\/v2\/product_cat?post=2523"},{"taxonomy":"product_tag","embeddable":true,"href":"https:\/\/kaminameister.ee\/en\/wp-json\/wp\/v2\/product_tag?post=2523"}],"curies":[{"name":"wp","href":"https:\/\/api.w.org\/{rel}","templated":true}]}}