{"id":2519,"date":"2024-06-20T14:59:50","date_gmt":"2024-06-20T11:59:50","guid":{"rendered":"http:\/\/kaminameister.ee\/?post_type=product&#038;p=2519"},"modified":"2025-10-23T11:35:13","modified_gmt":"2025-10-23T08:35:13","slug":"original-sofiatiileri","status":"publish","type":"product","link":"https:\/\/kaminameister.ee\/en\/tooted\/ahjud-kaminahjud\/tellistest-ahjud\/original-sofiatiileri\/","title":{"rendered":"Original SOFIA(Tiileri)"},"content":{"rendered":"<p><i>Ukse m\u00f5\u00f5t 410&#215;410 v\u00f5i 410 x 550mm .\u00a0<\/i><i>Kolde m\u00f5\u00f5t: 410 x 460mm<\/i><\/p>\n<p><i>Soojussalvestusv\u00f5ime<br \/>\n11,3h &#8211; 100%<br \/>\n35,3h &#8211; 50%<br \/>\n53,7h &#8211; 25%<\/i><\/p>\n<p><i>Maksimaalne k\u00fcttepuude kogus \/ k\u00fctmiskord: 15 kg<\/i><\/p>\n<p>(<i>Pildi\u00a0 mudel\u00a0 Sofia Original,Tundra 2)\u00a0<\/i><\/p>\n<p><i>Standarduksed on tasapinnalised mustad v\u00f5i malmuksed.Uputatud raamiga v\u00f5i v\u00e4rviline :lisahind + 105\u20ac.<\/i><\/p>\n<p><i>Mudeli tagaseinas viimistluskate !<\/i><\/p>\n","protected":false},"excerpt":{"rendered":"<p><em>Kaal: 1950\/1980 kg, k\u00f5rgus: 1900 mm, laius: 1070 mm, s\u00fcgavus: 775 mm, kasutegur: 91%, suitsugaasi temperatuur: 284?C,CO: 0.15, soojusenergia: 59 kWh<\/em><\/p>\n<p><b><i>ORIGINAL SOFIA<\/i><\/b><i>, mudel alt\u00fchendusega,\u00a0<\/i><b><i>hind: 3 990\u20ac<\/i><\/b><\/p>\n<p><b><i>ORIGINAL SOFIA<\/i><\/b><i>, mudel pealt\u00fchendusega,\u00a0<\/i><b><i>hind: 4 225\u20ac<\/i><\/b><\/p>\n<p><b><i>Laia uksega, 550*410 : lisahind: 250\u20ac<\/i><\/b><\/p>\n<p><b><i>Original SOFIA,pikliku uksega,\u00a0<\/i><\/b><i>alt\u00fchendusega,<\/i><b><i> hind: 4 361\u20ac<\/i><\/b><\/p>\n<p><b><i>Original SOFIA, pikliku uksega,\u00a0<\/i><\/b><i>pealt\u00fchendusega<\/i><b><i>, hind: 4 597\u20ac\u00a0 \u00a0 <\/i><\/b><\/p>\n<p><i>Hinnale lisandub transport objektile ja soovi korral paigaldus<\/i><\/p>\n<p><a href=\"http:\/\/kaminameister.ee\/wp-content\/uploads\/2024\/06\/sofia-pohjajoonised.pdf\">Sofia p\u00f5hjajoonised<\/a><\/p>\n<p>&nbsp;<\/p>\n","protected":false},"featured_media":2520,"comment_status":"open","ping_status":"closed","template":"","meta":{"_et_pb_use_builder":"","_et_pb_old_content":"","_et_gb_content_width":""},"product_brand":[154],"product_cat":[108,82],"product_tag":[],"class_list":{"0":"post-2519","1":"product","2":"type-product","3":"status-publish","4":"has-post-thumbnail","6":"product_brand-tiileri","7":"product_cat-ahjud-kaminahjud","8":"product_cat-tellistest-ahjud","9":"pa_brand-tiileri","11":"first","12":"instock","13":"shipping-taxable","14":"purchasable","15":"product-type-simple"},"_links":{"self":[{"href":"https:\/\/kaminameister.ee\/en\/wp-json\/wp\/v2\/product\/2519","targetHints":{"allow":["GET"]}}],"collection":[{"href":"https:\/\/kaminameister.ee\/en\/wp-json\/wp\/v2\/product"}],"about":[{"href":"https:\/\/kaminameister.ee\/en\/wp-json\/wp\/v2\/types\/product"}],"replies":[{"embeddable":true,"href":"https:\/\/kaminameister.ee\/en\/wp-json\/wp\/v2\/comments?post=2519"}],"wp:featuredmedia":[{"embeddable":true,"href":"https:\/\/kaminameister.ee\/en\/wp-json\/wp\/v2\/media\/2520"}],"wp:attachment":[{"href":"https:\/\/kaminameister.ee\/en\/wp-json\/wp\/v2\/media?parent=2519"}],"wp:term":[{"taxonomy":"product_brand","embeddable":true,"href":"https:\/\/kaminameister.ee\/en\/wp-json\/wp\/v2\/product_brand?post=2519"},{"taxonomy":"product_cat","embeddable":true,"href":"https:\/\/kaminameister.ee\/en\/wp-json\/wp\/v2\/product_cat?post=2519"},{"taxonomy":"product_tag","embeddable":true,"href":"https:\/\/kaminameister.ee\/en\/wp-json\/wp\/v2\/product_tag?post=2519"}],"curies":[{"name":"wp","href":"https:\/\/api.w.org\/{rel}","templated":true}]}}