{"id":2515,"date":"2024-06-20T14:55:40","date_gmt":"2024-06-20T11:55:40","guid":{"rendered":"http:\/\/kaminameister.ee\/?post_type=product&#038;p=2515"},"modified":"2025-06-17T13:24:50","modified_gmt":"2025-06-17T10:24:50","slug":"original-ja-classic-lauritiileri","status":"publish","type":"product","link":"https:\/\/kaminameister.ee\/en\/tooted\/ahjud-kaminahjud\/tellistest-ahjud\/original-ja-classic-lauritiileri\/","title":{"rendered":"Original ja Classic LAURI(Tiileri)"},"content":{"rendered":"<p><i>Kolde m\u00f5\u00f5t: 390 x 450mm<\/i><\/p>\n<p><b><i>Soojussalvestusv\u00f5ime<\/i><\/b><i><br \/>\n11,3h &#8211; 100%<br \/>\n35,3 h &#8211; 50%<br \/>\n53,7h &#8211; 25%<\/i><\/p>\n<p><i>Maksimaalne k\u00fcttepuude kogus \/ k\u00fctmiskord: 15 kg<\/i><\/p>\n<p><i>Original-mudelid: sile tellispind. Classic-mudelid: kaared,klombitud karniisid ja riiulid.<\/i><\/p>\n<p><i>Standarduksed on mustad ja malmuksed.Tasapinnalise ukse raamiga v\u00f5i v\u00e4rviline :lisahind + 105\u20ac.\u00a0<\/i><\/p>\n<p><i>NB ! Mudel on m\u00f5eldud ehitatavaks tulem\u00fc\u00fcri vastu ! Tagaseinas ei ole viimistluskatet,kate 335\u20ac<\/i><\/p>\n","protected":false},"excerpt":{"rendered":"<p><em>Kaal: 2050\/2150 kg, k\u00f5rgus: 1900 mm, laius: 1065 mm, s\u00fcgavus: 680 mm, kasutegur: 91%, suitsugaasi temperatuur: 113\u00b0C, CO: 0.15%, soojusenergia: 56 kWh<\/em><\/p>\n<p><b><i>LAURI Original<\/i><\/b><i>, mudel alt\u00fchendusega,\u00a0<b>hind: 3 866\u20ac<\/b><br \/>\n<\/i><b><i>LAURI Original,<\/i><\/b><i>\u00a0mudel pealt\u00fchendusega,\u00a0<b>hind: 4 101\u20ac<\/b><\/i><\/p>\n<p><b><i>LAURI \u00a0Classic,<\/i><\/b><i>karniiside ja ni\u0161iga, mudel alt\u00fchendusega,<b> hind: 4 113\u20ac<\/b><\/i><\/p>\n<p><b><i>LAURI \u00a0Classic,<\/i><\/b><i>karniiside ja ni\u0161iga,\u00a0mudel pealt\u00fchendusega,<b> hind: 4 349\u20ac<\/b><\/i><\/p>\n<p><i><b>Uksega 550*410 :ainult alt\u00fchendus,lisahind 250\u20ac<\/b><\/i><\/p>\n<p><a href=\"http:\/\/kaminameister.ee\/wp-content\/uploads\/2024\/06\/lauri-pohjajoonised.pdf\">Lauri p\u00f5hjajoonised<\/a><\/p>\n","protected":false},"featured_media":2516,"comment_status":"open","ping_status":"closed","template":"","meta":{"_et_pb_use_builder":"","_et_pb_old_content":"","_et_gb_content_width":""},"product_brand":[154],"product_cat":[108,82],"product_tag":[],"class_list":{"0":"post-2515","1":"product","2":"type-product","3":"status-publish","4":"has-post-thumbnail","6":"product_brand-tiileri","7":"product_cat-ahjud-kaminahjud","8":"product_cat-tellistest-ahjud","9":"pa_brand-tiileri","11":"first","12":"instock","13":"shipping-taxable","14":"purchasable","15":"product-type-simple"},"_links":{"self":[{"href":"https:\/\/kaminameister.ee\/en\/wp-json\/wp\/v2\/product\/2515","targetHints":{"allow":["GET"]}}],"collection":[{"href":"https:\/\/kaminameister.ee\/en\/wp-json\/wp\/v2\/product"}],"about":[{"href":"https:\/\/kaminameister.ee\/en\/wp-json\/wp\/v2\/types\/product"}],"replies":[{"embeddable":true,"href":"https:\/\/kaminameister.ee\/en\/wp-json\/wp\/v2\/comments?post=2515"}],"wp:featuredmedia":[{"embeddable":true,"href":"https:\/\/kaminameister.ee\/en\/wp-json\/wp\/v2\/media\/2516"}],"wp:attachment":[{"href":"https:\/\/kaminameister.ee\/en\/wp-json\/wp\/v2\/media?parent=2515"}],"wp:term":[{"taxonomy":"product_brand","embeddable":true,"href":"https:\/\/kaminameister.ee\/en\/wp-json\/wp\/v2\/product_brand?post=2515"},{"taxonomy":"product_cat","embeddable":true,"href":"https:\/\/kaminameister.ee\/en\/wp-json\/wp\/v2\/product_cat?post=2515"},{"taxonomy":"product_tag","embeddable":true,"href":"https:\/\/kaminameister.ee\/en\/wp-json\/wp\/v2\/product_tag?post=2515"}],"curies":[{"name":"wp","href":"https:\/\/api.w.org\/{rel}","templated":true}]}}