{"id":2511,"date":"2024-06-20T14:51:43","date_gmt":"2024-06-20T11:51:43","guid":{"rendered":"http:\/\/kaminameister.ee\/?post_type=product&#038;p=2511"},"modified":"2025-10-23T11:36:20","modified_gmt":"2025-10-23T08:36:20","slug":"original-ja-classic-pikku-lauritiileri","status":"publish","type":"product","link":"https:\/\/kaminameister.ee\/en\/tooted\/ahjud-kaminahjud\/tellistest-ahjud\/original-ja-classic-pikku-lauritiileri\/","title":{"rendered":"Original ja Classic PIKKU-LAURI(Tiileri)"},"content":{"rendered":"<p><i>Kolde m\u00f5\u00f5t: 345 x 410mm<\/i><\/p>\n<p><b><i>Soojussalvestusv\u00f5ime<\/i><\/b><i><br \/>\n10h &#8211; 100%<br \/>\n29 h &#8211; 50%<br \/>\n46h &#8211; 25%<\/i><\/p>\n<p><i>Maksimaalne k\u00fcttepuude kogus \/ k\u00fctmiskord: 12 kg<\/i><\/p>\n<p><i>Original-mudelid: sile tellispind. Classic-mudelid: kaared,klombitud karniisid ja riiulid.<\/i><\/p>\n<p><i>NB ! Mudel on m\u00f5eldud ehitatavaks tulem\u00fc\u00fcri vastu !Tagaseinas ei ole viimistluskatet,kate 335\u20ac<br \/>\n<\/i><\/p>\n<p><i>Standarduksed on tasapinnalised mustad v\u00f5i malmuksed.Uputatud raamiga v\u00f5i v\u00e4rviline :lisahind + 105\u20ac.<\/i><\/p>\n","protected":false},"excerpt":{"rendered":"<p><em>Kaal: 1600\/1650 kg, k\u00f5rgus: 1825 mm, laius: 975 mm, s\u00fcgavus: 580 mm, kasutegur: 86%, suitsugaasi temperatuur: 162\u00b0C, CO: 0.10%, soojusenergia: 45 kWh<\/em><\/p>\n<p><b><i>PIKKU-LAURI Original<\/i><\/b><i>, mudel alt\u00fchendusega,<b> hind: 3 432\u20ac<\/b><\/i><\/p>\n<p><b><i>PIKKU-LAURI Original<\/i><\/b><i>, mudel pealt\u00fchendusega,<b> hind: 3 667\u20ac<\/b><\/i><\/p>\n<p><b><i>PIKKU-LAURI Classic<\/i><\/b><i>,karniiside ja ni\u0161iga, mudel alt\u00fchendusega,\u00a0<b>hind: 3 680\u20ac<\/b><br \/>\n<\/i><\/p>\n<p><b><i>PIKKU-LAURI Classic,<\/i><\/b><i>karniiside ja ni\u0161iga, mudel pealt\u00fchendusega,\u00a0<b>hind: 3 915\u20ac<\/b><\/i><\/p>\n<p><i>Hinnale lisandub transport objektile ja soovi korral paigaldus.<\/i><\/p>\n<p><img loading=\"lazy\" decoding=\"async\" class=\"alignnone size-medium wp-image-2366\" src=\"http:\/\/kaminameister.ee\/wp-content\/uploads\/2024\/06\/pikkulauri-al-300x189.jpg\" alt=\"\" width=\"300\" height=\"189\" \/><img loading=\"lazy\" decoding=\"async\" class=\"alignnone size-medium wp-image-2369\" src=\"http:\/\/kaminameister.ee\/wp-content\/uploads\/2024\/06\/pikkulauri-pl-300x190.jpg\" alt=\"\" width=\"300\" height=\"190\" \/><\/p>\n","protected":false},"featured_media":2512,"comment_status":"open","ping_status":"closed","template":"","meta":{"_et_pb_use_builder":"","_et_pb_old_content":"","_et_gb_content_width":""},"product_brand":[154],"product_cat":[108,82],"product_tag":[],"class_list":{"0":"post-2511","1":"product","2":"type-product","3":"status-publish","4":"has-post-thumbnail","6":"product_brand-tiileri","7":"product_cat-ahjud-kaminahjud","8":"product_cat-tellistest-ahjud","9":"pa_brand-tiileri","11":"first","12":"instock","13":"shipping-taxable","14":"purchasable","15":"product-type-simple"},"_links":{"self":[{"href":"https:\/\/kaminameister.ee\/en\/wp-json\/wp\/v2\/product\/2511","targetHints":{"allow":["GET"]}}],"collection":[{"href":"https:\/\/kaminameister.ee\/en\/wp-json\/wp\/v2\/product"}],"about":[{"href":"https:\/\/kaminameister.ee\/en\/wp-json\/wp\/v2\/types\/product"}],"replies":[{"embeddable":true,"href":"https:\/\/kaminameister.ee\/en\/wp-json\/wp\/v2\/comments?post=2511"}],"wp:featuredmedia":[{"embeddable":true,"href":"https:\/\/kaminameister.ee\/en\/wp-json\/wp\/v2\/media\/2512"}],"wp:attachment":[{"href":"https:\/\/kaminameister.ee\/en\/wp-json\/wp\/v2\/media?parent=2511"}],"wp:term":[{"taxonomy":"product_brand","embeddable":true,"href":"https:\/\/kaminameister.ee\/en\/wp-json\/wp\/v2\/product_brand?post=2511"},{"taxonomy":"product_cat","embeddable":true,"href":"https:\/\/kaminameister.ee\/en\/wp-json\/wp\/v2\/product_cat?post=2511"},{"taxonomy":"product_tag","embeddable":true,"href":"https:\/\/kaminameister.ee\/en\/wp-json\/wp\/v2\/product_tag?post=2511"}],"curies":[{"name":"wp","href":"https:\/\/api.w.org\/{rel}","templated":true}]}}