{"id":2500,"date":"2024-06-20T14:40:44","date_gmt":"2024-06-20T11:40:44","guid":{"rendered":"http:\/\/kaminameister.ee\/?post_type=product&#038;p=2500"},"modified":"2025-10-23T11:37:36","modified_gmt":"2025-10-23T08:37:36","slug":"original-ja-classic-teemutiileri","status":"publish","type":"product","link":"https:\/\/kaminameister.ee\/en\/tooted\/ahjud-kaminahjud\/tellistest-ahjud\/original-ja-classic-teemutiileri\/","title":{"rendered":"Original ja Classic TEEMU(Tiileri)"},"content":{"rendered":"<p><i>Ukse m\u00f5\u00f5t: 330 x 410mm\u00a0 \u00a0\u00a0<\/i><i>Kolde m\u00f5\u00f5t: 300 x 410mm<\/i><\/p>\n<p><b><i>Soojussalvestusv\u00f5ime<\/i><\/b><i><br \/>\n7,5h &#8211; 100%<br \/>\n23,7 h &#8211; 50%<br \/>\n37,8h &#8211; 25%<\/i><\/p>\n<p><i>Original-mudelid: sile tellispind.\u00a0<\/i><i>Classic-mudelid: kaared,klombitud karniisid ja riiulid.<\/i><\/p>\n<p><i>Maksimaalne k\u00fcttepuude kogus \/ k\u00fctmiskord: 11 kg<\/i><\/p>\n<p>(<i>Heleda tellisega mudel fotol on erimudel Classic,k\u00fcsi pakkumist)<\/i><\/p>\n<p><i>Standarduksed on tasapinnalised mustad v\u00f5i malmuksed.Uputatud raamiga v\u00f5i v\u00e4rviline :lisahind + 105\u20ac.<\/i><\/p>\n<p><i>Tagaseinas on viimistluskate !<\/i><\/p>\n<p>&nbsp;<\/p>\n","protected":false},"excerpt":{"rendered":"<p><em>Kaal: 1300\/1540 kg, k\u00f5rgus: 1600 mm, laius: 875 mm, s\u00fcgavus: 580 mm, kasutegur: 87%, suitsugaasi temperatuur: 175\u00b0C, CO: 0.07%, soojusenergia: 44 kWh<\/em><\/p>\n<p><em><b>TEEMU Original,<\/b>\u00a0mudel alt\u00fchendusega,\u00a0<b>hind: 3 122\u20ac<\/b><\/em><\/p>\n<p><b><i>TEEMU Original,\u00a0<\/i><\/b><i>mudel pealt\u00fchendusega,\u00a0<b>hind: 3 358\u20ac<\/b><\/i><\/p>\n<p><b><i>TEEMU Classic<\/i><\/b><i>,alt\u00fchendusega,karniisidega,<b>hind 3 370\u20ac<\/b><br \/>\n<\/i><\/p>\n<p><b><i>T<\/i><\/b><i><b>EEMU Classic<\/b>,pealt\u00fchendusega,karniisidega,<b>hind 3 605\u20ac<\/b><\/i><\/p>\n<p><i>Hinnale lisandub transport objektile ja soovi korral paigaldus.<\/i><\/p>\n","protected":false},"featured_media":2501,"comment_status":"open","ping_status":"closed","template":"","meta":{"_et_pb_use_builder":"","_et_pb_old_content":"","_et_gb_content_width":""},"product_brand":[154],"product_cat":[108,82],"product_tag":[],"class_list":{"0":"post-2500","1":"product","2":"type-product","3":"status-publish","4":"has-post-thumbnail","6":"product_brand-tiileri","7":"product_cat-ahjud-kaminahjud","8":"product_cat-tellistest-ahjud","10":"first","11":"instock","12":"shipping-taxable","13":"purchasable","14":"product-type-simple"},"_links":{"self":[{"href":"https:\/\/kaminameister.ee\/en\/wp-json\/wp\/v2\/product\/2500","targetHints":{"allow":["GET"]}}],"collection":[{"href":"https:\/\/kaminameister.ee\/en\/wp-json\/wp\/v2\/product"}],"about":[{"href":"https:\/\/kaminameister.ee\/en\/wp-json\/wp\/v2\/types\/product"}],"replies":[{"embeddable":true,"href":"https:\/\/kaminameister.ee\/en\/wp-json\/wp\/v2\/comments?post=2500"}],"wp:featuredmedia":[{"embeddable":true,"href":"https:\/\/kaminameister.ee\/en\/wp-json\/wp\/v2\/media\/2501"}],"wp:attachment":[{"href":"https:\/\/kaminameister.ee\/en\/wp-json\/wp\/v2\/media?parent=2500"}],"wp:term":[{"taxonomy":"product_brand","embeddable":true,"href":"https:\/\/kaminameister.ee\/en\/wp-json\/wp\/v2\/product_brand?post=2500"},{"taxonomy":"product_cat","embeddable":true,"href":"https:\/\/kaminameister.ee\/en\/wp-json\/wp\/v2\/product_cat?post=2500"},{"taxonomy":"product_tag","embeddable":true,"href":"https:\/\/kaminameister.ee\/en\/wp-json\/wp\/v2\/product_tag?post=2500"}],"curies":[{"name":"wp","href":"https:\/\/api.w.org\/{rel}","templated":true}]}}