{"id":2496,"date":"2024-06-20T14:36:05","date_gmt":"2024-06-20T11:36:05","guid":{"rendered":"http:\/\/kaminameister.ee\/?post_type=product&#038;p=2496"},"modified":"2025-10-23T11:38:36","modified_gmt":"2025-10-23T08:38:36","slug":"original-saratiileri","status":"publish","type":"product","link":"https:\/\/kaminameister.ee\/en\/tooted\/ahjud-kaminahjud\/tellistest-ahjud\/original-saratiileri\/","title":{"rendered":"Original SARA(Tiileri)"},"content":{"rendered":"<p><i>Kolde m\u00f5\u00f5t: 280 x 310mm<\/i><\/p>\n<p><i>Soojussalvestusv\u00f5ime<br \/>\n6,8h &#8211; 100%<br \/>\n20,4h &#8211; 50%<br \/>\n30,4h &#8211; 25%<\/i><\/p>\n<p><i>maksimaalne puudekogus \/ k\u00fctmiskord: 10kg<\/i><\/p>\n<p><i>Pealt\u00fchendusega mudeli kaal 1050 kg.<\/i><\/p>\n<p><i>Tagaseinas on viimistluskate ! Standarduksed on tasapinnalised mustad v\u00f5i malmuksed.Uputatud raamiga v\u00f5i v\u00e4rviline :lisahind + 105\u20ac.<\/i><\/p>\n","protected":false},"excerpt":{"rendered":"<p><em>Kaal: 1000 kg, nominaalv\u00f5imsus: 34.8 kW, k\u00f5rgus: 1690 mm, laius: 760 mm, s\u00fcgavus: 555 mm, kasutegur: 81%, suitsugaasi temperatuur: 186\u00b0C<\/em><\/p>\n<p><b><i>SARA\u00a0 ORIGINAL, mudel alt\u00fchendusega, hind: 2 627\u20ac<\/i><\/b><\/p>\n<p><b><i>SARA\u00a0 ORIGINAL,mudel pealt\u00fchendusega ,hind 2 862\u20ac.<\/i><\/b><\/p>\n<p><i>Hinnale lisandub transport objektile ja soovi korral paigaldus.<\/i><\/p>\n<p><a href=\"http:\/\/kaminameister.ee\/wp-content\/uploads\/2024\/06\/sara-joonis.pdf\">Sara joonis<\/a><\/p>\n","protected":false},"featured_media":2497,"comment_status":"open","ping_status":"closed","template":"","meta":{"_et_pb_use_builder":"","_et_pb_old_content":"","_et_gb_content_width":""},"product_brand":[154],"product_cat":[108,82],"product_tag":[],"class_list":{"0":"post-2496","1":"product","2":"type-product","3":"status-publish","4":"has-post-thumbnail","6":"product_brand-tiileri","7":"product_cat-ahjud-kaminahjud","8":"product_cat-tellistest-ahjud","9":"pa_brand-tiileri","11":"first","12":"instock","13":"shipping-taxable","14":"purchasable","15":"product-type-simple"},"_links":{"self":[{"href":"https:\/\/kaminameister.ee\/en\/wp-json\/wp\/v2\/product\/2496","targetHints":{"allow":["GET"]}}],"collection":[{"href":"https:\/\/kaminameister.ee\/en\/wp-json\/wp\/v2\/product"}],"about":[{"href":"https:\/\/kaminameister.ee\/en\/wp-json\/wp\/v2\/types\/product"}],"replies":[{"embeddable":true,"href":"https:\/\/kaminameister.ee\/en\/wp-json\/wp\/v2\/comments?post=2496"}],"wp:featuredmedia":[{"embeddable":true,"href":"https:\/\/kaminameister.ee\/en\/wp-json\/wp\/v2\/media\/2497"}],"wp:attachment":[{"href":"https:\/\/kaminameister.ee\/en\/wp-json\/wp\/v2\/media?parent=2496"}],"wp:term":[{"taxonomy":"product_brand","embeddable":true,"href":"https:\/\/kaminameister.ee\/en\/wp-json\/wp\/v2\/product_brand?post=2496"},{"taxonomy":"product_cat","embeddable":true,"href":"https:\/\/kaminameister.ee\/en\/wp-json\/wp\/v2\/product_cat?post=2496"},{"taxonomy":"product_tag","embeddable":true,"href":"https:\/\/kaminameister.ee\/en\/wp-json\/wp\/v2\/product_tag?post=2496"}],"curies":[{"name":"wp","href":"https:\/\/api.w.org\/{rel}","templated":true}]}}