{"id":2492,"date":"2024-06-20T14:01:07","date_gmt":"2024-06-20T11:01:07","guid":{"rendered":"http:\/\/kaminameister.ee\/?post_type=product&#038;p=2492"},"modified":"2026-03-10T18:03:05","modified_gmt":"2026-03-10T16:03:05","slug":"trendi-jussitiileri","status":"publish","type":"product","link":"https:\/\/kaminameister.ee\/en\/tooted\/ahjud-kaminahjud\/keraamiliste-plaatidega-ahjud\/trendi-jussitiileri\/","title":{"rendered":"Trendi JUSSI(Tiileri)"},"content":{"rendered":"<p><i>\u00a0Kolde m\u00f5\u00f5t alt\u00fchendusega mudelil 390x 580mm, pealt\u00fchendusega mudelil 390*535 mm<\/i><\/p>\n<p><i>Soojussalvestusv\u00f5ime<br \/>\n13,6h &#8211; 100%<br \/>\n34,1h &#8211; 50%<br \/>\n54,8h &#8211; 25%<\/i><\/p>\n<p><i>Maksimaalne k\u00fcttepuude kogus \/ k\u00fctmiskord: 16 kg<\/i><\/p>\n<p><u><i>Keraamiliste plaatide v\u00e4rvivalik<\/i><\/u><i>:\u00a0<\/i><i>royal white ja royal black, matt ja l\u00e4ikiv, monaco light, grey ja black plaadi m\u00f5\u00f5t :1200 x 300 mm<\/i><\/p>\n<p><i>Standarduksed on tasapinnalised mustad v\u00f5i malmuksed.Uputatud raamiga v\u00f5i v\u00e4rviline :lisahind + 105\u20ac.<\/i><\/p>\n<p><i>Trendi-mudelite plaatimine suurendab nende v\u00e4lism\u00f5\u00f5te u 10mm\/pinna kohta!<\/i><\/p>\n<p><i>NB ! Mudel on m\u00f5eldud ehitatavaks tulem\u00fc\u00fcri vastu ! Tagaseinas ei ole viimistluskatet,2 katet + k\u00fclg plaate 435 \u20ac (liistud hinna sees), pealmise kaane katmine +95\u20ac (hind ei sisalda nurgaliiste)<\/i><\/p>\n<p><a href=\"http:\/\/kaminameister.ee\/wp-content\/uploads\/2024\/06\/jussi-pohjajoonised.pdf\">Jussi p\u00f5hjajoonised<\/a><\/p>\n","protected":false},"excerpt":{"rendered":"<p><em>Kaal: 2100\/2200 kg, k\u00f5rgus: 1900 alt\u00fchendusega \/2050\u00a0 pealt\u00fchendusega mm, laius: 910 mm, s\u00fcgavus: 910 mm, kasutegur: 85%, suitsugaasi temperatuur: 161\u00b0C, CO: 0.08%, k\u00fcttev\u00f5imsus: 80m\u00b2, soojusenergia: 58 kWh<\/em><\/p>\n<p><b><i>JUSSI\u00a0 TRENDI<\/i><\/b><i>, alt\u00fchendusega,\u00a0<\/i><b><i>hind: 4 510 \u20ac<\/i><\/b><\/p>\n<p><b><i>JUSSI\u00a0 TRENDI<\/i><\/b><i>, pealt\u00fchendusega,\u00a0<\/i><b><i>hind: 4 745\u20ac<\/i><\/b><\/p>\n<p><i>Hinnale lisandub transport objektile ja soovi korral paigaldus.<\/i><\/p>\n","protected":false},"featured_media":2493,"comment_status":"open","ping_status":"closed","template":"","meta":{"_et_pb_use_builder":"","_et_pb_old_content":"","_et_gb_content_width":""},"product_brand":[154],"product_cat":[108,80],"product_tag":[],"class_list":{"0":"post-2492","1":"product","2":"type-product","3":"status-publish","4":"has-post-thumbnail","6":"product_brand-tiileri","7":"product_cat-ahjud-kaminahjud","8":"product_cat-keraamiliste-plaatidega-ahjud","9":"pa_brand-tiileri","11":"first","12":"instock","13":"shipping-taxable","14":"purchasable","15":"product-type-simple"},"_links":{"self":[{"href":"https:\/\/kaminameister.ee\/en\/wp-json\/wp\/v2\/product\/2492","targetHints":{"allow":["GET"]}}],"collection":[{"href":"https:\/\/kaminameister.ee\/en\/wp-json\/wp\/v2\/product"}],"about":[{"href":"https:\/\/kaminameister.ee\/en\/wp-json\/wp\/v2\/types\/product"}],"replies":[{"embeddable":true,"href":"https:\/\/kaminameister.ee\/en\/wp-json\/wp\/v2\/comments?post=2492"}],"wp:featuredmedia":[{"embeddable":true,"href":"https:\/\/kaminameister.ee\/en\/wp-json\/wp\/v2\/media\/2493"}],"wp:attachment":[{"href":"https:\/\/kaminameister.ee\/en\/wp-json\/wp\/v2\/media?parent=2492"}],"wp:term":[{"taxonomy":"product_brand","embeddable":true,"href":"https:\/\/kaminameister.ee\/en\/wp-json\/wp\/v2\/product_brand?post=2492"},{"taxonomy":"product_cat","embeddable":true,"href":"https:\/\/kaminameister.ee\/en\/wp-json\/wp\/v2\/product_cat?post=2492"},{"taxonomy":"product_tag","embeddable":true,"href":"https:\/\/kaminameister.ee\/en\/wp-json\/wp\/v2\/product_tag?post=2492"}],"curies":[{"name":"wp","href":"https:\/\/api.w.org\/{rel}","templated":true}]}}