{"id":2484,"date":"2024-06-20T13:46:02","date_gmt":"2024-06-20T10:46:02","guid":{"rendered":"http:\/\/kaminameister.ee\/?post_type=product&#038;p=2484"},"modified":"2026-03-10T18:10:09","modified_gmt":"2026-03-10T16:10:09","slug":"trendi-emiliatiileri","status":"publish","type":"product","link":"https:\/\/kaminameister.ee\/en\/tooted\/ahjud-kaminahjud\/keraamiliste-plaatidega-ahjud\/trendi-emiliatiileri\/","title":{"rendered":"Trendi EMILIA(Tiileri)"},"content":{"rendered":"<p><i>Salvestaval ahjul EMILIA on suur kolle, mis lihtsustab ahju kasutamist ja lai klaasist kolde uks.<br \/>\n<\/i><\/p>\n<p><i>ukse m\u00f5\u00f5t 700 x 410mm\u00a0 Kolde m\u00f5\u00f5t: 550 x 450mm<br \/>\n<\/i><\/p>\n<p><i><b>Soojussalvestusv\u00f5ime<\/b><\/i><br \/>\n<i>10,9h &#8211; 100%<br \/>\n34,5 h &#8211; 50%<br \/>\n59,7h &#8211; 25%<\/i><\/p>\n<p><i>Maksimaalne k\u00fcttepuude kogus \/ k\u00fctmiskord: 16 kg<\/i><\/p>\n<p><u><i>Keraamiliste plaatide v\u00e4rvivalik:<\/i><\/u><i>\u00a0<\/i><i>royal white ja royal black, matt ja l\u00e4ikiv, monaco light, grey ja black plaadi m\u00f5\u00f5t :1200 x 300 mm<\/i><\/p>\n<p><i>NB ! Ahi on m\u00f5eldud ehitatavaks tulem\u00fc\u00fcri vastu !\u00a0<\/i><\/p>\n<p><i>Tagaosa kate ja katmine keraamiliste plaatidega,lisahind +295\u20ac, pealmise kaane katmine +95\u20ac Hind ei sisalda pealse nurgaliiste!<\/i><\/p>\n<p><i>Standarduksed on tasapinnalised mustad v\u00f5i malmuksed.Uputatud raamiga v\u00f5i v\u00e4rviline :lisahind + 105\u20ac.<\/i><\/p>\n<p><a href=\"http:\/\/kaminameister.ee\/wp-content\/uploads\/2024\/06\/emilia-funkkis-pohjajoonised.pdf\">Emilia Funkkis p\u00f5hjajoonised<\/a><\/p>\n","protected":false},"excerpt":{"rendered":"<p><em>Kaal: 2250 kg, k\u00f5rgus: 1620 mm, laius: 1270 mm, s\u00fcgavus: 775 mm, kasutegur: 89%, suitsugaasi temperatuur: 126\u00b0C, CO: 0.13%, k\u00fcttev\u00f5imsus: 80m\u00b2, soojusenergia: 63 kWh<\/em><\/p>\n<p><b><i>Trendi EMILIA<\/i><\/b><i>, mudel alt\u00fchendusega,\u00a0<\/i><b><i>hind: 4 882\u20ac<\/i><\/b><\/p>\n<p><b><i>Trendi EMILIA,\u00a0<\/i><\/b><i>mudel pealt\u00fchendusega, hind:\u00a0<\/i><b><i>5 439\u20ac<\/i><\/b><\/p>\n<p><i>Hinnale lisandub transport objektile ja soovi korral paigaldus.<\/i><\/p>\n","protected":false},"featured_media":2485,"comment_status":"open","ping_status":"closed","template":"","meta":{"_et_pb_use_builder":"","_et_pb_old_content":"","_et_gb_content_width":""},"product_brand":[154],"product_cat":[108,80],"product_tag":[],"class_list":{"0":"post-2484","1":"product","2":"type-product","3":"status-publish","4":"has-post-thumbnail","6":"product_brand-tiileri","7":"product_cat-ahjud-kaminahjud","8":"product_cat-keraamiliste-plaatidega-ahjud","9":"pa_brand-tiileri","11":"first","12":"instock","13":"shipping-taxable","14":"purchasable","15":"product-type-simple"},"_links":{"self":[{"href":"https:\/\/kaminameister.ee\/en\/wp-json\/wp\/v2\/product\/2484","targetHints":{"allow":["GET"]}}],"collection":[{"href":"https:\/\/kaminameister.ee\/en\/wp-json\/wp\/v2\/product"}],"about":[{"href":"https:\/\/kaminameister.ee\/en\/wp-json\/wp\/v2\/types\/product"}],"replies":[{"embeddable":true,"href":"https:\/\/kaminameister.ee\/en\/wp-json\/wp\/v2\/comments?post=2484"}],"wp:featuredmedia":[{"embeddable":true,"href":"https:\/\/kaminameister.ee\/en\/wp-json\/wp\/v2\/media\/2485"}],"wp:attachment":[{"href":"https:\/\/kaminameister.ee\/en\/wp-json\/wp\/v2\/media?parent=2484"}],"wp:term":[{"taxonomy":"product_brand","embeddable":true,"href":"https:\/\/kaminameister.ee\/en\/wp-json\/wp\/v2\/product_brand?post=2484"},{"taxonomy":"product_cat","embeddable":true,"href":"https:\/\/kaminameister.ee\/en\/wp-json\/wp\/v2\/product_cat?post=2484"},{"taxonomy":"product_tag","embeddable":true,"href":"https:\/\/kaminameister.ee\/en\/wp-json\/wp\/v2\/product_tag?post=2484"}],"curies":[{"name":"wp","href":"https:\/\/api.w.org\/{rel}","templated":true}]}}