{"id":2480,"date":"2024-06-20T13:42:06","date_gmt":"2024-06-20T10:42:06","guid":{"rendered":"http:\/\/kaminameister.ee\/?post_type=product&#038;p=2480"},"modified":"2026-03-10T18:11:00","modified_gmt":"2026-03-10T16:11:00","slug":"trendi-oliviatiileri","status":"publish","type":"product","link":"https:\/\/kaminameister.ee\/en\/tooted\/ahjud-kaminahjud\/keraamiliste-plaatidega-ahjud\/trendi-oliviatiileri\/","title":{"rendered":"Trendi OLIVIA(Tiileri)"},"content":{"rendered":"<p><i>Salvestaval ahjul \u00a0OLIVIA on suur kolle, mis kergendab ahju kasutamist ja lai klaasist kolde uks.<\/i><\/p>\n<p><i>ukse m\u00f5\u00f5t 550 x 410mm\u00a0 Kolde m\u00f5\u00f5t: 550 x 450mm<\/i><\/p>\n<p><b><i>Soojussalvestusv\u00f5ime<\/i><\/b><br \/>\n<i>10,9h &#8211; 100%<br \/>\n34,5 h &#8211; 50%<br \/>\n59,7h &#8211; 25%<\/i><\/p>\n<p><i>Maksimaalne k\u00fcttepuude kogus \/ k\u00fctmiskord: 16 kg<\/i><\/p>\n<p><u><i>Keraamiliste plaatide v\u00e4rvivalik:<\/i><\/u><i>\u00a0<\/i><i>royal white ja royal black, matt ja l\u00e4ikiv, monaco light, grey ja black plaadi m\u00f5\u00f5t :1200 x 300 mm<\/i><\/p>\n<p><i>NB ! Ahi on m\u00f5eldud ehitatavaks tulem\u00fc\u00fcri vastu !\u00a0<\/i><\/p>\n<p><i>Tagaosa kate ja katmine keraamiliste plaatidega,lisahind +295\u20ac(liistud hinna sees), pealmise kaane katmine +95\u20ac Hind ei sisalda pealse nurgaliiste.<\/i><\/p>\n<p><i>Standarduksed on tasapinnalised mustad v\u00f5i malmuksed.Uputatud raamiga v\u00f5i v\u00e4rviline :lisahind + 105\u20ac.\u00a0<\/i><\/p>\n<p><a href=\"http:\/\/kaminameister.ee\/wp-content\/uploads\/2024\/06\/olivia-pohjajoonised.pdf\">Olivia p\u00f5hjajoonised<\/a><\/p>\n","protected":false},"excerpt":{"rendered":"<p><em>Kaal: 2250 kg, k\u00f5rgus: 1620 mm, laius: 1270 mm, s\u00fcgavus: 775 mm, kasutegur: 89%, suitsugaasi temperatuur: 126\u00b0C,CO: 0.13%, soojusenergia: 63 kWh<\/em><\/p>\n<p><b><i>Trendi OLIVIA<\/i><\/b><i>, mudel alt\u00fchendusega,\u00a0<\/i><b><i>hind:\u00a0 4 510\u20ac<\/i><\/b><\/p>\n<p><b><i>Trendi OLIVIA,\u00a0<\/i><\/b><i>mudel pealt\u00fchendusega<\/i><b><i>, hind: 5 068\u20ac<\/i><\/b><\/p>\n<p><i>Hinnale lisandub transport objektile ja soovi korral paigaldus.<\/i><\/p>\n","protected":false},"featured_media":2481,"comment_status":"open","ping_status":"closed","template":"","meta":{"_et_pb_use_builder":"","_et_pb_old_content":"","_et_gb_content_width":""},"product_brand":[154],"product_cat":[108,80],"product_tag":[],"class_list":{"0":"post-2480","1":"product","2":"type-product","3":"status-publish","4":"has-post-thumbnail","6":"product_brand-tiileri","7":"product_cat-ahjud-kaminahjud","8":"product_cat-keraamiliste-plaatidega-ahjud","9":"pa_brand-tiileri","11":"first","12":"instock","13":"shipping-taxable","14":"purchasable","15":"product-type-simple"},"_links":{"self":[{"href":"https:\/\/kaminameister.ee\/en\/wp-json\/wp\/v2\/product\/2480","targetHints":{"allow":["GET"]}}],"collection":[{"href":"https:\/\/kaminameister.ee\/en\/wp-json\/wp\/v2\/product"}],"about":[{"href":"https:\/\/kaminameister.ee\/en\/wp-json\/wp\/v2\/types\/product"}],"replies":[{"embeddable":true,"href":"https:\/\/kaminameister.ee\/en\/wp-json\/wp\/v2\/comments?post=2480"}],"wp:featuredmedia":[{"embeddable":true,"href":"https:\/\/kaminameister.ee\/en\/wp-json\/wp\/v2\/media\/2481"}],"wp:attachment":[{"href":"https:\/\/kaminameister.ee\/en\/wp-json\/wp\/v2\/media?parent=2480"}],"wp:term":[{"taxonomy":"product_brand","embeddable":true,"href":"https:\/\/kaminameister.ee\/en\/wp-json\/wp\/v2\/product_brand?post=2480"},{"taxonomy":"product_cat","embeddable":true,"href":"https:\/\/kaminameister.ee\/en\/wp-json\/wp\/v2\/product_cat?post=2480"},{"taxonomy":"product_tag","embeddable":true,"href":"https:\/\/kaminameister.ee\/en\/wp-json\/wp\/v2\/product_tag?post=2480"}],"curies":[{"name":"wp","href":"https:\/\/api.w.org\/{rel}","templated":true}]}}