{"id":2473,"date":"2024-06-20T13:30:23","date_gmt":"2024-06-20T10:30:23","guid":{"rendered":"http:\/\/kaminameister.ee\/?post_type=product&#038;p=2473"},"modified":"2026-03-10T18:12:46","modified_gmt":"2026-03-10T16:12:46","slug":"trendi-sofia-tunnelitiileri","status":"publish","type":"product","link":"https:\/\/kaminameister.ee\/en\/tooted\/ahjud-kaminahjud\/keraamiliste-plaatidega-ahjud\/trendi-sofia-tunnelitiileri\/","title":{"rendered":"Trendi SOFIA Tunneli(Tiileri)"},"content":{"rendered":"<p><i>Kahepoolne mudel!<\/i><\/p>\n<p><i>Uste m\u00f5\u00f5t 410&#215;410 v\u00f5i 410 x 550mm\u00a0 <\/i><i>Kolde m\u00f5\u00f5t: 410 x 460mm<\/i><\/p>\n<p><i>Soojussalvestusv\u00f5ime<br \/>\n11,3h &#8211; 100%<br \/>\n35,3h &#8211; 50%<br \/>\n53,7h &#8211; 25%<\/i><\/p>\n<p><i>Maksimaalne k\u00fcttepuude kogus \/ k\u00fctmiskord: 15 kg<\/i><\/p>\n<p><u><i>Keraamiliste plaatide v\u00e4rvivalik: <\/i><\/u><i>royal white ja royal black, matt ja l\u00e4ikiv, monaco light, grey ja black plaadi m\u00f5\u00f5t :1200 x 300 mm<\/i><\/p>\n<p><i>Standarduksed on tasapinnalised mustad v\u00f5i malmuksed.Uputatud raamiga v\u00f5i v\u00e4rviline :lisahind 2X+ 105\u20ac.<\/i><\/p>\n<p><i>\u00a0Hind sisaldab keraamilisi plaate \u00fcmberringi.Ahju pealmise kaane plaatidega katmine +95\u20ac Hind ei sisalda pealse nurgaliiste!<\/i><\/p>\n<p><i>Trendi-mudelite plaatimine suurendab nende v\u00e4lism\u00f5\u00f5te u 10mm\/pinna kohta!<\/i><\/p>\n<p><a href=\"http:\/\/kaminameister.ee\/wp-content\/uploads\/2024\/06\/sofia-tunneli-pohjajoonised.pdf\">Sofia Tunneli p\u00f5hjajoonised<\/a><\/p>\n","protected":false},"excerpt":{"rendered":"<p><em>Kaal: 1850\/1880 kg, k\u00f5rgus: 1900 mm, laius: 1070 mm, s\u00fcgavus: 775 mm, kasutegur: 91%, suitsugaasi temperatuur: 113\u00b0C, CO: 0.15, soojusenergia: 56 kWh<\/em><\/p>\n<p><b><i>Trendi Sofia Tunneli<\/i><\/b><i>\u00a0, alt\u00fchendusega,\u00a0<\/i><b><i>hind: 5 563\u20ac<\/i><\/b><\/p>\n<p><b><i>Trendi Sofia Tunneli<\/i><\/b><i>, mudel pealt\u00fchendusega,\u00a0<\/i><b><i>hind: 5 799\u20ac<\/i><\/b><\/p>\n<p><strong><i>Lisahind mudelile laiuti pikema uksega 550&#215;410 mm,2 tk.,hind 500\u20ac<\/i><\/strong><\/p>\n<p><i>Hinnale lisandub transport objektile ja soovi korral paigaldus.<\/i><\/p>\n","protected":false},"featured_media":2477,"comment_status":"open","ping_status":"closed","template":"","meta":{"_et_pb_use_builder":"","_et_pb_old_content":"","_et_gb_content_width":""},"product_brand":[154],"product_cat":[108,80],"product_tag":[],"class_list":{"0":"post-2473","1":"product","2":"type-product","3":"status-publish","4":"has-post-thumbnail","6":"product_brand-tiileri","7":"product_cat-ahjud-kaminahjud","8":"product_cat-keraamiliste-plaatidega-ahjud","9":"pa_brand-tiileri","11":"first","12":"instock","13":"shipping-taxable","14":"purchasable","15":"product-type-simple"},"_links":{"self":[{"href":"https:\/\/kaminameister.ee\/en\/wp-json\/wp\/v2\/product\/2473","targetHints":{"allow":["GET"]}}],"collection":[{"href":"https:\/\/kaminameister.ee\/en\/wp-json\/wp\/v2\/product"}],"about":[{"href":"https:\/\/kaminameister.ee\/en\/wp-json\/wp\/v2\/types\/product"}],"replies":[{"embeddable":true,"href":"https:\/\/kaminameister.ee\/en\/wp-json\/wp\/v2\/comments?post=2473"}],"wp:featuredmedia":[{"embeddable":true,"href":"https:\/\/kaminameister.ee\/en\/wp-json\/wp\/v2\/media\/2477"}],"wp:attachment":[{"href":"https:\/\/kaminameister.ee\/en\/wp-json\/wp\/v2\/media?parent=2473"}],"wp:term":[{"taxonomy":"product_brand","embeddable":true,"href":"https:\/\/kaminameister.ee\/en\/wp-json\/wp\/v2\/product_brand?post=2473"},{"taxonomy":"product_cat","embeddable":true,"href":"https:\/\/kaminameister.ee\/en\/wp-json\/wp\/v2\/product_cat?post=2473"},{"taxonomy":"product_tag","embeddable":true,"href":"https:\/\/kaminameister.ee\/en\/wp-json\/wp\/v2\/product_tag?post=2473"}],"curies":[{"name":"wp","href":"https:\/\/api.w.org\/{rel}","templated":true}]}}