{"id":2469,"date":"2024-06-20T12:01:22","date_gmt":"2024-06-20T09:01:22","guid":{"rendered":"http:\/\/kaminameister.ee\/?post_type=product&#038;p=2469"},"modified":"2026-03-10T18:12:00","modified_gmt":"2026-03-10T16:12:00","slug":"trendi-sofiatiileri","status":"publish","type":"product","link":"https:\/\/kaminameister.ee\/en\/tooted\/ahjud-kaminahjud\/keraamiliste-plaatidega-ahjud\/trendi-sofiatiileri\/","title":{"rendered":"Trendi SOFIA(Tiileri)"},"content":{"rendered":"<p><i>Ukse m\u00f5\u00f5t 410&#215;410 v\u00f5i 550*410\u00a0\u00a0<\/i><i>Kolde m\u00f5\u00f5t: 410 x 460mm<\/i><\/p>\n<p><i>Soojussalvestusv\u00f5ime<br \/>\n13,3h &#8211; 100%<br \/>\n38,5 h &#8211; 50%<br \/>\n68,1h &#8211; 25%<\/i><\/p>\n<p><i>Maksimaalne k\u00fcttepuude kogus \/ k\u00fctmiskord: 15 kg<\/i><\/p>\n<p><u><i>Keraamiliste plaatide v\u00e4rvivalik:\u00a0<\/i><\/u><i>royal white ja royal black, matt ja l\u00e4ikiv, monaco light, grey ja black plaadi m\u00f5\u00f5t :1200 x 300 mm<\/i><\/p>\n<p><i>Tagaseinas on plaatideta viimistluskate .Tagaosa katmine keraamiliste plaatidega,lisahind +250\u20ac(nurgaliistud hinna sees), pealmise kaane katmine +95 \u20ac (hind ei sisalda nurgaliiste)<\/i><\/p>\n<p><i>Standarduksed on tasapinnalised mustad v\u00f5i malmuksed.Uputatud raamiga v\u00f5i v\u00e4rviline :lisahind + 105\u20ac.\u00a0<\/i><\/p>\n<p><a href=\"http:\/\/kaminameister.ee\/wp-content\/uploads\/2024\/06\/sofia-pohjajoonised.pdf\">Sofia p\u00f5hjajoonised<\/a><\/p>\n","protected":false},"excerpt":{"rendered":"<p><em>Kaal: 1950 kg, nominaalv\u00f5imsus: 56 kW, k\u00f5rgus: 1900 mm, laius: 1070 mm, s\u00fcgavus: 775 mm, kasutegur: 91, suitsugaasi temperatuur: 113 \u00b0C, CO: 0.15<\/em><\/p>\n<p><b><i>Trendi SOFIA,<\/i><\/b><i>\u00a0 alt\u00fchendusega,\u00a0<\/i><b><i>hind:4 324\u20ac<\/i><\/b><\/p>\n<p><b><i>Trendi SOFIA,\u00a0<\/i><\/b><i>pealt\u00fchendusega<\/i><b><i>, hind:4 560 \u20ac<\/i><\/b><\/p>\n<p><b><i>Laia uksega, 550*410 : lisahind:250\u20ac<\/i><\/b><\/p>\n<p><b><i>Trendi SOFIA, pikliku uksega 550, <\/i><\/b><i>alt\u00fchendusega<\/i><b><i>, hind: 4 696\u20ac<\/i><\/b><\/p>\n<p><b><i>Trendi SOFIA, pikliku uksega 550, <\/i><\/b><i>pealt\u00fchendusega<\/i><b><i>, hind: 4 931\u20ac<\/i><\/b><\/p>\n<p><i>Hinnale lisandub transport objektile ja soovi korral paigaldus.<\/i><\/p>\n","protected":false},"featured_media":2470,"comment_status":"open","ping_status":"closed","template":"","meta":{"_et_pb_use_builder":"","_et_pb_old_content":"","_et_gb_content_width":""},"product_brand":[154],"product_cat":[108,80],"product_tag":[],"class_list":{"0":"post-2469","1":"product","2":"type-product","3":"status-publish","4":"has-post-thumbnail","6":"product_brand-tiileri","7":"product_cat-ahjud-kaminahjud","8":"product_cat-keraamiliste-plaatidega-ahjud","9":"pa_brand-tiileri","11":"first","12":"instock","13":"shipping-taxable","14":"purchasable","15":"product-type-simple"},"_links":{"self":[{"href":"https:\/\/kaminameister.ee\/en\/wp-json\/wp\/v2\/product\/2469","targetHints":{"allow":["GET"]}}],"collection":[{"href":"https:\/\/kaminameister.ee\/en\/wp-json\/wp\/v2\/product"}],"about":[{"href":"https:\/\/kaminameister.ee\/en\/wp-json\/wp\/v2\/types\/product"}],"replies":[{"embeddable":true,"href":"https:\/\/kaminameister.ee\/en\/wp-json\/wp\/v2\/comments?post=2469"}],"wp:featuredmedia":[{"embeddable":true,"href":"https:\/\/kaminameister.ee\/en\/wp-json\/wp\/v2\/media\/2470"}],"wp:attachment":[{"href":"https:\/\/kaminameister.ee\/en\/wp-json\/wp\/v2\/media?parent=2469"}],"wp:term":[{"taxonomy":"product_brand","embeddable":true,"href":"https:\/\/kaminameister.ee\/en\/wp-json\/wp\/v2\/product_brand?post=2469"},{"taxonomy":"product_cat","embeddable":true,"href":"https:\/\/kaminameister.ee\/en\/wp-json\/wp\/v2\/product_cat?post=2469"},{"taxonomy":"product_tag","embeddable":true,"href":"https:\/\/kaminameister.ee\/en\/wp-json\/wp\/v2\/product_tag?post=2469"}],"curies":[{"name":"wp","href":"https:\/\/api.w.org\/{rel}","templated":true}]}}