{"id":2465,"date":"2024-06-20T11:52:19","date_gmt":"2024-06-20T08:52:19","guid":{"rendered":"http:\/\/kaminameister.ee\/?post_type=product&#038;p=2465"},"modified":"2026-03-10T18:13:13","modified_gmt":"2026-03-10T16:13:13","slug":"trendi-lauritiileri","status":"publish","type":"product","link":"https:\/\/kaminameister.ee\/en\/tooted\/ahjud-kaminahjud\/keraamiliste-plaatidega-ahjud\/trendi-lauritiileri\/","title":{"rendered":"Trendi LAURI(Tiileri)"},"content":{"rendered":"<p><i>Kolde m\u00f5\u00f5t: 320 x 450mm<\/i><\/p>\n<p><b><i>Soojussalvestusv\u00f5ime<\/i><\/b><br \/>\n<i>13,3h &#8211; 100%<br \/>\n38,5 h &#8211; 50%<br \/>\n68,1h &#8211; 25%<\/i><\/p>\n<p><i>Maksimaalne k\u00fcttepuude kogus \/ k\u00fctmiskord: 15 kg<\/i><\/p>\n<p><u><i>Keraamiliste plaatide v\u00e4rvivalik:<\/i><\/u><i> \u00a0<\/i><i>royal white ja royal black, matt ja l\u00e4ikiv, monaco light, grey ja black plaadi m\u00f5\u00f5t :1200 x 300 mm<\/i><\/p>\n<p><i>Trendi-mudelite plaatimine suurendab nende v\u00e4lism\u00f5\u00f5te u 10mm\/pinna kohta!<\/i><\/p>\n<p><i>NB ! Mudel LAURI on m\u00f5eldud ehitatavaks tulem\u00fc\u00fcri vastu !\u00a0<\/i><\/p>\n<p><i>Tagaosa kate ja katmine keraamiliste plaatidega,lisahind +250\u20acSisaldab nurgaliiste), pealmise kaane katmine +95\u20ac <\/i><i>Hind ei sisalda pealse nurgaliiste!\u00a0<\/i><\/p>\n<p><i>Standarduksed on tasapinnalised mustad v\u00f5i malmuksed.Uputatud raamiga v\u00f5i v\u00e4rviline :lisahind + 105\u20ac.<\/i><\/p>\n<p><a href=\"http:\/\/kaminameister.ee\/wp-content\/uploads\/2024\/06\/lauri-pohjajoonised.pdf\">Lauri p\u00f5hjajoonised<\/a><\/p>\n","protected":false},"excerpt":{"rendered":"<p><em>Kaal: 2150 kg, k\u00f5rgus: 1900 mm, laius: 1065 mm, s\u00fcgavus: 680 mm, kasutegur: 84%, suitsugaasi temperatuur: 191\u00b0C, CO: 0.13%, soojusenergia: 53 kWh<\/em><\/p>\n<p><b><i>Trendi LAURI,<\/i><\/b><i>\u00a0mudel altt\u00fchendusega,\u00a0<\/i><b><i>hind: 4 200\u20ac<\/i><\/b><\/p>\n<p><i><b>Trendi LAURI<\/b>,mudel pealt\u00fchendusega,<b>hind 4 436\u20ac<\/b><\/i><\/p>\n<p><i><b>Uksega 550*410 :ainult alt\u00fchendus,lisahind 250\u20ac<\/b><\/i><\/p>\n<p><i>Hinnale lisandub transport objektile ja soovi korral paigaldus.<\/i><\/p>\n","protected":false},"featured_media":2466,"comment_status":"open","ping_status":"closed","template":"","meta":{"_et_pb_use_builder":"","_et_pb_old_content":"","_et_gb_content_width":""},"product_brand":[154],"product_cat":[108,80],"product_tag":[],"class_list":{"0":"post-2465","1":"product","2":"type-product","3":"status-publish","4":"has-post-thumbnail","6":"product_brand-tiileri","7":"product_cat-ahjud-kaminahjud","8":"product_cat-keraamiliste-plaatidega-ahjud","9":"pa_brand-tiileri","11":"first","12":"instock","13":"shipping-taxable","14":"purchasable","15":"product-type-simple"},"_links":{"self":[{"href":"https:\/\/kaminameister.ee\/en\/wp-json\/wp\/v2\/product\/2465","targetHints":{"allow":["GET"]}}],"collection":[{"href":"https:\/\/kaminameister.ee\/en\/wp-json\/wp\/v2\/product"}],"about":[{"href":"https:\/\/kaminameister.ee\/en\/wp-json\/wp\/v2\/types\/product"}],"replies":[{"embeddable":true,"href":"https:\/\/kaminameister.ee\/en\/wp-json\/wp\/v2\/comments?post=2465"}],"wp:featuredmedia":[{"embeddable":true,"href":"https:\/\/kaminameister.ee\/en\/wp-json\/wp\/v2\/media\/2466"}],"wp:attachment":[{"href":"https:\/\/kaminameister.ee\/en\/wp-json\/wp\/v2\/media?parent=2465"}],"wp:term":[{"taxonomy":"product_brand","embeddable":true,"href":"https:\/\/kaminameister.ee\/en\/wp-json\/wp\/v2\/product_brand?post=2465"},{"taxonomy":"product_cat","embeddable":true,"href":"https:\/\/kaminameister.ee\/en\/wp-json\/wp\/v2\/product_cat?post=2465"},{"taxonomy":"product_tag","embeddable":true,"href":"https:\/\/kaminameister.ee\/en\/wp-json\/wp\/v2\/product_tag?post=2465"}],"curies":[{"name":"wp","href":"https:\/\/api.w.org\/{rel}","templated":true}]}}