{"id":2453,"date":"2024-06-20T11:38:32","date_gmt":"2024-06-20T08:38:32","guid":{"rendered":"http:\/\/kaminameister.ee\/?post_type=product&#038;p=2453"},"modified":"2026-03-10T18:14:36","modified_gmt":"2026-03-10T16:14:36","slug":"trendi-veetitiileri","status":"publish","type":"product","link":"https:\/\/kaminameister.ee\/en\/tooted\/ahjud-kaminahjud\/keraamiliste-plaatidega-ahjud\/trendi-veetitiileri\/","title":{"rendered":"Trendi VEETI(Tiileri)"},"content":{"rendered":"<p><i>Kolde m\u00f5\u00f5t: 570x400mm\u00a0 Ukse m\u00f5\u00f5t 550\/390x410mm<\/i><\/p>\n<p><i>Soojussalvestusv\u00f5ime<br \/>\n6,8h &#8211; 100%<br \/>\n20,4h &#8211; 50%<br \/>\n30,4h &#8211; 25%<\/i><\/p>\n<p><i>puuhalgude kogus \/ k\u00fcttekord 12,5kg<\/i><\/p>\n<p><i>Veeti mudelil standardis\u00a0 nn.uputatud nurgauks.Muud variandid :lisahind + 105\u20ac.<\/i><\/p>\n<p><i>Trendi-mudelite plaatimine suurendab nende v\u00e4lism\u00f5\u00f5te u 10mm\/pinna kohta!<\/i><\/p>\n<p><i>Tagaseinas on plaatideta viimistluskate .<\/i><i>Tagaosa katmine keraamiliste plaatidega,lisahind +250\u20ac, pealmise kaane katmine +95\u20ac Hind ei sisalda pealse nurgaliiste!<\/i><\/p>\n<p><u><i>Keraamiliste plaatide v\u00e4rvivalik:<\/i><\/u><i>\u00a0<\/i><i>royal white ja royal black, matt ja l\u00e4ikiv, monaco light, grey ja black plaadi m\u00f5\u00f5t :1200 x 300 mm<\/i><\/p>\n<p><a href=\"http:\/\/kaminameister.ee\/wp-content\/uploads\/2024\/06\/veeti-funkkis-pl-moodud.pdf\">Veeti Funkkis PL m\u00f5\u00f5dud<\/a><img loading=\"lazy\" decoding=\"async\" class=\"alignnone size-medium wp-image-2356\" src=\"http:\/\/kaminameister.ee\/wp-content\/uploads\/2024\/06\/veeti-funkkis-al-parem-300x189.jpg\" alt=\"\" width=\"300\" height=\"189\" \/><img loading=\"lazy\" decoding=\"async\" class=\"alignnone size-medium wp-image-2359\" src=\"http:\/\/kaminameister.ee\/wp-content\/uploads\/2024\/06\/veeti-funkkis-al-vasak-300x189.jpg\" alt=\"\" width=\"300\" height=\"189\" \/><\/p>\n","protected":false},"excerpt":{"rendered":"<p><em>Kaal: 1200\/1250 kg, k\u00f5rgus: 1640 mm, laius: 960 mm, s\u00fcgavus: 560 mm, kasutegur: 85%, suitsugaasi temperatuur: 175\u00b0C, soojusenergia: 47 kWh\u00a0<\/em><\/p>\n<p><b><i>VEETI Trendi<\/i><\/b><i>,mudel alt\u00fchendusega,<\/i><b><i>hind 5 253\u20ac<\/i><\/b><\/p>\n<p><b><i>VEETI Trendi,<\/i><\/b><i>\u00a0mudel pealt\u00fchendusega,\u00a0<\/i><b><i>hind: 5 489\u20ac<\/i><\/b><\/p>\n<p><i>Hinnale lisandub transport objektile ja soovi korral paigaldus.<\/i><\/p>\n","protected":false},"featured_media":2455,"comment_status":"open","ping_status":"closed","template":"","meta":{"_et_pb_use_builder":"","_et_pb_old_content":"","_et_gb_content_width":""},"product_brand":[154],"product_cat":[108,80],"product_tag":[],"class_list":{"0":"post-2453","1":"product","2":"type-product","3":"status-publish","4":"has-post-thumbnail","6":"product_brand-tiileri","7":"product_cat-ahjud-kaminahjud","8":"product_cat-keraamiliste-plaatidega-ahjud","9":"pa_brand-tiileri","11":"first","12":"instock","13":"shipping-taxable","14":"purchasable","15":"product-type-simple"},"_links":{"self":[{"href":"https:\/\/kaminameister.ee\/en\/wp-json\/wp\/v2\/product\/2453","targetHints":{"allow":["GET"]}}],"collection":[{"href":"https:\/\/kaminameister.ee\/en\/wp-json\/wp\/v2\/product"}],"about":[{"href":"https:\/\/kaminameister.ee\/en\/wp-json\/wp\/v2\/types\/product"}],"replies":[{"embeddable":true,"href":"https:\/\/kaminameister.ee\/en\/wp-json\/wp\/v2\/comments?post=2453"}],"wp:featuredmedia":[{"embeddable":true,"href":"https:\/\/kaminameister.ee\/en\/wp-json\/wp\/v2\/media\/2455"}],"wp:attachment":[{"href":"https:\/\/kaminameister.ee\/en\/wp-json\/wp\/v2\/media?parent=2453"}],"wp:term":[{"taxonomy":"product_brand","embeddable":true,"href":"https:\/\/kaminameister.ee\/en\/wp-json\/wp\/v2\/product_brand?post=2453"},{"taxonomy":"product_cat","embeddable":true,"href":"https:\/\/kaminameister.ee\/en\/wp-json\/wp\/v2\/product_cat?post=2453"},{"taxonomy":"product_tag","embeddable":true,"href":"https:\/\/kaminameister.ee\/en\/wp-json\/wp\/v2\/product_tag?post=2453"}],"curies":[{"name":"wp","href":"https:\/\/api.w.org\/{rel}","templated":true}]}}