{"id":2452,"date":"2024-06-20T11:23:12","date_gmt":"2024-06-20T08:23:12","guid":{"rendered":"http:\/\/kaminameister.ee\/?post_type=product&#038;p=2452"},"modified":"2026-03-10T18:15:11","modified_gmt":"2026-03-10T16:15:11","slug":"trendi-venla-airtiileri","status":"publish","type":"product","link":"https:\/\/kaminameister.ee\/en\/tooted\/ahjud-kaminahjud\/keraamiliste-plaatidega-ahjud\/trendi-venla-airtiileri\/","title":{"rendered":"Trendi VENLA Air(Tiileri)"},"content":{"rendered":"<p>\u00d5<i>hkk\u00fcttega on v\u00f5imalik saada soojust juba k\u00fctmise alguses. \u00d5hkk\u00fctte temperatuur on maksimaalselt 150\u00b0C.<br \/>\nVenla Airis on ka soojust salvestav sisu pikema soojuse loovutamise jaoks.<\/i><\/p>\n<p><i>Kolde m\u00f5\u00f5t: 400 x 400mm\u00a0 Ukse m\u00f5\u00f5t 410x410mm<\/i><\/p>\n<p><i>Soojussalvestusv\u00f5ime<br \/>\n6,8h &#8211; 100%<br \/>\n20,4h &#8211; 50%<br \/>\n30,4h &#8211; 25%<\/i><\/p>\n<p><i>puuhalgude kogus \/ k\u00fcttekord 12,5kg<\/i><\/p>\n<p><u><i>Keraamiliste plaatide v\u00e4rvivalik:<\/i><\/u><i>\u00a0<\/i><i>royal white ja royal black, matt ja l\u00e4ikiv, monaco light, grey ja black plaadi m\u00f5\u00f5t :1200 x 300 mm<\/i><\/p>\n<p><i>Tagaseinas\u00a0 plaatideta viimistluskate .<\/i><i>Trendi-mudelite plaatimine suurendab nende v\u00e4lism\u00f5\u00f5te u 10mm\/pinna kohta!<\/i><\/p>\n<p><i>Tagaosa katmine keraamiliste plaatidega,lisahind +250\u20ac, pealmise kaane katmine +95\u20ac. Hind ei sisalda pealse nurgaliiste!<\/i><\/p>\n<p><i>Standarduksed on tasapinnalised mustad v\u00f5i malmuksed.Uputatud raamiga v\u00f5i v\u00e4rviline :lisahind + 105\u20ac.<\/i><\/p>\n","protected":false},"excerpt":{"rendered":"<p><em>Kaal: 1250\/1300 kg, k\u00f5rgus: 1640 mm, laius: 730 mm, s\u00fcgavus: 730 mm. kasutegur: 83%, suitsugaasi temperatuur: 175\u00b0C, CO: 0.08%, soojusenergia: 47 kWh\u00a0<\/em><\/p>\n<p><b><i>TRENDI\u00a0 Venla Air<\/i><\/b><i>, mudel alt\u00fchendusega,\u00a0<\/i><b><i>hind: 3 829\u20ac<\/i><\/b><\/p>\n<p><b><i>T<\/i><\/b><i><b>RENDI Venla Air,<\/b>mudel pealt\u00fchendusega,<\/i><b><i>hind: 4 064\u20ac\u00a0<\/i><\/b><\/p>\n<p><i>Hinnale lisandub transport objektile ja soovi korral paigaldus<\/i>.<\/p>\n","protected":false},"featured_media":2340,"comment_status":"open","ping_status":"closed","template":"","meta":{"_et_pb_use_builder":"","_et_pb_old_content":"","_et_gb_content_width":""},"product_brand":[154],"product_cat":[108,80],"product_tag":[],"class_list":{"0":"post-2452","1":"product","2":"type-product","3":"status-publish","4":"has-post-thumbnail","6":"product_brand-tiileri","7":"product_cat-ahjud-kaminahjud","8":"product_cat-keraamiliste-plaatidega-ahjud","9":"pa_brand-tiileri","11":"first","12":"instock","13":"shipping-taxable","14":"purchasable","15":"product-type-simple"},"_links":{"self":[{"href":"https:\/\/kaminameister.ee\/en\/wp-json\/wp\/v2\/product\/2452","targetHints":{"allow":["GET"]}}],"collection":[{"href":"https:\/\/kaminameister.ee\/en\/wp-json\/wp\/v2\/product"}],"about":[{"href":"https:\/\/kaminameister.ee\/en\/wp-json\/wp\/v2\/types\/product"}],"replies":[{"embeddable":true,"href":"https:\/\/kaminameister.ee\/en\/wp-json\/wp\/v2\/comments?post=2452"}],"wp:featuredmedia":[{"embeddable":true,"href":"https:\/\/kaminameister.ee\/en\/wp-json\/wp\/v2\/media\/2340"}],"wp:attachment":[{"href":"https:\/\/kaminameister.ee\/en\/wp-json\/wp\/v2\/media?parent=2452"}],"wp:term":[{"taxonomy":"product_brand","embeddable":true,"href":"https:\/\/kaminameister.ee\/en\/wp-json\/wp\/v2\/product_brand?post=2452"},{"taxonomy":"product_cat","embeddable":true,"href":"https:\/\/kaminameister.ee\/en\/wp-json\/wp\/v2\/product_cat?post=2452"},{"taxonomy":"product_tag","embeddable":true,"href":"https:\/\/kaminameister.ee\/en\/wp-json\/wp\/v2\/product_tag?post=2452"}],"curies":[{"name":"wp","href":"https:\/\/api.w.org\/{rel}","templated":true}]}}