{"id":2451,"date":"2024-06-20T11:12:04","date_gmt":"2024-06-20T08:12:04","guid":{"rendered":"http:\/\/kaminameister.ee\/?post_type=product&#038;p=2451"},"modified":"2026-03-10T18:15:40","modified_gmt":"2026-03-10T16:15:40","slug":"trendi-teemu-tunneltiileri","status":"publish","type":"product","link":"https:\/\/kaminameister.ee\/en\/tooted\/ahjud-kaminahjud\/keraamiliste-plaatidega-ahjud\/trendi-teemu-tunneltiileri\/","title":{"rendered":"Trendi TEEMU Tunnel(Tiileri)"},"content":{"rendered":"<p><i>Kolde ukse m\u00f5\u00f5t: 330 x 410mm\u00a0\u00a0<\/i><i>Kolde m\u00f5\u00f5t: 300 x 580mm<\/i><\/p>\n<p><i>Soojussalvestusv\u00f5ime<br \/>\n10 h &#8211; 100%<br \/>\n29 h &#8211; 50%<br \/>\n46 h &#8211; 25%<\/i><\/p>\n<p><i>maksimaalne puudekogus \/ k\u00fctmiskord: 12 kg(4&#215;3 kg)<\/i><\/p>\n<p><i>Trendi-mudelite plaatimine suurendab nende v\u00e4lism\u00f5\u00f5te u 10mm\/pinna kohta!<\/i><\/p>\n<p><u><i>Keraamiliste plaatide v\u00e4rvivalik:<\/i><\/u><i>\u00a0<\/i><i>royal white ja royal black, matt ja l\u00e4ikiv, monaco light, grey ja black plaadi m\u00f5\u00f5t :1200 x 300 mm<\/i><\/p>\n<p><i>\u00a0pealmise kaane katmine +95\u20ac, hind ei sisalda nurgaliiste.\u00a0 Standarduksed on tasapinnalised mustad v\u00f5i malmuksed.Uputatud raamiga v\u00f5i v\u00e4rviline :lisahind + 105\u20ac x2.\u00a0<\/i><\/p>\n","protected":false},"excerpt":{"rendered":"<p><em>Kaal: 1260\/1500 kg, nominaalv\u00f5imsus: 44 kW, k\u00f5rgus: 1600 mm, laius: 875 mm, s\u00fcgavus: 580 mm, kasutegur: 87%, suitsugaasi temperatuur: 162 \u00b0C<\/em><\/p>\n<p><b><i>TEEMU TUNNEL TRENDI<\/i><\/b><i>, mudel alt\u00fchendusega,\u00a0<\/i><b><i>hind: 4 324 \u20ac<\/i><\/b><\/p>\n<p><b><i>TEEMU TUNNEL TRENDI<\/i><\/b><i>,mudel pealt\u00fchendusega ,<\/i><b><i>hind 4 560 \u20ac<\/i><\/b><\/p>\n<p><i>Hinnale lisandub transport objektile ja soovi korral paigaldus.<\/i><\/p>\n","protected":false},"featured_media":2327,"comment_status":"open","ping_status":"closed","template":"","meta":{"_et_pb_use_builder":"","_et_pb_old_content":"","_et_gb_content_width":""},"product_brand":[154],"product_cat":[108,80],"product_tag":[],"class_list":{"0":"post-2451","1":"product","2":"type-product","3":"status-publish","4":"has-post-thumbnail","6":"product_brand-tiileri","7":"product_cat-ahjud-kaminahjud","8":"product_cat-keraamiliste-plaatidega-ahjud","9":"pa_brand-tiileri","11":"first","12":"instock","13":"shipping-taxable","14":"purchasable","15":"product-type-simple"},"_links":{"self":[{"href":"https:\/\/kaminameister.ee\/en\/wp-json\/wp\/v2\/product\/2451","targetHints":{"allow":["GET"]}}],"collection":[{"href":"https:\/\/kaminameister.ee\/en\/wp-json\/wp\/v2\/product"}],"about":[{"href":"https:\/\/kaminameister.ee\/en\/wp-json\/wp\/v2\/types\/product"}],"replies":[{"embeddable":true,"href":"https:\/\/kaminameister.ee\/en\/wp-json\/wp\/v2\/comments?post=2451"}],"wp:featuredmedia":[{"embeddable":true,"href":"https:\/\/kaminameister.ee\/en\/wp-json\/wp\/v2\/media\/2327"}],"wp:attachment":[{"href":"https:\/\/kaminameister.ee\/en\/wp-json\/wp\/v2\/media?parent=2451"}],"wp:term":[{"taxonomy":"product_brand","embeddable":true,"href":"https:\/\/kaminameister.ee\/en\/wp-json\/wp\/v2\/product_brand?post=2451"},{"taxonomy":"product_cat","embeddable":true,"href":"https:\/\/kaminameister.ee\/en\/wp-json\/wp\/v2\/product_cat?post=2451"},{"taxonomy":"product_tag","embeddable":true,"href":"https:\/\/kaminameister.ee\/en\/wp-json\/wp\/v2\/product_tag?post=2451"}],"curies":[{"name":"wp","href":"https:\/\/api.w.org\/{rel}","templated":true}]}}