{"id":2446,"date":"2024-06-20T10:58:39","date_gmt":"2024-06-20T07:58:39","guid":{"rendered":"http:\/\/kaminameister.ee\/?post_type=product&#038;p=2446"},"modified":"2026-03-10T18:16:37","modified_gmt":"2026-03-10T16:16:37","slug":"trendi-teemu-tiileri","status":"publish","type":"product","link":"https:\/\/kaminameister.ee\/en\/tooted\/ahjud-kaminahjud\/keraamiliste-plaatidega-ahjud\/trendi-teemu-tiileri\/","title":{"rendered":"Trendi TEEMU( Tiileri)"},"content":{"rendered":"<p><i>Kolde ukse m\u00f5\u00f5t: 270 x 410mm\u00a0 \u00a0 <\/i><i>Kolde m\u00f5\u00f5t: 280 x 390mm<\/i><\/p>\n<p><i>Soojussalvestusv\u00f5ime<br \/>\n7,5h &#8211; 100%<br \/>\n23,7h &#8211; 50%<br \/>\n37,8h &#8211; 25%<\/i><\/p>\n<p><i>maksimaalne puudekogus \/ k\u00fctmiskord: 11kg<\/i><\/p>\n<p><b><i>Trendi-mudelite plaatimine suurendab nende v\u00e4lism\u00f5\u00f5te u 10mm\/pinna kohta!<\/i><\/b><\/p>\n<p><em><u>Keraamiliste plaatide v\u00e4rvivalik<\/u>:\u00a0<\/em><em>royal white ja royal black, matt ja l\u00e4ikiv, monaco light, grey ja black plaadi m\u00f5\u00f5t :1200 x 300 mm<\/em><\/p>\n<p><i>Tagaseinas on\u00a0 plaatideta viimistluskate .<\/i><b><i>Tagaosa katmine keraamiliste plaatidega,lisahind +250\u20ac(hinna sees nurgaliistud), pealmise kaane katmine +95\u20ac ,hind ei sisalda nurgaliiste.<\/i><\/b><\/p>\n<p><i>Standarduksed on tasapinnalised mustad v\u00f5i malmuksed.Uputatud raamiga v\u00f5i v\u00e4rviline :lisahind + 105\u20ac.<\/i><\/p>\n","protected":false},"excerpt":{"rendered":"<p><em>Kaal: 1300\/1540 kg, k\u00f5rgus: 1620 mm, laius: 875 mm, s\u00fcgavus: 580 mm, kasutegur: 87%, suitsugaasi temperatuur: 175\u00b0C, CO: 0.07%, soojusenergia: 44 kWh<\/em><\/p>\n<p><b><i>TEEMU TRENDI,<\/i><\/b><i>\u00a0mudel alt\u00fchendusega,\u00a0<\/i><b><i>hind: 3 457\u20ac<\/i><\/b><\/p>\n<p><b><i>T<\/i><\/b><i><b>EEMU TRENDI<\/b>,mudel pealt\u00fchendusega ,<\/i><b><i>hind 3 692\u20ac<\/i><\/b><\/p>\n<p><i>Hinnale lisandub transport objektile ja soovi korral paigaldus.<\/i><\/p>\n<p><em>\u00a0<\/em><\/p>\n","protected":false},"featured_media":2313,"comment_status":"open","ping_status":"closed","template":"","meta":{"_et_pb_use_builder":"","_et_pb_old_content":"","_et_gb_content_width":""},"product_brand":[154],"product_cat":[108,80],"product_tag":[],"class_list":{"0":"post-2446","1":"product","2":"type-product","3":"status-publish","4":"has-post-thumbnail","6":"product_brand-tiileri","7":"product_cat-ahjud-kaminahjud","8":"product_cat-keraamiliste-plaatidega-ahjud","9":"pa_brand-tiileri","11":"first","12":"instock","13":"shipping-taxable","14":"purchasable","15":"product-type-simple"},"_links":{"self":[{"href":"https:\/\/kaminameister.ee\/en\/wp-json\/wp\/v2\/product\/2446","targetHints":{"allow":["GET"]}}],"collection":[{"href":"https:\/\/kaminameister.ee\/en\/wp-json\/wp\/v2\/product"}],"about":[{"href":"https:\/\/kaminameister.ee\/en\/wp-json\/wp\/v2\/types\/product"}],"replies":[{"embeddable":true,"href":"https:\/\/kaminameister.ee\/en\/wp-json\/wp\/v2\/comments?post=2446"}],"wp:featuredmedia":[{"embeddable":true,"href":"https:\/\/kaminameister.ee\/en\/wp-json\/wp\/v2\/media\/2313"}],"wp:attachment":[{"href":"https:\/\/kaminameister.ee\/en\/wp-json\/wp\/v2\/media?parent=2446"}],"wp:term":[{"taxonomy":"product_brand","embeddable":true,"href":"https:\/\/kaminameister.ee\/en\/wp-json\/wp\/v2\/product_brand?post=2446"},{"taxonomy":"product_cat","embeddable":true,"href":"https:\/\/kaminameister.ee\/en\/wp-json\/wp\/v2\/product_cat?post=2446"},{"taxonomy":"product_tag","embeddable":true,"href":"https:\/\/kaminameister.ee\/en\/wp-json\/wp\/v2\/product_tag?post=2446"}],"curies":[{"name":"wp","href":"https:\/\/api.w.org\/{rel}","templated":true}]}}