{"id":2436,"date":"2024-06-20T10:37:43","date_gmt":"2024-06-20T07:37:43","guid":{"rendered":"http:\/\/kaminameister.ee\/?post_type=product&#038;p=2436"},"modified":"2026-03-10T18:17:01","modified_gmt":"2026-03-10T16:17:01","slug":"trendi-wilma-airtiileri","status":"publish","type":"product","link":"https:\/\/kaminameister.ee\/en\/tooted\/ahjud-kaminahjud\/keraamiliste-plaatidega-ahjud\/trendi-wilma-airtiileri\/","title":{"rendered":"Trendi WILMA Air(Tiileri)"},"content":{"rendered":"<p><i>\u00a0 Salvestav ja kuuma \u00f5hku puhuv ahi kolme klaasiga.\u00d5hkk\u00fcttega on v\u00f5imalik saada soojust juba k\u00fctmise alguses. \u00d5hkk\u00fctte temperatuur on maksimaalselt 150\u00b0C.<br \/>\nWilma Airis on ka soojust salvestav sisu pikema soojuse loovutamise jaoks.<\/i><\/p>\n<p><i>Uksed 300 x 750 x 300 mm<\/i><\/p>\n<p><i>Soojussalvestusv\u00f5ime<br \/>\n6,8h &#8211; 100%<br \/>\n20,4h &#8211; 50%<br \/>\n30,4 h &#8211; 25%<\/i><\/p>\n<p><i>puuhalgude kogus \/ k\u00fcttekord 5*2,5 kg.= 12,5kg<\/i><\/p>\n<p><i>Trendi-mudelite plaatimine suurendab nende v\u00e4lism\u00f5\u00f5te u 10mm\/pinna kohta!<\/i><\/p>\n<p><u><i>Keraamiliste plaatide v\u00e4rvivalik:\u00a0<\/i><\/u><i>royal white ja royal black, matt ja l\u00e4ikiv, monaco light, grey ja black\u00a0 plaadi m\u00f5\u00f5t :1200 x 300 mm\u00a0<\/i><\/p>\n<p><b><i>T<\/i><\/b><i>agaseinas on plaatideta viimistluskate .Tagaosa katmine keraamiliste plaatidega,lisahind +250\u20ac(hinna sees nurgaliistud), pealmise kaane katmine +95\u20ac, hind ei sisalda nurgaliiste.<\/i><\/p>\n<p><i>Standarduksed on tasapinnalised mustad v\u00f5i malmuksed.Uputatud raamiga v\u00f5i v\u00e4rviline :lisahind + 105\u20ac.\u00a0<\/i><\/p>\n","protected":false},"excerpt":{"rendered":"<p><em>Kaal: 1200 kg, k\u00f5rgus: 1640 mm, laius: 750 mm, s\u00fcgavus: 750 mm,kasutegur: 83%,suitsugaasi temperatuur: 175\u00b0C,CO: 0.08, soojusenergia: 47 kWh<\/em><\/p>\n<p><b><i>TRENDI Wilma Air,<\/i><\/b><i>\u00a0mudel alt\u00fchendusega,\u00a0<b>hind: 5 439\u20ac.<\/b>\u00a0Kaal 1200 kg<\/i><\/p>\n<p><b><i>TRENDI Wilma Air,\u00a0<\/i><\/b><i>mudel pealt\u00fchendusega,\u00a0<b>hind: 5 675\u20ac<\/b>. Kaal 1250 kg.<\/i><\/p>\n<p><i>Hinnale lisandub transport objektile ja soovi korral paigaldus.<\/i><\/p>\n<p><em>Tehniline joonis:\u00a0 <a href=\"http:\/\/kaminameister.ee\/wp-content\/uploads\/2024\/06\/wilma-air-pohjajoonised.pdf\">Wilma Air p\u00f5hjajoonised<\/a><\/em><\/p>\n","protected":false},"featured_media":2440,"comment_status":"open","ping_status":"closed","template":"","meta":{"_et_pb_use_builder":"","_et_pb_old_content":"","_et_gb_content_width":""},"product_brand":[154],"product_cat":[108,80],"product_tag":[],"class_list":{"0":"post-2436","1":"product","2":"type-product","3":"status-publish","4":"has-post-thumbnail","6":"product_brand-tiileri","7":"product_cat-ahjud-kaminahjud","8":"product_cat-keraamiliste-plaatidega-ahjud","9":"pa_brand-tiileri","11":"first","12":"instock","13":"shipping-taxable","14":"purchasable","15":"product-type-simple"},"_links":{"self":[{"href":"https:\/\/kaminameister.ee\/en\/wp-json\/wp\/v2\/product\/2436","targetHints":{"allow":["GET"]}}],"collection":[{"href":"https:\/\/kaminameister.ee\/en\/wp-json\/wp\/v2\/product"}],"about":[{"href":"https:\/\/kaminameister.ee\/en\/wp-json\/wp\/v2\/types\/product"}],"replies":[{"embeddable":true,"href":"https:\/\/kaminameister.ee\/en\/wp-json\/wp\/v2\/comments?post=2436"}],"wp:featuredmedia":[{"embeddable":true,"href":"https:\/\/kaminameister.ee\/en\/wp-json\/wp\/v2\/media\/2440"}],"wp:attachment":[{"href":"https:\/\/kaminameister.ee\/en\/wp-json\/wp\/v2\/media?parent=2436"}],"wp:term":[{"taxonomy":"product_brand","embeddable":true,"href":"https:\/\/kaminameister.ee\/en\/wp-json\/wp\/v2\/product_brand?post=2436"},{"taxonomy":"product_cat","embeddable":true,"href":"https:\/\/kaminameister.ee\/en\/wp-json\/wp\/v2\/product_cat?post=2436"},{"taxonomy":"product_tag","embeddable":true,"href":"https:\/\/kaminameister.ee\/en\/wp-json\/wp\/v2\/product_tag?post=2436"}],"curies":[{"name":"wp","href":"https:\/\/api.w.org\/{rel}","templated":true}]}}