{"id":2430,"date":"2024-06-19T16:54:09","date_gmt":"2024-06-19T13:54:09","guid":{"rendered":"http:\/\/kaminameister.ee\/?post_type=product&#038;p=2430"},"modified":"2026-03-10T18:18:31","modified_gmt":"2026-03-10T16:18:31","slug":"trendi-saratiileri","status":"publish","type":"product","link":"https:\/\/kaminameister.ee\/en\/tooted\/ahjud-kaminahjud\/keraamiliste-plaatidega-ahjud\/trendi-saratiileri\/","title":{"rendered":"Trendi SARA(Tiileri)"},"content":{"rendered":"<p><i>Kolde m\u00f5\u00f5t: 280 x 310mm<\/i><\/p>\n<p><i>Soojussalvestusv\u00f5ime<br \/>\n6,8h &#8211; 100%<br \/>\n20,4h &#8211; 50%<br \/>\n30,4h &#8211; 25%<\/i><\/p>\n<p><i>maksimaalne puudekogus \/ k\u00fctmiskord: 10kg<\/i><\/p>\n<p><i>Pealt\u00fchendusega mudeli kaal 1000 kg.<\/i><\/p>\n<p><u><i>Keraamiliste plaatide v\u00e4rvivalik:\u00a0<\/i><\/u><i>royal white ja royal black, matt ja l\u00e4ikiv, monaco light, grey ja black\u00a0 plaadi m\u00f5\u00f5t :1200 x 300 mm\u00a0<\/i><\/p>\n<p><i>Tagaseinas on viimistluskate !Tagaosa katmine keraamiliste plaatidega,lisahind +250\u20ac(hinna sees nurgaliistud), pealmise kaane katmine +95\u20ac, hind ei sisalda nurgaliiste.<\/i><\/p>\n<p><i>Standarduksed on tasapinnalised mustad v\u00f5i malmuksed.Uputatud raamiga v\u00f5i v\u00e4rviline :lisahind + 105\u20ac.\u00a0<\/i><\/p>\n<p><a href=\"http:\/\/kaminameister.ee\/wp-content\/uploads\/2024\/06\/sara-joonis.pdf\">Sara joonis<\/a><\/p>\n","protected":false},"excerpt":{"rendered":"<p><em>Kaal: 950\/1000 kg, nominaalv\u00f5imsus: 34.8 kW, k\u00f5rgus: 1690 mm, laius: 740 mm, s\u00fcgavus: 535 mm, kasutegur: 81%, suitsugaasi temperatuur: 186\u00b0C.<\/em><\/p>\n<p><b><i>SARA\u00a0 TRENDI, mudel alt\u00fchendusega, hind: 2 751\u20ac<\/i><\/b><\/p>\n<p><b><i>SARA\u00a0 TRENDI ,mudel pealt\u00fchendusega ,hind 3 073\u20ac<\/i><\/b><i>.\u00a0<\/i><\/p>\n<p><i>Hinnale lisandub transport objektile ja soovi korral paigaldus.<\/i><\/p>\n","protected":false},"featured_media":2279,"comment_status":"open","ping_status":"closed","template":"","meta":{"_et_pb_use_builder":"","_et_pb_old_content":"","_et_gb_content_width":""},"product_brand":[154],"product_cat":[108,80],"product_tag":[],"class_list":{"0":"post-2430","1":"product","2":"type-product","3":"status-publish","4":"has-post-thumbnail","6":"product_brand-tiileri","7":"product_cat-ahjud-kaminahjud","8":"product_cat-keraamiliste-plaatidega-ahjud","9":"pa_brand-tiileri","11":"first","12":"instock","13":"shipping-taxable","14":"purchasable","15":"product-type-simple"},"_links":{"self":[{"href":"https:\/\/kaminameister.ee\/en\/wp-json\/wp\/v2\/product\/2430","targetHints":{"allow":["GET"]}}],"collection":[{"href":"https:\/\/kaminameister.ee\/en\/wp-json\/wp\/v2\/product"}],"about":[{"href":"https:\/\/kaminameister.ee\/en\/wp-json\/wp\/v2\/types\/product"}],"replies":[{"embeddable":true,"href":"https:\/\/kaminameister.ee\/en\/wp-json\/wp\/v2\/comments?post=2430"}],"wp:featuredmedia":[{"embeddable":true,"href":"https:\/\/kaminameister.ee\/en\/wp-json\/wp\/v2\/media\/2279"}],"wp:attachment":[{"href":"https:\/\/kaminameister.ee\/en\/wp-json\/wp\/v2\/media?parent=2430"}],"wp:term":[{"taxonomy":"product_brand","embeddable":true,"href":"https:\/\/kaminameister.ee\/en\/wp-json\/wp\/v2\/product_brand?post=2430"},{"taxonomy":"product_cat","embeddable":true,"href":"https:\/\/kaminameister.ee\/en\/wp-json\/wp\/v2\/product_cat?post=2430"},{"taxonomy":"product_tag","embeddable":true,"href":"https:\/\/kaminameister.ee\/en\/wp-json\/wp\/v2\/product_tag?post=2430"}],"curies":[{"name":"wp","href":"https:\/\/api.w.org\/{rel}","templated":true}]}}