{"id":2372,"date":"2024-06-19T15:26:22","date_gmt":"2024-06-19T12:26:22","guid":{"rendered":"http:\/\/kaminameister.ee\/?post_type=product&#038;p=2372"},"modified":"2025-10-23T11:58:27","modified_gmt":"2025-10-23T08:58:27","slug":"funkkis-lauritiileri","status":"publish","type":"product","link":"https:\/\/kaminameister.ee\/en\/tooted\/ahjud-kaminahjud\/krohvitud-ahjud\/funkkis-lauritiileri\/","title":{"rendered":"Funkkis LAURI(Tiileri)"},"content":{"rendered":"<p><i>Kolde m\u00f5\u00f5t: 390 x 450mm<\/i><\/p>\n<p><i>Soojussalvestusv\u00f5ime<br \/>\n11,3h &#8211; 100%<br \/>\n35,3h &#8211; 50%<br \/>\n53,7h &#8211; 25%<\/i><\/p>\n<p><i>Maksimaalne k\u00fcttepuude kogus \/ k\u00fctmiskord: 15 kg<\/i><\/p>\n<p><i>Mosaiikplaadid ukse \u00fcmber hinna sees.Keraamilise plaadi lisahind + 65\u20ac\/+105\u20ac, lisandub plaadisegu!<br \/>\nNB ! Mudel Lauri on m\u00f5eldud ehitatavaks tulem\u00fc\u00fcri vastu ! Tagaseinas ei ole viimistluskatet,kate 334\u20ac<\/i><\/p>\n<p><i>Standarduksed on tasapinnalised mustad v\u00f5i malmuksed.Uputatud raamiga v\u00f5i v\u00e4rviline :lisahind + 105\u20ac.\u00a0Musta krohvi hinnalisa\u00a0 +195\u20ac<\/i><\/p>\n<p><b><i>Uksega 550*410 :ainult alt\u00fchendus, lisahind:245\u20ac<\/i><\/b><\/p>\n<p><a href=\"http:\/\/kaminameister.ee\/wp-content\/uploads\/2024\/06\/lauri-pohjajoonised.pdf\">Lauri p\u00f5hjajoonised<\/a><\/p>\n","protected":false},"excerpt":{"rendered":"<p><em>Kaal: 2050 kg, k\u00f5rgus: 1900 mm, laius: 1065 mm, s\u00fcgavus: 680 mm, kasutegur: 91%, suitsugaasi temperatuur: 113\u00b0C, CO: 0.15%, soojusenergia: 56 kWh<\/em><\/p>\n<p><b><i>FUNKKIS LAURI,<\/i><\/b><i>\u00a0mudel alt\u00fchendusega,\u00a0<b>hind: 3 705 \u20ac<\/b><\/i><\/p>\n<p><i><b>FUNKKIS LAURI,\u00a0<\/b>mudel pealt\u00fchendusega<b>, hind: 3 940 \u20ac<\/b><\/i><\/p>\n<p><i>Hinnale lisandub transport objektile ja soovi korral paigaldus.<\/i><\/p>\n","protected":false},"featured_media":2376,"comment_status":"open","ping_status":"closed","template":"","meta":{"_et_pb_use_builder":"","_et_pb_old_content":"","_et_gb_content_width":""},"product_brand":[154],"product_cat":[108,81],"product_tag":[],"class_list":{"0":"post-2372","1":"product","2":"type-product","3":"status-publish","4":"has-post-thumbnail","6":"product_brand-tiileri","7":"product_cat-ahjud-kaminahjud","8":"product_cat-krohvitud-ahjud","9":"pa_brand-tiileri","11":"first","12":"instock","13":"shipping-taxable","14":"purchasable","15":"product-type-simple"},"_links":{"self":[{"href":"https:\/\/kaminameister.ee\/en\/wp-json\/wp\/v2\/product\/2372","targetHints":{"allow":["GET"]}}],"collection":[{"href":"https:\/\/kaminameister.ee\/en\/wp-json\/wp\/v2\/product"}],"about":[{"href":"https:\/\/kaminameister.ee\/en\/wp-json\/wp\/v2\/types\/product"}],"replies":[{"embeddable":true,"href":"https:\/\/kaminameister.ee\/en\/wp-json\/wp\/v2\/comments?post=2372"}],"wp:featuredmedia":[{"embeddable":true,"href":"https:\/\/kaminameister.ee\/en\/wp-json\/wp\/v2\/media\/2376"}],"wp:attachment":[{"href":"https:\/\/kaminameister.ee\/en\/wp-json\/wp\/v2\/media?parent=2372"}],"wp:term":[{"taxonomy":"product_brand","embeddable":true,"href":"https:\/\/kaminameister.ee\/en\/wp-json\/wp\/v2\/product_brand?post=2372"},{"taxonomy":"product_cat","embeddable":true,"href":"https:\/\/kaminameister.ee\/en\/wp-json\/wp\/v2\/product_cat?post=2372"},{"taxonomy":"product_tag","embeddable":true,"href":"https:\/\/kaminameister.ee\/en\/wp-json\/wp\/v2\/product_tag?post=2372"}],"curies":[{"name":"wp","href":"https:\/\/api.w.org\/{rel}","templated":true}]}}