{"id":2316,"date":"2024-06-19T14:37:09","date_gmt":"2024-06-19T11:37:09","guid":{"rendered":"http:\/\/kaminameister.ee\/?post_type=product&#038;p=2316"},"modified":"2025-10-23T12:02:26","modified_gmt":"2025-10-23T09:02:26","slug":"funkkis-teemu-550tiileri","status":"publish","type":"product","link":"https:\/\/kaminameister.ee\/en\/tooted\/ahjud-kaminahjud\/krohvitud-ahjud\/funkkis-teemu-550tiileri\/","title":{"rendered":"Funkkis TEEMU 550(Tiileri)"},"content":{"rendered":"<p><i>\u00a0Kolde ukse m\u00f5\u00f5t: 550 x 410mm<\/i><\/p>\n<p><i>Kolde m\u00f5\u00f5t: 460 x 400mm<\/i><\/p>\n<p><i>Soojussalvestusv\u00f5ime<br \/>\n7,5h &#8211; 100%<br \/>\n23,7h &#8211; 50%<br \/>\n37,8h &#8211; 25%<\/i><\/p>\n<p><i>maksimaalne puudekogus \/ k\u00fctmiskord: 11kg (4&#215;2,75 kg.)<\/i><\/p>\n<p><i>Tagaseinas on viimistluskate !<\/i><\/p>\n<p><i>Mosaiikplaadid ukse \u00fcmber hinna sees, s\u00f6e<\/i><i>plaadi lisahind + 63\u20ac\/ +103\u20ac.Lisandub plaadisegu!<\/i><\/p>\n<p><i>Standarduksed on uputatud uksed.Tasapinnalise ukse raamiga v\u00f5i v\u00e4rviline :lisahind + 105\u20ac. Musta krohvi hinnalisa\u00a0 +195\u20ac<\/i><\/p>\n","protected":false},"excerpt":{"rendered":"<p><em>Kaal: 1620 kg, nominaalv\u00f5imsus: 44 kW, k\u00f5rgus: 1900 mm, laius: 1070 mm, s\u00fcgavus: 580 mm, kasutegur: 87%, suitsugaasi temperatuur: 175\u00b0C\u00a0<\/em><\/p>\n<p><em><b>TE<\/b><b>EMU\u00a0 550 FUNKKIS<\/b>, mudel alt\u00fchendusega,\u00a0<b>hind: 3 994\u20ac<\/b><\/em><\/p>\n<p><b><i>TEEMU\u00a0 550 FUNKKIS<\/i><\/b><i>,mudel pealt\u00fchendusega ,<\/i><b><i>hind 4 572\u20ac<\/i><\/b><\/p>\n<p><i>Hinnale lisandub transport objektile ja soovi korral paigaldus.<\/i><\/p>\n","protected":false},"featured_media":2317,"comment_status":"open","ping_status":"closed","template":"","meta":{"_et_pb_use_builder":"","_et_pb_old_content":"","_et_gb_content_width":""},"product_brand":[154],"product_cat":[108,81],"product_tag":[],"class_list":{"0":"post-2316","1":"product","2":"type-product","3":"status-publish","4":"has-post-thumbnail","6":"product_brand-tiileri","7":"product_cat-ahjud-kaminahjud","8":"product_cat-krohvitud-ahjud","9":"pa_brand-tiileri","11":"first","12":"instock","13":"shipping-taxable","14":"purchasable","15":"product-type-simple"},"_links":{"self":[{"href":"https:\/\/kaminameister.ee\/en\/wp-json\/wp\/v2\/product\/2316","targetHints":{"allow":["GET"]}}],"collection":[{"href":"https:\/\/kaminameister.ee\/en\/wp-json\/wp\/v2\/product"}],"about":[{"href":"https:\/\/kaminameister.ee\/en\/wp-json\/wp\/v2\/types\/product"}],"replies":[{"embeddable":true,"href":"https:\/\/kaminameister.ee\/en\/wp-json\/wp\/v2\/comments?post=2316"}],"wp:featuredmedia":[{"embeddable":true,"href":"https:\/\/kaminameister.ee\/en\/wp-json\/wp\/v2\/media\/2317"}],"wp:attachment":[{"href":"https:\/\/kaminameister.ee\/en\/wp-json\/wp\/v2\/media?parent=2316"}],"wp:term":[{"taxonomy":"product_brand","embeddable":true,"href":"https:\/\/kaminameister.ee\/en\/wp-json\/wp\/v2\/product_brand?post=2316"},{"taxonomy":"product_cat","embeddable":true,"href":"https:\/\/kaminameister.ee\/en\/wp-json\/wp\/v2\/product_cat?post=2316"},{"taxonomy":"product_tag","embeddable":true,"href":"https:\/\/kaminameister.ee\/en\/wp-json\/wp\/v2\/product_tag?post=2316"}],"curies":[{"name":"wp","href":"https:\/\/api.w.org\/{rel}","templated":true}]}}