{"id":2306,"date":"2024-06-19T14:31:43","date_gmt":"2024-06-19T11:31:43","guid":{"rendered":"http:\/\/kaminameister.ee\/?post_type=product&#038;p=2306"},"modified":"2025-10-23T12:02:53","modified_gmt":"2025-10-23T09:02:53","slug":"funkkis-teemutiileri","status":"publish","type":"product","link":"https:\/\/kaminameister.ee\/en\/tooted\/ahjud-kaminahjud\/krohvitud-ahjud\/funkkis-teemutiileri\/","title":{"rendered":"Funkkis TEEMU(Tiileri)"},"content":{"rendered":"<p><i>Kolde ukse m\u00f5\u00f5t: 270 x 410mm<\/i><\/p>\n<p><i>Kolde m\u00f5\u00f5t: 280 x 390mm<\/i><\/p>\n<p><i>Soojussalvestusv\u00f5ime<br \/>\n7,5h &#8211; 100%<br \/>\n23,7h &#8211; 50%<br \/>\n37,8h &#8211; 25%<\/i><\/p>\n<p><i>maksimaalne puudekogus \/ k\u00fctmiskord: 11kg<\/i><\/p>\n<p><i>Tagaseinas on viimistluskate !<\/i><\/p>\n<p><i>\u00a0Mosaiikplaadid ukse \u00fcmber hinna sees, s\u00f6eplaadi lisahind + 65\u20ac\/+105\u20ac. Lisandub plaadisegu!<\/i><\/p>\n<p><i>Standarduksed on tasapinnalised mustad v\u00f5i malmuksed.Uputatud raamiga v\u00f5i v\u00e4rviline :lisahind + 105\u20ac.\u00a0Musta krohvi hinnalisa\u00a0 +195\u20ac<\/i><\/p>\n","protected":false},"excerpt":{"rendered":"<p><em>Kaal: 1300\/1540 kg, k\u00f5rgus: 1620 mm, laius: 875 mm, s\u00fcgavus: 580 mm, kasutegur: 87%, suitsugaasi temperatuur: 175\u00b0C, CO: 0.07%, soojusenergia: 44 kWh<\/em><\/p>\n<p><b><i>TEEMU FUNKKIS<\/i><\/b><i>, mudel alt\u00fchendusega,\u00a0<\/i><b><i>hind: 2 691\u20ac<\/i><\/b><\/p>\n<p><b><i>TEEMU FUNKKIS,<\/i><\/b><i>mudel pealt\u00fchendusega<\/i><b><i> ,hind 3 197\u20ac<\/i><\/b><\/p>\n<p><i>Hinnale lisandub transport objektile ja soovi korral paigaldus.<\/i><\/p>\n<p><b><i>v\u00f5imalikud pinnaviimistlused:(must krohv +195\u20ac)<\/i><\/b><\/p>\n","protected":false},"featured_media":2313,"comment_status":"open","ping_status":"closed","template":"","meta":{"_et_pb_use_builder":"","_et_pb_old_content":"","_et_gb_content_width":""},"product_brand":[154],"product_cat":[108,81],"product_tag":[],"class_list":{"0":"post-2306","1":"product","2":"type-product","3":"status-publish","4":"has-post-thumbnail","6":"product_brand-tiileri","7":"product_cat-ahjud-kaminahjud","8":"product_cat-krohvitud-ahjud","9":"pa_brand-tiileri","11":"first","12":"instock","13":"shipping-taxable","14":"purchasable","15":"product-type-simple"},"_links":{"self":[{"href":"https:\/\/kaminameister.ee\/en\/wp-json\/wp\/v2\/product\/2306","targetHints":{"allow":["GET"]}}],"collection":[{"href":"https:\/\/kaminameister.ee\/en\/wp-json\/wp\/v2\/product"}],"about":[{"href":"https:\/\/kaminameister.ee\/en\/wp-json\/wp\/v2\/types\/product"}],"replies":[{"embeddable":true,"href":"https:\/\/kaminameister.ee\/en\/wp-json\/wp\/v2\/comments?post=2306"}],"wp:featuredmedia":[{"embeddable":true,"href":"https:\/\/kaminameister.ee\/en\/wp-json\/wp\/v2\/media\/2313"}],"wp:attachment":[{"href":"https:\/\/kaminameister.ee\/en\/wp-json\/wp\/v2\/media?parent=2306"}],"wp:term":[{"taxonomy":"product_brand","embeddable":true,"href":"https:\/\/kaminameister.ee\/en\/wp-json\/wp\/v2\/product_brand?post=2306"},{"taxonomy":"product_cat","embeddable":true,"href":"https:\/\/kaminameister.ee\/en\/wp-json\/wp\/v2\/product_cat?post=2306"},{"taxonomy":"product_tag","embeddable":true,"href":"https:\/\/kaminameister.ee\/en\/wp-json\/wp\/v2\/product_tag?post=2306"}],"curies":[{"name":"wp","href":"https:\/\/api.w.org\/{rel}","templated":true}]}}