{"id":2282,"date":"2024-06-19T13:57:00","date_gmt":"2024-06-19T10:57:00","guid":{"rendered":"http:\/\/kaminameister.ee\/?post_type=product&#038;p=2282"},"modified":"2025-10-23T12:05:11","modified_gmt":"2025-10-23T09:05:11","slug":"funkkis-victoriatiileri","status":"publish","type":"product","link":"https:\/\/kaminameister.ee\/en\/tooted\/ahjud-kaminahjud\/krohvitud-ahjud\/funkkis-victoriatiileri\/","title":{"rendered":"Funkkis VICTORIA(Tiileri)"},"content":{"rendered":"<p><i>Nurgaklaasiga salvestav ahi<\/i>.<i>Kolde m\u00f5\u00f5t: 345 x 300mm.Fotol ahju plaaditud variant Trendi.<\/i><\/p>\n<p><i>Soojussalvestusv\u00f5ime<br \/>\n6,8h &#8211; 100%<br \/>\n20,4h &#8211; 50%<br \/>\n30,4h &#8211; 25%<\/i><\/p>\n<p><i>maksimaalne puudekogus \/ k\u00fctmiskord: 10kg<\/i><\/p>\n<p><i>Pealt\u00fchendusega mudeli kaal 970 mm.<\/i><\/p>\n<p><i>Tagaseinas on viimistluskate !<\/i><\/p>\n<p><i>\u00a0<\/i><i>Standarduksed on uputatud uksed.Tasapinnalise ukse raamiga v\u00f5i v\u00e4rviline :lisahind + 105\u20ac. Musta krohvi hinnalisa\u00a0 +195\u20ac<\/i><\/p>\n<p>&nbsp;<\/p>\n","protected":false},"excerpt":{"rendered":"<p><em>Kaal: 950\/970 kg, nominaalv\u00f5imsus: 35 kW, k\u00f5rgus: 1690 mm, laius: 740 mm, s\u00fcgavus: 535 mm, kasutegur: 81%, suitsugaasi temperatuur: 186\u00b0C<\/em><\/p>\n<p><b><i>VICTORIA FUNKKIS, mudel alt\u00fchendusega, hind: 3 829\u20ac<\/i><\/b><\/p>\n<p><b><i>VICTORIA\u00a0 FUNKKIS,mudel pealt\u00fchendusega ,hind 4 064\u20ac<\/i><\/b><\/p>\n<p><i>Hinnale lisandub transport objektile ja soovi korral paigaldus.<\/i><\/p>\n<p><em>Tehniline joonis: <a href=\"http:\/\/kaminameister.ee\/wp-content\/uploads\/2024\/06\/victoria-joonis.pdf\">Victoria joonis<\/a><\/em><\/p>\n<p>&nbsp;<\/p>\n","protected":false},"featured_media":2286,"comment_status":"open","ping_status":"closed","template":"","meta":{"_et_pb_use_builder":"","_et_pb_old_content":"","_et_gb_content_width":""},"product_brand":[154],"product_cat":[108,81],"product_tag":[],"class_list":{"0":"post-2282","1":"product","2":"type-product","3":"status-publish","4":"has-post-thumbnail","6":"product_brand-tiileri","7":"product_cat-ahjud-kaminahjud","8":"product_cat-krohvitud-ahjud","9":"pa_brand-tiileri","11":"first","12":"instock","13":"shipping-taxable","14":"purchasable","15":"product-type-simple"},"_links":{"self":[{"href":"https:\/\/kaminameister.ee\/en\/wp-json\/wp\/v2\/product\/2282","targetHints":{"allow":["GET"]}}],"collection":[{"href":"https:\/\/kaminameister.ee\/en\/wp-json\/wp\/v2\/product"}],"about":[{"href":"https:\/\/kaminameister.ee\/en\/wp-json\/wp\/v2\/types\/product"}],"replies":[{"embeddable":true,"href":"https:\/\/kaminameister.ee\/en\/wp-json\/wp\/v2\/comments?post=2282"}],"wp:featuredmedia":[{"embeddable":true,"href":"https:\/\/kaminameister.ee\/en\/wp-json\/wp\/v2\/media\/2286"}],"wp:attachment":[{"href":"https:\/\/kaminameister.ee\/en\/wp-json\/wp\/v2\/media?parent=2282"}],"wp:term":[{"taxonomy":"product_brand","embeddable":true,"href":"https:\/\/kaminameister.ee\/en\/wp-json\/wp\/v2\/product_brand?post=2282"},{"taxonomy":"product_cat","embeddable":true,"href":"https:\/\/kaminameister.ee\/en\/wp-json\/wp\/v2\/product_cat?post=2282"},{"taxonomy":"product_tag","embeddable":true,"href":"https:\/\/kaminameister.ee\/en\/wp-json\/wp\/v2\/product_tag?post=2282"}],"curies":[{"name":"wp","href":"https:\/\/api.w.org\/{rel}","templated":true}]}}