{"id":2221,"date":"2024-06-19T11:47:55","date_gmt":"2024-06-19T08:47:55","guid":{"rendered":"http:\/\/kaminameister.ee\/?post_type=product&#038;p=2221"},"modified":"2025-06-06T17:15:32","modified_gmt":"2025-06-06T14:15:32","slug":"ahi-salzburg-c-convection-nordpeis","status":"publish","type":"product","link":"https:\/\/kaminameister.ee\/en\/tooted\/ahjud-kaminahjud\/moodulahjud\/ahi-salzburg-c-convection-nordpeis\/","title":{"rendered":"ahi Salzburg C Convection (Nordpeis)"},"content":{"rendered":"<p><i><b>Soojussalvestus ja konvektsiooni soojus \u00fches!<\/b><\/i><\/p>\n<p><i>Halupuude pikkus 40 cm<br \/>\nSuitsugaaside v\u00e4ljund \u00d8150 mm<\/i><\/p>\n<p><i>N\u00f5utav vahemaa s\u00fcttivate materjalideni<br \/>\nAhju taga 50 mm<br \/>\nAhju k\u00f5rval 50 mm<\/i><\/p>\n<p><b><i>K\u00f6etav pind: 70 m\u00b2<\/i><\/b><i><br \/>\nSuitsutoru \u00fchendus: Pealt, Tagant<br \/>\nMiinimum t\u00f5mme: 12 Pa<br \/>\nKlaasi kuju: 2-klaasiga<br \/>\nUks avaneb: K\u00fcljele<br \/>\nK\u00fctus: Puu<br \/>\nHalu pikkus: 350 mm<br \/>\nSoojasalvestav: Kuni 24h<\/i><\/p>\n<p><i>K\u00fcttev\u00f5imsus salvestus perioodil 100%-25% 3,6 kW<\/i><\/p>\n<p><i>Soojuse talletamise v\u00f5ime<br \/>\n100% 4,9 tunni p\u00e4rast<br \/>\n50% 14,1 tunni p\u00e4rast<br \/>\n25% 21,7 tunni p\u00e4rast<\/i><\/p>\n<p><i>Talletatud energia 55,6 kWh<\/i><\/p>\n<p><i>Keskmine suitsugaaside temperatuur 140\u00b0C<\/i><\/p>\n<p><i>Ahjupinna temperatuur: 90-140 \u00b0C<\/i><\/p>\n<p><i>K\u00fcttepuude kogus 3 kg<br \/>\nMaks. k\u00fcttepuude lisamisi 5X<br \/>\nLisamise sagedus 1 kord tunnis<br \/>\nK\u00fctmiskordi \u00f6\u00f6p\u00e4evas 1<\/i><\/p>\n<p><i>Garantii: 5 aastat<\/i><\/p>\n<p><i>K\u00d5IK AHJUD TARNITAKSE V\u00c4RVIMATA ! HIND EI SISALDA PAIGALDUST !<\/i><\/p>\n","protected":false},"excerpt":{"rendered":"<p><em>Kaal: 930 kg, nominaalv\u00f5imsus: 3.6 kW, k\u00f5rgus: 1770 mm, laius: 817 mm, s\u00fcgavus: 567 mm, kasutegur: 84%, suitsugaasi temperatuur: 140\u00b0C, CO: 0.1%, k\u00fcttev\u00f5imsus: kuni 70m\u00b2, soojusenergia: 55.6 kWh.<\/em><\/p>\n<p><strong><em>Hind: 8 720\u20ac, kampaaniahind 7 412\u20ac<\/em><\/strong><\/p>\n<p><em>Tehniline joonis: <a href=\"http:\/\/kaminameister.ee\/wp-content\/uploads\/2024\/06\/salzburg-c-tehniline-joonis.pdf\">Salzburg C tehniline joonis<\/a> <a href=\"http:\/\/kaminameister.ee\/wp-content\/uploads\/2024\/06\/salzburg-c-tehniline-ii.pdf\">Salzburg C tehniline II<\/a><\/em><\/p>\n","protected":false},"featured_media":2228,"comment_status":"open","ping_status":"closed","template":"","meta":{"_et_pb_use_builder":"","_et_pb_old_content":"","_et_gb_content_width":""},"product_brand":[148],"product_cat":[108,84,21],"product_tag":[],"class_list":{"0":"post-2221","1":"product","2":"type-product","3":"status-publish","4":"has-post-thumbnail","6":"product_brand-nordpeis","7":"product_cat-ahjud-kaminahjud","8":"product_cat-moodulahjud","9":"product_cat-soodushind","10":"pa_brand-nordpeis","12":"first","13":"instock","14":"sale","15":"shipping-taxable","16":"purchasable","17":"product-type-simple"},"_links":{"self":[{"href":"https:\/\/kaminameister.ee\/en\/wp-json\/wp\/v2\/product\/2221","targetHints":{"allow":["GET"]}}],"collection":[{"href":"https:\/\/kaminameister.ee\/en\/wp-json\/wp\/v2\/product"}],"about":[{"href":"https:\/\/kaminameister.ee\/en\/wp-json\/wp\/v2\/types\/product"}],"replies":[{"embeddable":true,"href":"https:\/\/kaminameister.ee\/en\/wp-json\/wp\/v2\/comments?post=2221"}],"wp:featuredmedia":[{"embeddable":true,"href":"https:\/\/kaminameister.ee\/en\/wp-json\/wp\/v2\/media\/2228"}],"wp:attachment":[{"href":"https:\/\/kaminameister.ee\/en\/wp-json\/wp\/v2\/media?parent=2221"}],"wp:term":[{"taxonomy":"product_brand","embeddable":true,"href":"https:\/\/kaminameister.ee\/en\/wp-json\/wp\/v2\/product_brand?post=2221"},{"taxonomy":"product_cat","embeddable":true,"href":"https:\/\/kaminameister.ee\/en\/wp-json\/wp\/v2\/product_cat?post=2221"},{"taxonomy":"product_tag","embeddable":true,"href":"https:\/\/kaminameister.ee\/en\/wp-json\/wp\/v2\/product_tag?post=2221"}],"curies":[{"name":"wp","href":"https:\/\/api.w.org\/{rel}","templated":true}]}}