{"id":2116,"date":"2024-06-18T15:34:11","date_gmt":"2024-06-18T12:34:11","guid":{"rendered":"http:\/\/kaminameister.ee\/?post_type=product&#038;p=2116"},"modified":"2025-06-26T09:27:33","modified_gmt":"2025-06-26T06:27:33","slug":"termocamino-wf-plus-d-s-a-lanordica-extraflame","status":"publish","type":"product","link":"https:\/\/kaminameister.ee\/en\/tooted\/kaminasudamikud\/keskkutte-kaminasudamed\/termocamino-wf-plus-d-s-a-lanordica-extraflame\/","title":{"rendered":"Termocamino WF Plus D.S.A (LaNordica Extraflame)"},"content":{"rendered":"","protected":false},"excerpt":{"rendered":"<p><em>Nominaalv\u00f5imsus 20.5 kW, k\u00fcttev\u00f5imsus veele nominaalne 11,3 kW. Kaal: 334 kg, k\u00f5rgus: 1585-1625 mm, laius: 846 mm, s\u00fcgavus: 667 mm,kasutegur: 85.5%,suitsugaasi temperatuur 200\u00b0C.<\/em><\/p>\n<p><strong><em>Hind: 5 209\u20ac<\/em><\/strong><\/p>\n<p><em>Tehniline joonis: <a href=\"http:\/\/kaminameister.ee\/wp-content\/uploads\/2024\/06\/termocamino-wf-plus-dsa.pdf\">Termocamino Wf plus DSA<\/a><\/em><\/p>\n","protected":false},"featured_media":2120,"comment_status":"open","ping_status":"closed","template":"","meta":{"_et_pb_use_builder":"","_et_pb_old_content":"","_et_gb_content_width":""},"product_brand":[146],"product_cat":[32,72],"product_tag":[],"class_list":{"0":"post-2116","1":"product","2":"type-product","3":"status-publish","4":"has-post-thumbnail","6":"product_brand-lanordica-extraflame","7":"product_cat-kaminasudamikud","8":"product_cat-keskkutte-kaminasudamed","9":"pa_brand-lanordica-extraflame","11":"first","12":"instock","13":"shipping-taxable","14":"purchasable","15":"product-type-simple"},"_links":{"self":[{"href":"https:\/\/kaminameister.ee\/en\/wp-json\/wp\/v2\/product\/2116","targetHints":{"allow":["GET"]}}],"collection":[{"href":"https:\/\/kaminameister.ee\/en\/wp-json\/wp\/v2\/product"}],"about":[{"href":"https:\/\/kaminameister.ee\/en\/wp-json\/wp\/v2\/types\/product"}],"replies":[{"embeddable":true,"href":"https:\/\/kaminameister.ee\/en\/wp-json\/wp\/v2\/comments?post=2116"}],"wp:featuredmedia":[{"embeddable":true,"href":"https:\/\/kaminameister.ee\/en\/wp-json\/wp\/v2\/media\/2120"}],"wp:attachment":[{"href":"https:\/\/kaminameister.ee\/en\/wp-json\/wp\/v2\/media?parent=2116"}],"wp:term":[{"taxonomy":"product_brand","embeddable":true,"href":"https:\/\/kaminameister.ee\/en\/wp-json\/wp\/v2\/product_brand?post=2116"},{"taxonomy":"product_cat","embeddable":true,"href":"https:\/\/kaminameister.ee\/en\/wp-json\/wp\/v2\/product_cat?post=2116"},{"taxonomy":"product_tag","embeddable":true,"href":"https:\/\/kaminameister.ee\/en\/wp-json\/wp\/v2\/product_tag?post=2116"}],"curies":[{"name":"wp","href":"https:\/\/api.w.org\/{rel}","templated":true}]}}