{"id":2091,"date":"2024-06-18T15:13:25","date_gmt":"2024-06-18T12:13:25","guid":{"rendered":"http:\/\/kaminameister.ee\/?post_type=product&#038;p=2091"},"modified":"2025-06-13T16:13:01","modified_gmt":"2025-06-13T13:13:01","slug":"bef-twin-10-aquatic-ii-10-n-aquatic-iiv-10-aquatic-ii-ja-v-10-n-aquatic-iibef-home","status":"publish","type":"product","link":"https:\/\/kaminameister.ee\/en\/tooted\/kaminasudamikud\/keskkutte-kaminasudamed\/bef-twin-10-aquatic-ii-10-n-aquatic-iiv-10-aquatic-ii-ja-v-10-n-aquatic-iibef-home\/","title":{"rendered":"BeF TWIN 10 Aquatic II, 10 N Aquatic II,V 10 Aquatic II(BeF Home)"},"content":{"rendered":"","protected":false},"excerpt":{"rendered":"<p><i>nominaalv\u00f5imsus: 20 kW, k\u00fcttev\u00f5imsus veele: 6,6 kW,<\/i><i> suitsutoru diameeter 200mm.Ukseraamid : 202+202 \u20ac\u00a0 <\/i><\/p>\n<p><em>Kaal: 297 kg, k\u00f5rgus: 1419 mm, laius: 1020 mm, s\u00fcgavus: 548 mm, kasutegur: 85%, suitsugaasi temperatuur: 204\u00b0C<\/em><\/p>\n<p><strong><em>BeF Twin 10 Aquatic II, hind:\u00a0 4 712\u20ac<\/em><\/strong><\/p>\n<p><em><strong>BeF Twin 10 N Aquatic II, \u00fcks uks klaasiga, teine terasest, hind: 4 948\u20ac<\/strong><\/em><\/p>\n<p><em><strong>BeF Twin V 10 Aquatic II, \u00fche\u00a0 \u00fclest\u00f5stetava uksega, hind 5 456\u20ac\u00a0<\/strong><\/em><\/p>\n<p><em>Tehnilised joonised:\u00a0 <a href=\"http:\/\/kaminameister.ee\/wp-content\/uploads\/2024\/06\/bef-twin-10-aquatic-ii.pdf\">BeF Twin 10 Aquatic II<\/a> <a href=\"http:\/\/kaminameister.ee\/wp-content\/uploads\/2024\/06\/bef-twin-10-n-aquatic-ii.pdf\">BeF Twin 10 N Aquatic II<\/a> <a href=\"http:\/\/kaminameister.ee\/wp-content\/uploads\/2024\/06\/bef-twin-v-10-aquatic-ii.pdf\">BeF Twin V 10 Aquatic II<\/a>\u00a0<\/em><\/p>\n<p>&nbsp;<\/p>\n","protected":false},"featured_media":2092,"comment_status":"open","ping_status":"closed","template":"","meta":{"_et_pb_use_builder":"","_et_pb_old_content":"","_et_gb_content_width":""},"product_brand":[135],"product_cat":[32,72],"product_tag":[],"class_list":{"0":"post-2091","1":"product","2":"type-product","3":"status-publish","4":"has-post-thumbnail","6":"product_brand-bef-home","7":"product_cat-kaminasudamikud","8":"product_cat-keskkutte-kaminasudamed","9":"pa_brand-bef-home","11":"first","12":"instock","13":"shipping-taxable","14":"purchasable","15":"product-type-simple"},"_links":{"self":[{"href":"https:\/\/kaminameister.ee\/en\/wp-json\/wp\/v2\/product\/2091","targetHints":{"allow":["GET"]}}],"collection":[{"href":"https:\/\/kaminameister.ee\/en\/wp-json\/wp\/v2\/product"}],"about":[{"href":"https:\/\/kaminameister.ee\/en\/wp-json\/wp\/v2\/types\/product"}],"replies":[{"embeddable":true,"href":"https:\/\/kaminameister.ee\/en\/wp-json\/wp\/v2\/comments?post=2091"}],"wp:featuredmedia":[{"embeddable":true,"href":"https:\/\/kaminameister.ee\/en\/wp-json\/wp\/v2\/media\/2092"}],"wp:attachment":[{"href":"https:\/\/kaminameister.ee\/en\/wp-json\/wp\/v2\/media?parent=2091"}],"wp:term":[{"taxonomy":"product_brand","embeddable":true,"href":"https:\/\/kaminameister.ee\/en\/wp-json\/wp\/v2\/product_brand?post=2091"},{"taxonomy":"product_cat","embeddable":true,"href":"https:\/\/kaminameister.ee\/en\/wp-json\/wp\/v2\/product_cat?post=2091"},{"taxonomy":"product_tag","embeddable":true,"href":"https:\/\/kaminameister.ee\/en\/wp-json\/wp\/v2\/product_tag?post=2091"}],"curies":[{"name":"wp","href":"https:\/\/api.w.org\/{rel}","templated":true}]}}