{"id":2066,"date":"2024-06-18T15:03:06","date_gmt":"2024-06-18T12:03:06","guid":{"rendered":"http:\/\/kaminameister.ee\/?post_type=product&#038;p=2066"},"modified":"2025-06-13T16:13:44","modified_gmt":"2025-06-13T13:13:44","slug":"bef-twin-8-aquatic-ii-8-n-aquatic-ii-v-8-aquatic-ii-ja-v-8-n-aquatic-iibef-home","status":"publish","type":"product","link":"https:\/\/kaminameister.ee\/en\/tooted\/kaminasudamikud\/keskkutte-kaminasudamed\/bef-twin-8-aquatic-ii-8-n-aquatic-ii-v-8-aquatic-ii-ja-v-8-n-aquatic-iibef-home\/","title":{"rendered":"BeF TWIN 8 AQUATIC II, 8 N Aquatic II, V 8 Aquatic II (Bef Home)"},"content":{"rendered":"","protected":false},"excerpt":{"rendered":"<p><i>nominaalv\u00f5imsus: 14,5 kW, k\u00fcttev\u00f5imsus veele: 4,8 kW,<\/i><i> suitsutoru diameeter 200mm.Ukseraamid : 202+202 \u20ac\u00a0 <\/i><\/p>\n<p><em>Kaal: 255 kg, k\u00f5rgus: 1419 mm, laius: 820 mm, s\u00fcgavus: 550 mm, kasutegur: 84%, suitsugaasi temperatuur: 213\u00b0C<\/em><\/p>\n<p><strong><em>BeF Twin 8 Aquatic II, hind:\u00a0 4 588\u20ac<\/em><\/strong><\/p>\n<p><em><strong>BeF Twin 8 N Aquatic II, \u00fcks uks klaasiga, teine terasest, hind: 4 774\u20ac<\/strong><\/em><\/p>\n<p><em><strong>BeF Twin V 8 Aquatic II, \u00fche\u00a0 \u00fclest\u00f5stetava uksega, hind 5 382\u20ac\u00a0<\/strong><\/em><\/p>\n<p><em>Tehnilised joonised:\u00a0 <a href=\"http:\/\/kaminameister.ee\/wp-content\/uploads\/2024\/06\/bef-twin-8-aquatic-ii.pdf\">BeF Twin 8 Aquatic II<\/a> <a href=\"http:\/\/kaminameister.ee\/wp-content\/uploads\/2024\/06\/bef-twin-8-n-aquatic-ii.pdf\">BeF Twin 8 N Aquatic II<\/a> <a href=\"http:\/\/kaminameister.ee\/wp-content\/uploads\/2024\/06\/bef-twin-v-8-aquatic-ii.pdf\">BeF Twin V 8 Aquatic II<\/a>\u00a0<\/em><\/p>\n<p>&nbsp;<\/p>\n<p>&nbsp;<\/p>\n","protected":false},"featured_media":2079,"comment_status":"open","ping_status":"closed","template":"","meta":{"_et_pb_use_builder":"","_et_pb_old_content":"","_et_gb_content_width":""},"product_brand":[135],"product_cat":[32,72],"product_tag":[],"class_list":{"0":"post-2066","1":"product","2":"type-product","3":"status-publish","4":"has-post-thumbnail","6":"product_brand-bef-home","7":"product_cat-kaminasudamikud","8":"product_cat-keskkutte-kaminasudamed","9":"pa_brand-bef-home","11":"first","12":"instock","13":"shipping-taxable","14":"purchasable","15":"product-type-simple"},"_links":{"self":[{"href":"https:\/\/kaminameister.ee\/en\/wp-json\/wp\/v2\/product\/2066","targetHints":{"allow":["GET"]}}],"collection":[{"href":"https:\/\/kaminameister.ee\/en\/wp-json\/wp\/v2\/product"}],"about":[{"href":"https:\/\/kaminameister.ee\/en\/wp-json\/wp\/v2\/types\/product"}],"replies":[{"embeddable":true,"href":"https:\/\/kaminameister.ee\/en\/wp-json\/wp\/v2\/comments?post=2066"}],"wp:featuredmedia":[{"embeddable":true,"href":"https:\/\/kaminameister.ee\/en\/wp-json\/wp\/v2\/media\/2079"}],"wp:attachment":[{"href":"https:\/\/kaminameister.ee\/en\/wp-json\/wp\/v2\/media?parent=2066"}],"wp:term":[{"taxonomy":"product_brand","embeddable":true,"href":"https:\/\/kaminameister.ee\/en\/wp-json\/wp\/v2\/product_brand?post=2066"},{"taxonomy":"product_cat","embeddable":true,"href":"https:\/\/kaminameister.ee\/en\/wp-json\/wp\/v2\/product_cat?post=2066"},{"taxonomy":"product_tag","embeddable":true,"href":"https:\/\/kaminameister.ee\/en\/wp-json\/wp\/v2\/product_tag?post=2066"}],"curies":[{"name":"wp","href":"https:\/\/api.w.org\/{rel}","templated":true}]}}