{"id":2033,"date":"2024-06-18T14:10:09","date_gmt":"2024-06-18T11:10:09","guid":{"rendered":"http:\/\/kaminameister.ee\/?post_type=product&#038;p=2033"},"modified":"2025-06-13T16:06:48","modified_gmt":"2025-06-13T13:06:48","slug":"bef-aquatic-wh-80-ja-wh-v-80-bef-home","status":"publish","type":"product","link":"https:\/\/kaminameister.ee\/en\/tooted\/kaminasudamikud\/keskkutte-kaminasudamed\/bef-aquatic-wh-80-ja-wh-v-80-bef-home\/","title":{"rendered":"BeF AQUATIC WH 80 ja WH V 80 ja CP\/CL (Bef Home)"},"content":{"rendered":"","protected":false},"excerpt":{"rendered":"<p><i>\u00a0<\/i><i>Nominaalv\u00f5imsus 14,5 KW,k\u00fcttev\u00f5imsus veele nom.10 KW. Suitsutoru diameeter<\/i><i>\u00a0180 mm.\u00a0<\/i><i>M\u00f5\u00f5dud 790*510 , sellest klaasi m\u00f5\u00f5t 750*468 mm<\/i><\/p>\n<p><em>Kaal: 272 kg, K\u00f5rgus: 1444 mm, Laius: 820 mm, S\u00fcgavus: 508 mm, Kasutegur: 84%, Suitsugaasi temperatuur: 191 C<\/em><\/p>\n<p><em><strong>BeF Aquatic WH 80, hind: 4 030\u20ac<\/strong><\/em><\/p>\n<p><b><i>BeF Aquatic WH V 80,<\/i><\/b><i>\u00fcles avaneva uksega<\/i><b><i>, hind 5 270\u20ac<\/i><\/b><\/p>\n<p><b><i>BeF Aquatic WH 80 CP\/CL, <\/i><\/b><i>nurgaklaasiga<\/i><b><i>, hind 4 774\u20ac , BeFAquatic WH V 80 CP\/CL, <\/i><\/b><i>nurgaklaasiga \u00fcles avanev<\/i><b><i>, hind\u00a0<\/i><\/b><b><i>5 890\u20ac<\/i><\/b><\/p>\n<p><em>Tehnilised joonised: <a href=\"http:\/\/kaminameister.ee\/wp-content\/uploads\/2024\/06\/bef-wh-80-aquatic.pdf\">BeF WH 80 Aquatic<\/a> <a href=\"http:\/\/kaminameister.ee\/wp-content\/uploads\/2024\/06\/bef-aquatic-wh-v-80.pdf\">BeF Aquatic WH V 80<\/a> <a href=\"http:\/\/kaminameister.ee\/wp-content\/uploads\/2024\/06\/bef-aquatic-wh-80-cl.pdf\">BeF Aquatic WH 80 CL<\/a> <a href=\"http:\/\/kaminameister.ee\/wp-content\/uploads\/2024\/06\/bef-aquatic-wh-v-80-cp.pdf\">BeF Aquatic WH V 80 CP<\/a><\/em><\/p>\n","protected":false},"featured_media":2046,"comment_status":"open","ping_status":"closed","template":"","meta":{"_et_pb_use_builder":"","_et_pb_old_content":"","_et_gb_content_width":""},"product_brand":[135],"product_cat":[32,72],"product_tag":[],"class_list":{"0":"post-2033","1":"product","2":"type-product","3":"status-publish","4":"has-post-thumbnail","6":"product_brand-bef-home","7":"product_cat-kaminasudamikud","8":"product_cat-keskkutte-kaminasudamed","9":"pa_brand-bef-home","11":"first","12":"instock","13":"shipping-taxable","14":"purchasable","15":"product-type-simple"},"_links":{"self":[{"href":"https:\/\/kaminameister.ee\/en\/wp-json\/wp\/v2\/product\/2033","targetHints":{"allow":["GET"]}}],"collection":[{"href":"https:\/\/kaminameister.ee\/en\/wp-json\/wp\/v2\/product"}],"about":[{"href":"https:\/\/kaminameister.ee\/en\/wp-json\/wp\/v2\/types\/product"}],"replies":[{"embeddable":true,"href":"https:\/\/kaminameister.ee\/en\/wp-json\/wp\/v2\/comments?post=2033"}],"wp:featuredmedia":[{"embeddable":true,"href":"https:\/\/kaminameister.ee\/en\/wp-json\/wp\/v2\/media\/2046"}],"wp:attachment":[{"href":"https:\/\/kaminameister.ee\/en\/wp-json\/wp\/v2\/media?parent=2033"}],"wp:term":[{"taxonomy":"product_brand","embeddable":true,"href":"https:\/\/kaminameister.ee\/en\/wp-json\/wp\/v2\/product_brand?post=2033"},{"taxonomy":"product_cat","embeddable":true,"href":"https:\/\/kaminameister.ee\/en\/wp-json\/wp\/v2\/product_cat?post=2033"},{"taxonomy":"product_tag","embeddable":true,"href":"https:\/\/kaminameister.ee\/en\/wp-json\/wp\/v2\/product_tag?post=2033"}],"curies":[{"name":"wp","href":"https:\/\/api.w.org\/{rel}","templated":true}]}}