{"id":2008,"date":"2024-06-18T13:42:58","date_gmt":"2024-06-18T10:42:58","guid":{"rendered":"http:\/\/kaminameister.ee\/?post_type=product&#038;p=2008"},"modified":"2025-06-13T16:05:43","modified_gmt":"2025-06-13T13:05:43","slug":"bef-aquatic-wh-70-ja-wh-v-70-bef-home","status":"publish","type":"product","link":"https:\/\/kaminameister.ee\/en\/tooted\/kaminasudamikud\/keskkutte-kaminasudamed\/bef-aquatic-wh-70-ja-wh-v-70-bef-home\/","title":{"rendered":"BeF AQUATIC WH 70 ja WH V 70 ja CP\/CL (Bef Home)"},"content":{"rendered":"","protected":false},"excerpt":{"rendered":"<p><i>Nominaalv\u00f5imsus 11 KW,k\u00fcttev\u00f5imsus veele nom. 8 KW.\u00a0 \u00a0<\/i><i>L\u00f5\u00f5ri\u00fchendus 150 mm. <\/i><i>\u00a0<\/i><i>Klaas 670 mm*468 mm. <\/i><em>Kaal: 279 kg, k\u00f5rgus: 1410 mm, laius: 740 mm, s\u00fcgavus: 503 mm, kasutegur: 87%, suitsugaasi temperatuur: 169\u00b0C<\/em><\/p>\n<p><em><strong>BeF Aquatic WH 70, hind:3 212\u20ac\u00a0 \u00a0 \u00a0 \u00a0 \u00a0<\/strong> <i>Ukseraam : 105 \u20ac<\/i><\/em><\/p>\n<p><i><strong>BeF Aquatic WH V 70,<\/strong>\u00fcles avaneva uksega, <\/i><b><i>hind 4 464\u20ac<\/i><\/b><\/p>\n<p><i><strong>BeF Aquatic WH\u00a0 70 CP\/CL, <\/strong>nurgaklaasiga,<\/i><b><i>hind 4 216\u20ac\u00a0 . <\/i><\/b><b><i>BeF Aquatic WH V 70 CP\/CL, <\/i><\/b><i>nurgaklaasiga \u00fcles avanev<\/i><b><i> ,hind\u00a0 <\/i><\/b><b><i>5 580\u20ac<\/i><\/b><\/p>\n<p><em>Tehnilised joonised: <a href=\"http:\/\/kaminameister.ee\/wp-content\/uploads\/2024\/06\/tl-bef-aquatic-wh-70.pdf\">tl-bef-aquatic-wh-70<\/a> <a href=\"http:\/\/kaminameister.ee\/wp-content\/uploads\/2024\/06\/bef-aquatic-wh-v-70.pdf\">BeF Aquatic WH V 70<\/a> <a href=\"http:\/\/kaminameister.ee\/wp-content\/uploads\/2024\/06\/bef-aquatic-wh-70-cl.pdf\">BeF Aquatic WH 70 CL<\/a> <a href=\"http:\/\/kaminameister.ee\/wp-content\/uploads\/2024\/06\/bef-aquatic-wh-v-70-cp.pdf\">BeF Aquatic WH V 70 CP<\/a><\/em><\/p>\n","protected":false},"featured_media":2021,"comment_status":"open","ping_status":"closed","template":"","meta":{"_et_pb_use_builder":"","_et_pb_old_content":"","_et_gb_content_width":""},"product_brand":[135],"product_cat":[32,72],"product_tag":[],"class_list":{"0":"post-2008","1":"product","2":"type-product","3":"status-publish","4":"has-post-thumbnail","6":"product_brand-bef-home","7":"product_cat-kaminasudamikud","8":"product_cat-keskkutte-kaminasudamed","9":"pa_brand-bef-home","11":"first","12":"instock","13":"shipping-taxable","14":"purchasable","15":"product-type-simple"},"_links":{"self":[{"href":"https:\/\/kaminameister.ee\/en\/wp-json\/wp\/v2\/product\/2008","targetHints":{"allow":["GET"]}}],"collection":[{"href":"https:\/\/kaminameister.ee\/en\/wp-json\/wp\/v2\/product"}],"about":[{"href":"https:\/\/kaminameister.ee\/en\/wp-json\/wp\/v2\/types\/product"}],"replies":[{"embeddable":true,"href":"https:\/\/kaminameister.ee\/en\/wp-json\/wp\/v2\/comments?post=2008"}],"wp:featuredmedia":[{"embeddable":true,"href":"https:\/\/kaminameister.ee\/en\/wp-json\/wp\/v2\/media\/2021"}],"wp:attachment":[{"href":"https:\/\/kaminameister.ee\/en\/wp-json\/wp\/v2\/media?parent=2008"}],"wp:term":[{"taxonomy":"product_brand","embeddable":true,"href":"https:\/\/kaminameister.ee\/en\/wp-json\/wp\/v2\/product_brand?post=2008"},{"taxonomy":"product_cat","embeddable":true,"href":"https:\/\/kaminameister.ee\/en\/wp-json\/wp\/v2\/product_cat?post=2008"},{"taxonomy":"product_tag","embeddable":true,"href":"https:\/\/kaminameister.ee\/en\/wp-json\/wp\/v2\/product_tag?post=2008"}],"curies":[{"name":"wp","href":"https:\/\/api.w.org\/{rel}","templated":true}]}}