{"id":1972,"date":"2024-06-18T12:56:19","date_gmt":"2024-06-18T09:56:19","guid":{"rendered":"http:\/\/kaminameister.ee\/?post_type=product&#038;p=1972"},"modified":"2025-06-13T16:14:15","modified_gmt":"2025-06-13T13:14:15","slug":"bef-aqualite-6-aqualite-6-passive-ja-aqualite-7-bef-home","status":"publish","type":"product","link":"https:\/\/kaminameister.ee\/en\/tooted\/kaminasudamikud\/keskkutte-kaminasudamed\/bef-aqualite-6-aqualite-6-passive-ja-aqualite-7-bef-home\/","title":{"rendered":"BeF AQUALITE 6, Aqualite 6 Passive ja Aqualite 7 (BeF Home)"},"content":{"rendered":"","protected":false},"excerpt":{"rendered":"<p><i>Suitsutoru d.150 mm.\u00a0<\/i><\/p>\n<p><b><i>BeF Aqualite 6,hind 3 100\u20ac, <\/i><\/b><i>nominaalv\u00f5imsus: 8 kW, k\u00fcttev\u00f5imsus veele\u00a0 6,42 kW<\/i><i> Kaal 225 kg, n<\/i>ominaalv\u00f5imsus: 8 kW, k\u00f5rgus: 1314 mm, laius: 746 mm, s\u00fcgavus: 422 mm,kasutegur: 86.7%, suitsugaasi temperatuur: 178\u00b0 C<\/p>\n<p><b><i>\u00a0<\/i><\/b><b><i>BeF Aqualite 6 Passive, 3 807\u20ac, <\/i><\/b><i>nominaalv\u00f5imsus: 8 kW, k\u00fcttev\u00f5imsus veele\u00a0 6,42 kW<\/i><i> Kaal 230 kg, nominaalv\u00f5imsus: 8 kW, k\u00f5rgus: 1314 mm, laius: 704 mm, s\u00fcgavus: 437 mm,kasutegur: 87%, suitsugaasi temperatuur: 178\u00b0 C<\/i><\/p>\n<p><b><i>\u00a0<\/i><\/b><b><i>BeF Aqualite 7,hind 3 286\u20ac, <\/i><\/b><i>nominaalv\u00f5imsus: 14 kW, k\u00fcttev\u00f5imsus veele\u00a0 8,5 kW<\/i><i> Kaal 231 kg, nominaalv\u00f5imsus: 14 kW, k\u00f5rgus: 1314 mm, laius: 704 mm, s\u00fcgavus: 437 mm,kasutegur: 87%, suitsugaasi temperatuur: 204\u00b0 C<\/i><\/p>\n<p><em>Tehnilised joonised: <a href=\"http:\/\/kaminameister.ee\/wp-content\/uploads\/2024\/06\/bef-aqualite-6.pdf\">bef aqualite 6<\/a> <a href=\"http:\/\/kaminameister.ee\/wp-content\/uploads\/2024\/06\/bef-aqualite-6-passive.pdf\">BeF Aqualite 6 Passive<\/a>\u00a0 <a href=\"http:\/\/kaminameister.ee\/wp-content\/uploads\/2024\/06\/bef-aqualite-7.pdf\">BeF Aqualite 7<\/a><\/em><\/p>\n","protected":false},"featured_media":1982,"comment_status":"open","ping_status":"closed","template":"","meta":{"_et_pb_use_builder":"","_et_pb_old_content":"","_et_gb_content_width":""},"product_brand":[135],"product_cat":[32,72],"product_tag":[],"class_list":{"0":"post-1972","1":"product","2":"type-product","3":"status-publish","4":"has-post-thumbnail","6":"product_brand-bef-home","7":"product_cat-kaminasudamikud","8":"product_cat-keskkutte-kaminasudamed","9":"pa_brand-bef-home","11":"first","12":"instock","13":"shipping-taxable","14":"purchasable","15":"product-type-simple"},"_links":{"self":[{"href":"https:\/\/kaminameister.ee\/en\/wp-json\/wp\/v2\/product\/1972","targetHints":{"allow":["GET"]}}],"collection":[{"href":"https:\/\/kaminameister.ee\/en\/wp-json\/wp\/v2\/product"}],"about":[{"href":"https:\/\/kaminameister.ee\/en\/wp-json\/wp\/v2\/types\/product"}],"replies":[{"embeddable":true,"href":"https:\/\/kaminameister.ee\/en\/wp-json\/wp\/v2\/comments?post=1972"}],"wp:featuredmedia":[{"embeddable":true,"href":"https:\/\/kaminameister.ee\/en\/wp-json\/wp\/v2\/media\/1982"}],"wp:attachment":[{"href":"https:\/\/kaminameister.ee\/en\/wp-json\/wp\/v2\/media?parent=1972"}],"wp:term":[{"taxonomy":"product_brand","embeddable":true,"href":"https:\/\/kaminameister.ee\/en\/wp-json\/wp\/v2\/product_brand?post=1972"},{"taxonomy":"product_cat","embeddable":true,"href":"https:\/\/kaminameister.ee\/en\/wp-json\/wp\/v2\/product_cat?post=1972"},{"taxonomy":"product_tag","embeddable":true,"href":"https:\/\/kaminameister.ee\/en\/wp-json\/wp\/v2\/product_tag?post=1972"}],"curies":[{"name":"wp","href":"https:\/\/api.w.org\/{rel}","templated":true}]}}