{"id":1967,"date":"2024-06-18T11:57:30","date_gmt":"2024-06-18T08:57:30","guid":{"rendered":"http:\/\/kaminameister.ee\/?post_type=product&#038;p=1967"},"modified":"2025-05-21T16:27:20","modified_gmt":"2025-05-21T13:27:20","slug":"bef-700-rbef-home","status":"publish","type":"product","link":"https:\/\/kaminameister.ee\/en\/tooted\/kaminasudamikud\/kumera-klaasiga\/bef-700-rbef-home\/","title":{"rendered":"BeF 700 R(BeF Home)"},"content":{"rendered":"","protected":false},"excerpt":{"rendered":"<p><em>Vana mudel umbkoldega ja \u0161amottsisuga, n\u00e4idis kaupluses.\u00a0 <\/em><\/p>\n<p><em>Kaal: 135 kg, nominaalv\u00f5imsus: 8.5 kW, k\u00f5rgus: 1053 mm, laius: 690 mm, s\u00fcgavus: 441 mm, kasutegur: 80.2%, suitsugaasi temperatuur: 208\u00b0<\/em><\/p>\n","protected":false},"featured_media":1968,"comment_status":"open","ping_status":"closed","template":"","meta":{"_et_pb_use_builder":"","_et_pb_old_content":"","_et_gb_content_width":""},"product_brand":[135],"product_cat":[32,68,22,21],"product_tag":[],"class_list":{"0":"post-1967","1":"product","2":"type-product","3":"status-publish","4":"has-post-thumbnail","6":"product_brand-bef-home","7":"product_cat-kaminasudamikud","8":"product_cat-kumera-klaasiga","9":"product_cat-leiunurk","10":"product_cat-soodushind","11":"pa_brand-bef-home","13":"first","14":"instock","15":"sale","16":"shipping-taxable","17":"purchasable","18":"product-type-simple"},"_links":{"self":[{"href":"https:\/\/kaminameister.ee\/en\/wp-json\/wp\/v2\/product\/1967","targetHints":{"allow":["GET"]}}],"collection":[{"href":"https:\/\/kaminameister.ee\/en\/wp-json\/wp\/v2\/product"}],"about":[{"href":"https:\/\/kaminameister.ee\/en\/wp-json\/wp\/v2\/types\/product"}],"replies":[{"embeddable":true,"href":"https:\/\/kaminameister.ee\/en\/wp-json\/wp\/v2\/comments?post=1967"}],"wp:featuredmedia":[{"embeddable":true,"href":"https:\/\/kaminameister.ee\/en\/wp-json\/wp\/v2\/media\/1968"}],"wp:attachment":[{"href":"https:\/\/kaminameister.ee\/en\/wp-json\/wp\/v2\/media?parent=1967"}],"wp:term":[{"taxonomy":"product_brand","embeddable":true,"href":"https:\/\/kaminameister.ee\/en\/wp-json\/wp\/v2\/product_brand?post=1967"},{"taxonomy":"product_cat","embeddable":true,"href":"https:\/\/kaminameister.ee\/en\/wp-json\/wp\/v2\/product_cat?post=1967"},{"taxonomy":"product_tag","embeddable":true,"href":"https:\/\/kaminameister.ee\/en\/wp-json\/wp\/v2\/product_tag?post=1967"}],"curies":[{"name":"wp","href":"https:\/\/api.w.org\/{rel}","templated":true}]}}