{"id":1942,"date":"2024-06-18T11:49:41","date_gmt":"2024-06-18T08:49:41","guid":{"rendered":"http:\/\/kaminameister.ee\/?post_type=product&#038;p=1942"},"modified":"2025-06-13T15:55:40","modified_gmt":"2025-06-13T12:55:40","slug":"bef-twin-10-ii-10-n-ii-v-10-ii-ja-v-10-n-iibef-home","status":"publish","type":"product","link":"https:\/\/kaminameister.ee\/en\/tooted\/kaminasudamikud\/kahepoolsed\/bef-twin-10-ii-10-n-ii-v-10-ii-ja-v-10-n-iibef-home\/","title":{"rendered":"BeF Twin 10 II, 10 N II, V 10 II(Bef Home)"},"content":{"rendered":"","protected":false},"excerpt":{"rendered":"<p><i>Kahepoolne suurim kaminas\u00fcdamik, suitsutoru diameeter 200mm.\u00a0<\/i><\/p>\n<p><em>Kaal: 264 kg, nominaalv\u00f5imsus: 14 kW, k\u00f5rgus: 1250 mm, laius: 1020 mm, s\u00fcgavus: 550 mm, kasutegur: 83%, suitsugaasi temperatuur: 242*C, CO: 0.0981%<\/em><\/p>\n<p><em><strong>BeF Twin 10 II, hind: 3 968\u20ac,<\/strong> <strong>BeF Twin 10 N II,<\/strong> \u00fcks klaas, teine terasuks\u00a0 ,<strong>hind: 4 154\u20ac<\/strong>, <strong>BeF Twin V 10 II<\/strong>,kahepoolne \u00fche \u00fclesavaneva klaasuksega , <strong>hind: 4 650\u20ac<\/strong><\/em><em>\u00a0 \u00a0<\/em><\/p>\n<p><em> <i>Ukseraamid : 215+215 \u20ac<\/i><\/em><\/p>\n<p><em>Tehnilised joonised:\u00a0 <a href=\"http:\/\/kaminameister.ee\/wp-content\/uploads\/2024\/06\/bef-twin-10-ii-uus.pdf\">BeF Twin 10 II uus<\/a>\u00a0 <a href=\"http:\/\/kaminameister.ee\/wp-content\/uploads\/2024\/06\/bef-twin-v10-ii.pdf\">BeF Twin V10 II<\/a><a href=\"http:\/\/kaminameister.ee\/wp-content\/uploads\/2024\/06\/bef-twin-v10-n-ii.pdf\">BeF Twin V10 N II<\/a>\u00a0 <a href=\"http:\/\/kaminameister.ee\/wp-content\/uploads\/2024\/06\/bef-twin-10-n-ii.pdf\">BeF Twin 10 N II<\/a><\/em><\/p>\n<p>&nbsp;<\/p>\n","protected":false},"featured_media":1955,"comment_status":"open","ping_status":"closed","template":"","meta":{"_et_pb_use_builder":"","_et_pb_old_content":"","_et_gb_content_width":""},"product_brand":[135],"product_cat":[67,32],"product_tag":[],"class_list":{"0":"post-1942","1":"product","2":"type-product","3":"status-publish","4":"has-post-thumbnail","6":"product_brand-bef-home","7":"product_cat-kahepoolsed","8":"product_cat-kaminasudamikud","9":"pa_brand-bef-home","11":"first","12":"instock","13":"shipping-taxable","14":"purchasable","15":"product-type-simple"},"_links":{"self":[{"href":"https:\/\/kaminameister.ee\/en\/wp-json\/wp\/v2\/product\/1942","targetHints":{"allow":["GET"]}}],"collection":[{"href":"https:\/\/kaminameister.ee\/en\/wp-json\/wp\/v2\/product"}],"about":[{"href":"https:\/\/kaminameister.ee\/en\/wp-json\/wp\/v2\/types\/product"}],"replies":[{"embeddable":true,"href":"https:\/\/kaminameister.ee\/en\/wp-json\/wp\/v2\/comments?post=1942"}],"wp:featuredmedia":[{"embeddable":true,"href":"https:\/\/kaminameister.ee\/en\/wp-json\/wp\/v2\/media\/1955"}],"wp:attachment":[{"href":"https:\/\/kaminameister.ee\/en\/wp-json\/wp\/v2\/media?parent=1942"}],"wp:term":[{"taxonomy":"product_brand","embeddable":true,"href":"https:\/\/kaminameister.ee\/en\/wp-json\/wp\/v2\/product_brand?post=1942"},{"taxonomy":"product_cat","embeddable":true,"href":"https:\/\/kaminameister.ee\/en\/wp-json\/wp\/v2\/product_cat?post=1942"},{"taxonomy":"product_tag","embeddable":true,"href":"https:\/\/kaminameister.ee\/en\/wp-json\/wp\/v2\/product_tag?post=1942"}],"curies":[{"name":"wp","href":"https:\/\/api.w.org\/{rel}","templated":true}]}}