{"id":1917,"date":"2024-06-18T11:30:45","date_gmt":"2024-06-18T08:30:45","guid":{"rendered":"http:\/\/kaminameister.ee\/?post_type=product&#038;p=1917"},"modified":"2026-05-08T11:55:47","modified_gmt":"2026-05-08T08:55:47","slug":"bef-twin-8-ii-8-n-ii-ja-v8-ii-ja-v8-n-iibef-home","status":"publish","type":"product","link":"https:\/\/kaminameister.ee\/en\/tooted\/kaminasudamikud\/kahepoolsed\/bef-twin-8-ii-8-n-ii-ja-v8-ii-ja-v8-n-iibef-home\/","title":{"rendered":"BeF Twin 8 II , 8 N II (Bef Home)"},"content":{"rendered":"","protected":false},"excerpt":{"rendered":"<p><i>Suitsutoru diameeter\u00a0 200mm.<\/i><em>\u00a0Kaal: 198 kg, nominaalv\u00f5imsus: 10 kW, k\u00f5rgus: 1250 mm, laius: 820 mm, s\u00fcgavus: 552 mm, kasutegur: 80%,suitsugaasi temperatuur: 240\u00b0C, CO: 0.0993%<\/em><\/p>\n<p><em><strong>BeF Twin 8 II, hind: 3 472\u20ac.\u00a0 Soodushind: 3 261\u20ac\u00a0 \u00a0 \u00a0 \u00a0 \u00a0 \u00a0 BeF T<\/strong><\/em><em><strong>win 8 N II,<\/strong> \u00fcks uks klasiga, teine klaasita terasuks, <strong>hind:3 658\u20ac<\/strong>\u00a0 \u00a0.<strong>Soodushind: 3 447\u20ac\u00a0<\/strong> \u00a0 \u00a0 \u00a0 <i>Ukseraamid : 208+208 \u20ac<\/i><\/em><\/p>\n<p><em>Tehnilised joonised:\u00a0 <a href=\"http:\/\/kaminameister.ee\/wp-content\/uploads\/2024\/06\/bef-twin-8-ii.pdf\">BeF Twin 8 II<\/a> <a href=\"http:\/\/kaminameister.ee\/wp-content\/uploads\/2024\/06\/bef-twin-8-n-ii.pdf\">BeF Twin 8 N II<\/a>\u00a0<\/em><\/p>\n<p>&nbsp;<\/p>\n","protected":false},"featured_media":1930,"comment_status":"open","ping_status":"closed","template":"","meta":{"_et_pb_use_builder":"","_et_pb_old_content":"","_et_gb_content_width":""},"product_brand":[135],"product_cat":[67,32],"product_tag":[],"class_list":{"0":"post-1917","1":"product","2":"type-product","3":"status-publish","4":"has-post-thumbnail","6":"product_brand-bef-home","7":"product_cat-kahepoolsed","8":"product_cat-kaminasudamikud","9":"pa_brand-bef-home","11":"first","12":"instock","13":"sale","14":"shipping-taxable","15":"purchasable","16":"product-type-simple"},"_links":{"self":[{"href":"https:\/\/kaminameister.ee\/en\/wp-json\/wp\/v2\/product\/1917","targetHints":{"allow":["GET"]}}],"collection":[{"href":"https:\/\/kaminameister.ee\/en\/wp-json\/wp\/v2\/product"}],"about":[{"href":"https:\/\/kaminameister.ee\/en\/wp-json\/wp\/v2\/types\/product"}],"replies":[{"embeddable":true,"href":"https:\/\/kaminameister.ee\/en\/wp-json\/wp\/v2\/comments?post=1917"}],"wp:featuredmedia":[{"embeddable":true,"href":"https:\/\/kaminameister.ee\/en\/wp-json\/wp\/v2\/media\/1930"}],"wp:attachment":[{"href":"https:\/\/kaminameister.ee\/en\/wp-json\/wp\/v2\/media?parent=1917"}],"wp:term":[{"taxonomy":"product_brand","embeddable":true,"href":"https:\/\/kaminameister.ee\/en\/wp-json\/wp\/v2\/product_brand?post=1917"},{"taxonomy":"product_cat","embeddable":true,"href":"https:\/\/kaminameister.ee\/en\/wp-json\/wp\/v2\/product_cat?post=1917"},{"taxonomy":"product_tag","embeddable":true,"href":"https:\/\/kaminameister.ee\/en\/wp-json\/wp\/v2\/product_tag?post=1917"}],"curies":[{"name":"wp","href":"https:\/\/api.w.org\/{rel}","templated":true}]}}