{"id":1910,"date":"2024-06-18T11:10:08","date_gmt":"2024-06-18T08:10:08","guid":{"rendered":"http:\/\/kaminameister.ee\/?post_type=product&#038;p=1910"},"modified":"2026-05-08T11:56:47","modified_gmt":"2026-05-08T08:56:47","slug":"bef-twin-7-cp-cp-voi-cl-cl-bef-home","status":"publish","type":"product","link":"https:\/\/kaminameister.ee\/en\/tooted\/kaminasudamikud\/kahepoolsed\/bef-twin-7-cp-cp-voi-cl-cl-bef-home\/","title":{"rendered":"Bef Twin 7 CP-CP v\u00f5i CL-CL (Bef Home)"},"content":{"rendered":"","protected":false},"excerpt":{"rendered":"<p><i>Kahepoolne kaminas\u00fcdamik, millel on m\u00f5lemal poolel klaasil nurgaklaas, kas paremal,v\u00f5i vasakul. L\u00f5\u00f5ri\u00fchenduse diam. 150mm.\u00a0 \u00a0 <\/i><\/p>\n<p><em>Kaal: 137 kg, nominaalv\u00f5imsus: 7 kW, k\u00f5rgus: 1206 mm, laius: 657 mm, s\u00fcgavus: 551 mm, kasutegur: 81%, suitsugaasi temperatuur: 242*C, CO: 0.084%<\/em><\/p>\n<p><strong><em>Hind: 4 426\u20ac\u00a0 \u00a0 <\/em><\/strong><em><i>Ukseraamid :155-172 \u20ac<\/i><\/em><\/p>\n<p><em>Tehniline joonis: <a href=\"http:\/\/kaminameister.ee\/wp-content\/uploads\/2024\/06\/bef-twin-7-cp-cp.pdf\">BEF twin 7 CP CP<\/a><\/em><\/p>\n<p>&nbsp;<\/p>\n","protected":false},"featured_media":1901,"comment_status":"open","ping_status":"closed","template":"","meta":{"_et_pb_use_builder":"","_et_pb_old_content":"","_et_gb_content_width":""},"product_brand":[135],"product_cat":[67,32],"product_tag":[],"class_list":{"0":"post-1910","1":"product","2":"type-product","3":"status-publish","4":"has-post-thumbnail","6":"product_brand-bef-home","7":"product_cat-kahepoolsed","8":"product_cat-kaminasudamikud","9":"pa_brand-bef-home","11":"first","12":"instock","13":"shipping-taxable","14":"purchasable","15":"product-type-simple"},"_links":{"self":[{"href":"https:\/\/kaminameister.ee\/en\/wp-json\/wp\/v2\/product\/1910","targetHints":{"allow":["GET"]}}],"collection":[{"href":"https:\/\/kaminameister.ee\/en\/wp-json\/wp\/v2\/product"}],"about":[{"href":"https:\/\/kaminameister.ee\/en\/wp-json\/wp\/v2\/types\/product"}],"replies":[{"embeddable":true,"href":"https:\/\/kaminameister.ee\/en\/wp-json\/wp\/v2\/comments?post=1910"}],"wp:featuredmedia":[{"embeddable":true,"href":"https:\/\/kaminameister.ee\/en\/wp-json\/wp\/v2\/media\/1901"}],"wp:attachment":[{"href":"https:\/\/kaminameister.ee\/en\/wp-json\/wp\/v2\/media?parent=1910"}],"wp:term":[{"taxonomy":"product_brand","embeddable":true,"href":"https:\/\/kaminameister.ee\/en\/wp-json\/wp\/v2\/product_brand?post=1910"},{"taxonomy":"product_cat","embeddable":true,"href":"https:\/\/kaminameister.ee\/en\/wp-json\/wp\/v2\/product_cat?post=1910"},{"taxonomy":"product_tag","embeddable":true,"href":"https:\/\/kaminameister.ee\/en\/wp-json\/wp\/v2\/product_tag?post=1910"}],"curies":[{"name":"wp","href":"https:\/\/api.w.org\/{rel}","templated":true}]}}